{"id":236429,"date":"2024-09-04T13:41:40","date_gmt":"2024-09-04T12:41:40","guid":{"rendered":"https:\/\/hse.isi-be.eu\/a-propos-disi\/histoire-disi\/"},"modified":"2024-09-04T14:16:31","modified_gmt":"2024-09-04T13:16:31","slug":"histoire-disi","status":"publish","type":"page","link":"https:\/\/hse.isi-be.eu\/fr\/a-propos-disi\/histoire-disi\/","title":{"rendered":"Histoire d&rsquo;ISI"},"content":{"rendered":"<p>[et_pb_section fb_built=\u00a0\u00bb1&Prime; _builder_version=\u00a0\u00bb4.24.2&Prime; _module_preset=\u00a0\u00bbdefault\u00a0\u00bb locked=\u00a0\u00bboff\u00a0\u00bb global_colors_info=\u00a0\u00bb{}\u00a0\u00bb][et_pb_row _builder_version=\u00a0\u00bb4.24.2&Prime; _module_preset=\u00a0\u00bbdefault\u00a0\u00bb global_colors_info=\u00a0\u00bb{}\u00a0\u00bb][et_pb_column type=\u00a0\u00bb4_4&Prime; _builder_version=\u00a0\u00bb4.24.2&Prime; _module_preset=\u00a0\u00bbdefault\u00a0\u00bb global_colors_info=\u00a0\u00bb{}\u00a0\u00bb][et_pb_text _builder_version=\u00a0\u00bb4.27.0&Prime; _module_preset=\u00a0\u00bbdefault\u00a0\u00bb header_font=\u00a0\u00bbAleo|700||||on|||\u00a0\u00bb header_text_align=\u00a0\u00bbcenter\u00a0\u00bb header_font_size=\u00a0\u00bb35px\u00a0\u00bb global_colors_info=\u00a0\u00bb{}\u00a0\u00bb]<\/p>\n<h1>Histoire d&rsquo;ISI<\/h1>\n<p>[\/et_pb_text][et_pb_text _builder_version=\u00a0\u00bb4.24.2&Prime; _module_preset=\u00a0\u00bbdefault\u00a0\u00bb text_font=\u00a0\u00bbAleo||||||||\u00a0\u00bb text_text_color=\u00a0\u00bb#0f4c81&Prime; text_font_size=\u00a0\u00bb17px\u00a0\u00bb header_2_font=\u00a0\u00bbAleo||||||||\u00a0\u00bb header_2_text_align=\u00a0\u00bbcenter\u00a0\u00bb header_2_font_size=\u00a0\u00bb18px\u00a0\u00bb global_colors_info=\u00a0\u00bb{}\u00a0\u00bb]<\/p>\n<p>ISI a \u00e9t\u00e9 <strong>fond\u00e9e en octobre 1975.<\/strong> On trouve d\u00e9j\u00e0 les premi\u00e8res traces d&rsquo;ISI (Intercontinental Service Inc.) dans le Massachusetts (USA) au d\u00e9but des ann\u00e9es 70.<\/p>\n<p>Le Fran\u00e7ais James Royer, alors directeur commercial d&rsquo;un fabricant am\u00e9ricain de composants militaires, imagine de cr\u00e9er une soci\u00e9t\u00e9 offrant aux fabricants de composants am\u00e9ricains le service de les aider \u00e0 exporter en dehors des Etats-Unis en d\u00e9veloppant pour eux des r\u00e9seaux de distribution en Europe. D&rsquo;o\u00f9 le nom d&rsquo;Intercontinental Services Inc.<\/p>\n<p>La finalisation de cette id\u00e9e se traduit par la cr\u00e9ation d&rsquo;ISI en Belgique en octobre 1975. Rapidement, l&rsquo;activit\u00e9 s&rsquo;\u00e9tend \u00e0 la vente des m\u00eames produits sur le march\u00e9 belgo-luxembourgeois.<\/p>\n<p>En 1978, James Royer cr\u00e9e la soci\u00e9t\u00e9 fran\u00e7aise Microbel et engage <strong>Etienne Neyens pour diriger ISI en Belgique.<\/strong><\/p>\n<p><strong>Fin 1979, la famille Neyens prend le contr\u00f4le de 100 % des actions d&rsquo;ISI.<\/strong> Du fait de l&rsquo;origine des nouveaux actionnaires, l&rsquo;activit\u00e9 de la soci\u00e9t\u00e9 \u00e9volue progressivement vers une sp\u00e9cialisation dans les syst\u00e8mes d&rsquo;instrumentation cl\u00e9s en main pour les grandeurs physiques, en fournissant les capteurs, le conditionnement, l&rsquo;\u00e9lectronique, l&rsquo;acquisition de donn\u00e9es et le logiciel.<\/p>\n<p>ISI est \u00e9galement devenue un<strong> leader en Belgique pour la mesure et la surveillance du bruit et des vibrations.<\/strong><\/p>\n<p>Ces derni\u00e8res ann\u00e9es, de nombreuses solutions se sont orient\u00e9es vers le syst\u00e8me de t\u00e9l\u00e9m\u00e9trie inductive \u00a0\u00bb <strong>sans fil<\/strong> \u00a0\u00bb et \u00a0\u00bb <strong>cloud computing<\/strong> \u00ab\u00a0, la radiofr\u00e9quence renvoyant les donn\u00e9es via GSM\/GPRS.<\/p>\n<p>Entrant dans l&rsquo;\u00e8re num\u00e9rique et faisant face \u00e0 des changements dans divers secteurs, <strong>ISI s&rsquo;est adapt\u00e9e et a \u00e9volu\u00e9<\/strong> pour vous fournir les produits et services qui r\u00e9pondent \u00e0 vos attentes.<\/p>\n<p>Nous avons engag\u00e9 du nouveau personnel, revu notre flux de travail, modernis\u00e9 notre \u00e9quipement d&rsquo;\u00e9talonnage, assist\u00e9 \u00e0 de nombreuses sessions de formation, particip\u00e9 \u00e0 plusieurs salons professionnels et bien plus encore.<\/p>\n<p>En 2020, l&rsquo;objectif d&rsquo;ISI est de se donner les ressources et les outils pour cro\u00eetre tout en maintenant son expertise reconnue et sa qualit\u00e9 de service, toujours dans les d\u00e9lais.<\/p>\n<p>Nous sommes convaincus que <strong>le monde de l&rsquo;HSE est et sera de plus en plus sollicit\u00e9<\/strong> dans les diff\u00e9rents continents et dans la majorit\u00e9 du monde professionnel.<\/p>\n<p>[\/et_pb_text][\/et_pb_column][\/et_pb_row][\/et_pb_section]<\/p>\n","protected":false},"excerpt":{"rendered":"<p>Histoire d&rsquo;ISIISI a \u00e9t\u00e9 fond\u00e9e en octobre 1975. On trouve d\u00e9j\u00e0 les premi\u00e8res traces d&rsquo;ISI (Intercontinental Service Inc.) dans le Massachusetts (USA) au d\u00e9but des ann\u00e9es 70. Le Fran\u00e7ais James Royer, alors directeur commercial d&rsquo;un fabricant am\u00e9ricain de composants militaires, imagine de cr\u00e9er une soci\u00e9t\u00e9 offrant aux fabricants de composants am\u00e9ricains le service de les [&hellip;]<\/p>\n","protected":false},"author":22,"featured_media":0,"parent":236159,"menu_order":1,"comment_status":"closed","ping_status":"closed","template":"","meta":{"_et_pb_use_builder":"on","_et_pb_old_content":"","_et_gb_content_width":"","inline_featured_image":false,"footnotes":""},"class_list":["post-236429","page","type-page","status-publish","hentry"],"_links":{"self":[{"href":"https:\/\/hse.isi-be.eu\/fr\/wp-json\/wp\/v2\/pages\/236429"}],"collection":[{"href":"https:\/\/hse.isi-be.eu\/fr\/wp-json\/wp\/v2\/pages"}],"about":[{"href":"https:\/\/hse.isi-be.eu\/fr\/wp-json\/wp\/v2\/types\/page"}],"author":[{"embeddable":true,"href":"https:\/\/hse.isi-be.eu\/fr\/wp-json\/wp\/v2\/users\/22"}],"replies":[{"embeddable":true,"href":"https:\/\/hse.isi-be.eu\/fr\/wp-json\/wp\/v2\/comments?post=236429"}],"version-history":[{"count":7,"href":"https:\/\/hse.isi-be.eu\/fr\/wp-json\/wp\/v2\/pages\/236429\/revisions"}],"predecessor-version":[{"id":236455,"href":"https:\/\/hse.isi-be.eu\/fr\/wp-json\/wp\/v2\/pages\/236429\/revisions\/236455"}],"up":[{"embeddable":true,"href":"https:\/\/hse.isi-be.eu\/fr\/wp-json\/wp\/v2\/pages\/236159"}],"wp:attachment":[{"href":"https:\/\/hse.isi-be.eu\/fr\/wp-json\/wp\/v2\/media?parent=236429"}],"curies":[{"name":"wp","href":"https:\/\/api.w.org\/{rel}","templated":true}]}}