{"id":236439,"date":"2024-09-04T13:56:47","date_gmt":"2024-09-04T12:56:47","guid":{"rendered":"https:\/\/hse.isi-be.eu\/applications\/"},"modified":"2024-09-04T13:56:50","modified_gmt":"2024-09-04T12:56:50","slug":"applications","status":"publish","type":"page","link":"https:\/\/hse.isi-be.eu\/fr\/applications\/","title":{"rendered":"Applications"},"content":{"rendered":"<p>[et_pb_section fb_built=\u00a0\u00bb1&Prime; _builder_version=\u00a0\u00bb4.24.2&Prime; _module_preset=\u00a0\u00bbdefault\u00a0\u00bb global_colors_info=\u00a0\u00bb{}\u00a0\u00bb][et_pb_row _builder_version=\u00a0\u00bb4.24.2&Prime; _module_preset=\u00a0\u00bbdefault\u00a0\u00bb global_colors_info=\u00a0\u00bb{}\u00a0\u00bb][et_pb_column type=\u00a0\u00bb4_4&Prime; _builder_version=\u00a0\u00bb4.24.2&Prime; _module_preset=\u00a0\u00bbdefault\u00a0\u00bb global_colors_info=\u00a0\u00bb{}\u00a0\u00bb][et_pb_text _builder_version=\u00a0\u00bb4.24.2&Prime; _module_preset=\u00a0\u00bbdefault\u00a0\u00bb header_font=\u00a0\u00bbAleo|700||||on|||\u00a0\u00bb header_text_align=\u00a0\u00bbcenter\u00a0\u00bb header_font_size=\u00a0\u00bb40px\u00a0\u00bb locked=\u00a0\u00bboff\u00a0\u00bb global_colors_info=\u00a0\u00bb{}\u00a0\u00bb]<\/p>\n<h1>Applications<\/h1>\n<p>[\/et_pb_text][\/et_pb_column][\/et_pb_row][\/et_pb_section][et_pb_section fb_built=\u00a0\u00bb1&Prime; fullwidth=\u00a0\u00bbon\u00a0\u00bb theme_builder_area=\u00a0\u00bbpost_content\u00a0\u00bb _builder_version=\u00a0\u00bb4.24.2&Prime; _module_preset=\u00a0\u00bbdefault\u00a0\u00bb animation_style=\u00a0\u00bbzoom\u00a0\u00bb animation_speed_curve=\u00a0\u00bbease\u00a0\u00bb hover_enabled=\u00a0\u00bb0&Prime; sticky_enabled=\u00a0\u00bb0&Prime;][et_pb_fullwidth_slider _builder_version=\u00a0\u00bb4.24.2&Prime; _module_preset=\u00a0\u00bbdefault\u00a0\u00bb theme_builder_area=\u00a0\u00bbpost_content\u00a0\u00bb hover_enabled=\u00a0\u00bb0&Prime; sticky_enabled=\u00a0\u00bb0&Prime;][et_pb_slide heading=\u00a0\u00bbAnalyse de la Concentration de Poussi\u00e8re\u00a0\u00bb button_text=\u00a0\u00bbNotre Gamme de Produits\u00a0\u00bb _builder_version=\u00a0\u00bb4.24.2&Prime; _module_preset=\u00a0\u00bbdefault\u00a0\u00bb theme_builder_area=\u00a0\u00bbpost_content\u00a0\u00bb title_text=\u00a0\u00bbVibrations\u00a0\u00bb background_enable_color=\u00a0\u00bboff\u00a0\u00bb background_image=\u00a0\u00bbhttps:\/\/hse.isi-be.eu\/wp-content\/uploads\/2024\/08\/Vibrations.jpg\u00a0\u00bb background_enable_image=\u00a0\u00bbon\u00a0\u00bb hover_enabled=\u00a0\u00bb0&Prime; sticky_enabled=\u00a0\u00bb0&Prime; header_level=\u00a0\u00bbh2&Prime; header_font=\u00a0\u00bbAleo|700|||||||\u00a0\u00bb header_text_color=\u00a0\u00bb#f25a00&Prime; body_font=\u00a0\u00bbAleo|700|on||||||\u00a0\u00bb body_font_size=\u00a0\u00bb16px\u00a0\u00bb]<\/p>\n<p>L&rsquo;analyse de la concentration de poussi\u00e8res sur les sites industriels est facilit\u00e9e et pr\u00e9cise gr\u00e2ce au dustdetective de Casella.<\/p>\n<p>Un moyen simple d&rsquo;\u00e9valuer l&rsquo;\u00e9volution de la concentration de poussi\u00e8res sur un poste de travail complet, vous aidant \u00e0 prendre des d\u00e9cisions pour am\u00e9liorer le bien-\u00eatre de chacun sur le site.<\/p>\n<p>[\/et_pb_slide][et_pb_slide heading=\u00a0\u00bbMesure WBGT sur site\u00a0\u00bb button_text=\u00a0\u00bbNotre Gamme de Produits\u00a0\u00bb _builder_version=\u00a0\u00bb4.24.2&Prime; _module_preset=\u00a0\u00bbdefault\u00a0\u00bb theme_builder_area=\u00a0\u00bbpost_content\u00a0\u00bb background_enable_color=\u00a0\u00bboff\u00a0\u00bb title_text=\u00a0\u00bbWBGT\u00a0\u00bb background_image=\u00a0\u00bbhttps:\/\/hse.isi-be.eu\/wp-content\/uploads\/2024\/08\/WBGT.jpg\u00a0\u00bb background_enable_image=\u00a0\u00bbon\u00a0\u00bb header_level=\u00a0\u00bbh2&Prime; header_font=\u00a0\u00bbAleo|700|||||||\u00a0\u00bb header_text_color=\u00a0\u00bb#f25a00&Prime; body_font=\u00a0\u00bbAleo|700|||||||\u00a0\u00bb body_font_size=\u00a0\u00bb16px\u00a0\u00bb hover_enabled=\u00a0\u00bb0&Prime; sticky_enabled=\u00a0\u00bb0&Prime;]<\/p>\n<p>De nombreux travailleurs sont expos\u00e9s \u00e0 des contraintes de chaleur ou de froid et la mesure de la WBGT est cruciale et l&rsquo;analyse des risques est obligatoire pour garantir de bonnes conditions de travail.<\/p>\n<p>Nous vous proposons une solution compl\u00e8te compos\u00e9e de plusieurs points de mesure ainsi qu&rsquo;une solution logicielle pro qui mettra tout cela en perspective et vous aidera \u00e0 prendre la bonne d\u00e9cision.<\/p>\n<p>[\/et_pb_slide][et_pb_slide heading=\u00a0\u00bbDosim\u00e8tre personnel de Bruit\u00a0\u00bb button_text=\u00a0\u00bbNotre Gamme de Produits\u00a0\u00bb _builder_version=\u00a0\u00bb4.24.2&Prime; _module_preset=\u00a0\u00bbdefault\u00a0\u00bb theme_builder_area=\u00a0\u00bbpost_content\u00a0\u00bb hover_enabled=\u00a0\u00bb0&Prime; sticky_enabled=\u00a0\u00bb0&Prime; background_enable_color=\u00a0\u00bboff\u00a0\u00bb title_text=\u00a0\u00bbNoise\u00a0\u00bb background_image=\u00a0\u00bbhttps:\/\/hse.isi-be.eu\/wp-content\/uploads\/2024\/08\/Noise-1.jpg\u00a0\u00bb background_enable_image=\u00a0\u00bbon\u00a0\u00bb header_font=\u00a0\u00bbAleo|700|||||||\u00a0\u00bb header_text_color=\u00a0\u00bb#f25a00&Prime; body_font=\u00a0\u00bbAleo|700|||||||\u00a0\u00bb body_font_size=\u00a0\u00bb16px\u00a0\u00bb]<\/p>\n<p>Mesurer l&rsquo;exposition de tous les travailleurs au cours d&rsquo;une p\u00e9riode de travail compl\u00e8te devient facile gr\u00e2ce \u00e0 des appareils de mesure pr\u00e9cis et connect\u00e9s.<\/p>\n<p>[\/et_pb_slide][\/et_pb_fullwidth_slider][\/et_pb_section][et_pb_section fb_built=\u00a0\u00bb1&Prime; _builder_version=\u00a0\u00bb4.24.2&Prime; _module_preset=\u00a0\u00bbdefault\u00a0\u00bb hover_enabled=\u00a0\u00bb0&Prime; global_colors_info=\u00a0\u00bb{}\u00a0\u00bb custom_margin=\u00a0\u00bb100px||||false|false\u00a0\u00bb sticky_enabled=\u00a0\u00bb0&Prime;][et_pb_row _builder_version=\u00a0\u00bb4.24.2&Prime; _module_preset=\u00a0\u00bbdefault\u00a0\u00bb][et_pb_column _builder_version=\u00a0\u00bb4.24.2&Prime; _module_preset=\u00a0\u00bbdefault\u00a0\u00bb type=\u00a0\u00bb4_4&Prime;][et_pb_text _builder_version=\u00a0\u00bb4.24.2&Prime; _module_preset=\u00a0\u00bbdefault\u00a0\u00bb header_font=\u00a0\u00bbAleo|700||||on|||\u00a0\u00bb header_2_font=\u00a0\u00bbAleo|700|||on|on|||\u00a0\u00bb header_2_text_align=\u00a0\u00bbcenter\u00a0\u00bb header_2_font_size=\u00a0\u00bb35px\u00a0\u00bb hover_enabled=\u00a0\u00bb0&Prime; sticky_enabled=\u00a0\u00bb0&Prime;]<\/p>\n<h2>\u00c9tudes de cas<\/h2>\n<p>[\/et_pb_text][\/et_pb_column][\/et_pb_row][et_pb_row _builder_version=\u00a0\u00bb4.24.2&Prime; _module_preset=\u00a0\u00bbdefault\u00a0\u00bb][et_pb_column _builder_version=\u00a0\u00bb4.24.2&Prime; _module_preset=\u00a0\u00bbdefault\u00a0\u00bb type=\u00a0\u00bb4_4&Prime;][et_pb_post_slider _builder_version=\u00a0\u00bb4.24.2&Prime; _module_preset=\u00a0\u00bbdefault\u00a0\u00bb hover_enabled=\u00a0\u00bb0&Prime; sticky_enabled=\u00a0\u00bb0&Prime;][\/et_pb_post_slider][\/et_pb_column][\/et_pb_row][\/et_pb_section]<\/p>\n","protected":false},"excerpt":{"rendered":"<p>ApplicationsL&rsquo;analyse de la concentration de poussi\u00e8res sur les sites industriels est facilit\u00e9e et pr\u00e9cise gr\u00e2ce au dustdetective de Casella. Un moyen simple d&rsquo;\u00e9valuer l&rsquo;\u00e9volution de la concentration de poussi\u00e8res sur un poste de travail complet, vous aidant \u00e0 prendre des d\u00e9cisions pour am\u00e9liorer le bien-\u00eatre de chacun sur le site.De nombreux travailleurs sont expos\u00e9s \u00e0 [&hellip;]<\/p>\n","protected":false},"author":22,"featured_media":0,"parent":0,"menu_order":0,"comment_status":"closed","ping_status":"closed","template":"","meta":{"_et_pb_use_builder":"on","_et_pb_old_content":"","_et_gb_content_width":"","inline_featured_image":false,"footnotes":""},"class_list":["post-236439","page","type-page","status-publish","hentry"],"_links":{"self":[{"href":"https:\/\/hse.isi-be.eu\/fr\/wp-json\/wp\/v2\/pages\/236439"}],"collection":[{"href":"https:\/\/hse.isi-be.eu\/fr\/wp-json\/wp\/v2\/pages"}],"about":[{"href":"https:\/\/hse.isi-be.eu\/fr\/wp-json\/wp\/v2\/types\/page"}],"author":[{"embeddable":true,"href":"https:\/\/hse.isi-be.eu\/fr\/wp-json\/wp\/v2\/users\/22"}],"replies":[{"embeddable":true,"href":"https:\/\/hse.isi-be.eu\/fr\/wp-json\/wp\/v2\/comments?post=236439"}],"version-history":[{"count":2,"href":"https:\/\/hse.isi-be.eu\/fr\/wp-json\/wp\/v2\/pages\/236439\/revisions"}],"predecessor-version":[{"id":236441,"href":"https:\/\/hse.isi-be.eu\/fr\/wp-json\/wp\/v2\/pages\/236439\/revisions\/236441"}],"wp:attachment":[{"href":"https:\/\/hse.isi-be.eu\/fr\/wp-json\/wp\/v2\/media?parent=236439"}],"curies":[{"name":"wp","href":"https:\/\/api.w.org\/{rel}","templated":true}]}}