{"id":233997,"date":"2024-06-10T16:24:01","date_gmt":"2024-06-10T15:24:01","guid":{"rendered":"https:\/\/hse.isi-be.eu\/sv803-moniteur-de-vibrations-sans-fil\/"},"modified":"2024-09-10T15:40:49","modified_gmt":"2024-09-10T14:40:49","slug":"sv803-moniteur-de-vibrations-sans-fil","status":"publish","type":"product","link":"https:\/\/hse.isi-be.eu\/fr\/vibrations-fr\/sv803-moniteur-de-vibrations-sans-fil\/","title":{"rendered":"SV803 &#8211; Moniteur de Vibrations Sans Fil"},"content":{"rendered":"<p>[et_pb_section fb_built=\u00a0\u00bb1&Prime; _builder_version=\u00a0\u00bb4.16&Prime; custom_padding=\u00a0\u00bb0px||||false|false\u00a0\u00bb global_colors_info=\u00a0\u00bb{}\u00a0\u00bb][et_pb_row _builder_version=\u00a0\u00bb4.16&Prime; background_size=\u00a0\u00bbinitial\u00a0\u00bb background_position=\u00a0\u00bbtop_left\u00a0\u00bb background_repeat=\u00a0\u00bbrepeat\u00a0\u00bb width=\u00a0\u00bb100%\u00a0\u00bb custom_padding=\u00a0\u00bb0px||0px||false|false\u00a0\u00bb global_colors_info=\u00a0\u00bb{}\u00a0\u00bb][et_pb_column type=\u00a0\u00bb4_4&Prime; _builder_version=\u00a0\u00bb4.16&Prime; custom_padding=\u00a0\u00bb|||\u00a0\u00bb global_colors_info=\u00a0\u00bb{}\u00a0\u00bb custom_padding__hover=\u00a0\u00bb|||\u00a0\u00bb][et_pb_wc_breadcrumb _builder_version=\u00a0\u00bb4.16&Prime; global_colors_info=\u00a0\u00bb{}\u00a0\u00bb][\/et_pb_wc_breadcrumb][\/et_pb_column][\/et_pb_row][et_pb_row column_structure=\u00a0\u00bb1_2,1_2&Prime; _builder_version=\u00a0\u00bb4.16&Prime; background_size=\u00a0\u00bbinitial\u00a0\u00bb background_position=\u00a0\u00bbtop_left\u00a0\u00bb background_repeat=\u00a0\u00bbrepeat\u00a0\u00bb width=\u00a0\u00bb100%\u00a0\u00bb custom_padding=\u00a0\u00bb0px||||false|false\u00a0\u00bb global_colors_info=\u00a0\u00bb{}\u00a0\u00bb][et_pb_column type=\u00a0\u00bb1_2&Prime; _builder_version=\u00a0\u00bb4.16&Prime; custom_padding=\u00a0\u00bb|||\u00a0\u00bb global_colors_info=\u00a0\u00bb{}\u00a0\u00bb custom_padding__hover=\u00a0\u00bb|||\u00a0\u00bb][et_pb_wc_images _builder_version=\u00a0\u00bb4.16&Prime; global_colors_info=\u00a0\u00bb{}\u00a0\u00bb][\/et_pb_wc_images][\/et_pb_column][et_pb_column type=\u00a0\u00bb1_2&Prime; _builder_version=\u00a0\u00bb4.16&Prime; custom_padding=\u00a0\u00bb|||\u00a0\u00bb global_colors_info=\u00a0\u00bb{}\u00a0\u00bb custom_padding__hover=\u00a0\u00bb|||\u00a0\u00bb][et_pb_wc_title _builder_version=\u00a0\u00bb4.16&Prime; global_colors_info=\u00a0\u00bb{}\u00a0\u00bb][\/et_pb_wc_title][et_pb_wc_description _builder_version=\u00a0\u00bb4.16&Prime; global_colors_info=\u00a0\u00bb{}\u00a0\u00bb][\/et_pb_wc_description][et_pb_button button_url=\u00a0\u00bb&lt;p&gt;https:\/\/hse.isi-be.eu\/get-a-quote-or-rent-now\/&lt;\/p&gt;\u00a0\u00bb button_text=\u00a0\u00bbDemandez un Devis une Offre de Location\u00a0\u00bb _builder_version=\u00a0\u00bb4.24.2&Prime; _module_preset=\u00a0\u00bbdefault\u00a0\u00bb global_colors_info=\u00a0\u00bb{}\u00a0\u00bb][\/et_pb_button][et_pb_wc_meta _builder_version=\u00a0\u00bb4.24.2&Prime; _module_preset=\u00a0\u00bbdefault\u00a0\u00bb global_colors_info=\u00a0\u00bb{}\u00a0\u00bb][\/et_pb_wc_meta][\/et_pb_column][\/et_pb_row][et_pb_row _builder_version=\u00a0\u00bb4.16&Prime; background_size=\u00a0\u00bbinitial\u00a0\u00bb background_position=\u00a0\u00bbtop_left\u00a0\u00bb background_repeat=\u00a0\u00bbrepeat\u00a0\u00bb width=\u00a0\u00bb100%\u00a0\u00bb global_colors_info=\u00a0\u00bb{}\u00a0\u00bb][et_pb_column type=\u00a0\u00bb4_4&Prime; _builder_version=\u00a0\u00bb4.16&Prime; custom_padding=\u00a0\u00bb|||\u00a0\u00bb global_colors_info=\u00a0\u00bb{}\u00a0\u00bb custom_padding__hover=\u00a0\u00bb|||\u00a0\u00bb][et_pb_tabs _builder_version=\u00a0\u00bb4.24.2&Prime; _module_preset=\u00a0\u00bbdefault\u00a0\u00bb global_colors_info=\u00a0\u00bb{}\u00a0\u00bb][et_pb_tab title=\u00a0\u00bbDescription\u00a0\u00bb _builder_version=\u00a0\u00bb4.24.2&Prime; _module_preset=\u00a0\u00bbdefault\u00a0\u00bb global_colors_info=\u00a0\u00bb{}\u00a0\u00bb][\/et_pb_tab][\/et_pb_tabs][\/et_pb_column][\/et_pb_row][\/et_pb_section]<\/p>\n","protected":false},"excerpt":{"rendered":"<p>Avec le d\u00e9veloppement du SV 803, le nouveau syst\u00e8me de surveillance des vibrations sans fil de Svantek, les professionnels disposent d\u00e9sormais d&rsquo;un appareil de surveillance de pointe. Sp\u00e9cialement con\u00e7u pour la surveillance sans fil des vibrations du sol et des b\u00e2timents dans diverses conditions environnementales, cet appareil utilise des g\u00e9ophones comme principaux capteurs de vibrations.<\/p>\n<p>Ces sp\u00e9cifications \u00e9lev\u00e9es permettent \u00e0 l&rsquo;appareil de surveiller les vibrations du sol et des b\u00e2timents conform\u00e9ment aux techniques de mesure d\u00e9crites dans les normes DIN 4150-3 et BS 7385-2. La classification de classe 1 de l&rsquo;appareil en fait un choix id\u00e9al pour l&rsquo;analyse technique et la surveillance sur le terrain, car il est capable de fournir des mesures fiables et pr\u00e9cises.<\/p>\n<p>Fiche technique<\/p>\n","protected":false},"featured_media":233998,"template":"","meta":{"_et_pb_use_builder":"on","_et_pb_old_content":"","_et_gb_content_width":"","inline_featured_image":false},"pwb-brand":[1033],"product_cat":[1102],"product_tag":[],"class_list":{"0":"post-233997","1":"product","2":"type-product","3":"status-publish","4":"has-post-thumbnail","6":"pwb-brand-svantek-fr","7":"product_cat-vibrations-fr","9":"first","10":"instock","11":"shipping-taxable","12":"product-type-simple"},"brands":[{"id":1033,"name":"Svantek","slug":"svantek-fr"}],"_links":{"self":[{"href":"https:\/\/hse.isi-be.eu\/fr\/wp-json\/wp\/v2\/product\/233997"}],"collection":[{"href":"https:\/\/hse.isi-be.eu\/fr\/wp-json\/wp\/v2\/product"}],"about":[{"href":"https:\/\/hse.isi-be.eu\/fr\/wp-json\/wp\/v2\/types\/product"}],"wp:featuredmedia":[{"embeddable":true,"href":"https:\/\/hse.isi-be.eu\/fr\/wp-json\/wp\/v2\/media\/233998"}],"wp:attachment":[{"href":"https:\/\/hse.isi-be.eu\/fr\/wp-json\/wp\/v2\/media?parent=233997"}],"wp:term":[{"taxonomy":"pwb-brand","embeddable":true,"href":"https:\/\/hse.isi-be.eu\/fr\/wp-json\/wp\/v2\/pwb-brand?post=233997"},{"taxonomy":"product_cat","embeddable":true,"href":"https:\/\/hse.isi-be.eu\/fr\/wp-json\/wp\/v2\/product_cat?post=233997"},{"taxonomy":"product_tag","embeddable":true,"href":"https:\/\/hse.isi-be.eu\/fr\/wp-json\/wp\/v2\/product_tag?post=233997"}],"curies":[{"name":"wp","href":"https:\/\/api.w.org\/{rel}","templated":true}]}}