{"id":234052,"date":"2023-03-30T15:06:07","date_gmt":"2023-03-30T14:06:07","guid":{"rendered":"https:\/\/hse.isi-be.eu\/sv106d-mesureur-de-vibrations-humaines\/"},"modified":"2024-09-10T15:41:39","modified_gmt":"2024-09-10T14:41:39","slug":"sv106d-mesureur-de-vibrations-humaines","status":"publish","type":"product","link":"https:\/\/hse.isi-be.eu\/fr\/vibrations-fr\/vibrations-main-bras\/sv106d-mesureur-de-vibrations-humaines\/","title":{"rendered":"SV106D &#8211; Mesureur de Vibrations Humaines"},"content":{"rendered":"<p>[et_pb_section fb_built=\u00a0\u00bb1&Prime; _builder_version=\u00a0\u00bb4.16&Prime; background_color=\u00a0\u00bb#ffffff\u00a0\u00bb background_enable_image=\u00a0\u00bboff\u00a0\u00bb custom_padding=\u00a0\u00bb0px||0px||false|false\u00a0\u00bb global_colors_info=\u00a0\u00bb{}\u00a0\u00bb][et_pb_row _builder_version=\u00a0\u00bb4.16&Prime; background_size=\u00a0\u00bbinitial\u00a0\u00bb background_position=\u00a0\u00bbtop_left\u00a0\u00bb background_repeat=\u00a0\u00bbrepeat\u00a0\u00bb width=\u00a0\u00bb100%\u00a0\u00bb custom_padding=\u00a0\u00bb0px||0px||false|false\u00a0\u00bb collapsed=\u00a0\u00bbon\u00a0\u00bb global_colors_info=\u00a0\u00bb{}\u00a0\u00bb][et_pb_column type=\u00a0\u00bb4_4&Prime; _builder_version=\u00a0\u00bb4.16&Prime; custom_padding=\u00a0\u00bb|||\u00a0\u00bb global_colors_info=\u00a0\u00bb{}\u00a0\u00bb custom_padding__hover=\u00a0\u00bb|||\u00a0\u00bb][et_pb_wc_breadcrumb _builder_version=\u00a0\u00bb4.16&Prime; global_colors_info=\u00a0\u00bb{}\u00a0\u00bb][\/et_pb_wc_breadcrumb][\/et_pb_column][\/et_pb_row][et_pb_row column_structure=\u00a0\u00bb1_2,1_2&Prime; _builder_version=\u00a0\u00bb4.16&Prime; background_size=\u00a0\u00bbinitial\u00a0\u00bb background_position=\u00a0\u00bbtop_left\u00a0\u00bb background_repeat=\u00a0\u00bbrepeat\u00a0\u00bb width=\u00a0\u00bb100%\u00a0\u00bb custom_padding=\u00a0\u00bb0px||||false|false\u00a0\u00bb collapsed=\u00a0\u00bboff\u00a0\u00bb global_colors_info=\u00a0\u00bb{}\u00a0\u00bb][et_pb_column type=\u00a0\u00bb1_2&Prime; _builder_version=\u00a0\u00bb4.16&Prime; custom_padding=\u00a0\u00bb|||\u00a0\u00bb global_colors_info=\u00a0\u00bb{}\u00a0\u00bb custom_padding__hover=\u00a0\u00bb|||\u00a0\u00bb][et_pb_wc_images _builder_version=\u00a0\u00bb4.24.2&Prime; _module_preset=\u00a0\u00bbdefault\u00a0\u00bb global_colors_info=\u00a0\u00bb{}\u00a0\u00bb][\/et_pb_wc_images][\/et_pb_column][et_pb_column type=\u00a0\u00bb1_2&Prime; _builder_version=\u00a0\u00bb4.16&Prime; custom_padding=\u00a0\u00bb|||\u00a0\u00bb global_colors_info=\u00a0\u00bb{}\u00a0\u00bb custom_padding__hover=\u00a0\u00bb|||\u00a0\u00bb][et_pb_wc_title _builder_version=\u00a0\u00bb4.16&Prime; global_colors_info=\u00a0\u00bb{}\u00a0\u00bb][\/et_pb_wc_title][et_pb_wc_description _builder_version=\u00a0\u00bb4.16&Prime; header_2_text_color=\u00a0\u00bb#0F4C81&Prime; header_2_line_height=\u00a0\u00bb1.9em\u00a0\u00bb custom_margin=\u00a0\u00bb14px||||false|false\u00a0\u00bb custom_padding=\u00a0\u00bb0px||||false|false\u00a0\u00bb global_colors_info=\u00a0\u00bb{}\u00a0\u00bb][\/et_pb_wc_description][et_pb_button button_url=\u00a0\u00bb&lt;p&gt;https:\/\/hse.isi-be.eu\/get-a-quote-or-rent-now\/&lt;\/p&gt;\u00a0\u00bb button_text=\u00a0\u00bbDemandez un Devis une Offre de Location\u00a0\u00bb _builder_version=\u00a0\u00bb4.24.2&Prime; _module_preset=\u00a0\u00bbdefault\u00a0\u00bb global_colors_info=\u00a0\u00bb{}\u00a0\u00bb][\/et_pb_button][et_pb_wc_meta show_sku=\u00a0\u00bboff\u00a0\u00bb show_tags=\u00a0\u00bboff\u00a0\u00bb _builder_version=\u00a0\u00bb4.16&Prime; global_colors_info=\u00a0\u00bb{}\u00a0\u00bb][\/et_pb_wc_meta][\/et_pb_column][\/et_pb_row][et_pb_row _builder_version=\u00a0\u00bb4.16&Prime; background_size=\u00a0\u00bbinitial\u00a0\u00bb background_position=\u00a0\u00bbtop_left\u00a0\u00bb background_repeat=\u00a0\u00bbrepeat\u00a0\u00bb width=\u00a0\u00bb100%\u00a0\u00bb saved_tabs=\u00a0\u00bball\u00a0\u00bb collapsed=\u00a0\u00bbon\u00a0\u00bb global_colors_info=\u00a0\u00bb{}\u00a0\u00bb][et_pb_column type=\u00a0\u00bb4_4&Prime; _builder_version=\u00a0\u00bb4.16&Prime; custom_padding=\u00a0\u00bb|||\u00a0\u00bb global_colors_info=\u00a0\u00bb{}\u00a0\u00bb custom_padding__hover=\u00a0\u00bb|||\u00a0\u00bb][et_pb_tabs active_tab_background_color=\u00a0\u00bb#f25a00&Prime; inactive_tab_background_color=\u00a0\u00bb#0f4c81&Prime; active_tab_text_color=\u00a0\u00bb#ffffff\u00a0\u00bb admin_label=\u00a0\u00bbTabs\u00a0\u00bb _builder_version=\u00a0\u00bb4.24.2&Prime; tab_text_color=\u00a0\u00bb#ffffff\u00a0\u00bb tab_font=\u00a0\u00bb|700|||||||\u00a0\u00bb global_colors_info=\u00a0\u00bb{}\u00a0\u00bb][et_pb_tab title=\u00a0\u00bb&lt;p&gt;Description&lt;\/p&gt;\u00a0\u00bb _builder_version=\u00a0\u00bb4.24.2&Prime; global_colors_info=\u00a0\u00bb{}\u00a0\u00bb]<\/p>\n<p>La mesure des vibrations du corps entier est facilit\u00e9e par l&rsquo;acc\u00e9l\u00e9rom\u00e8tre de si\u00e8ge SV 38V, qui peut \u00eatre plac\u00e9 directement sur le coussin du si\u00e8ge, sur le sol ou fix\u00e9 au dossier du si\u00e8ge.  L&rsquo;ensemble SV 105 avec acc\u00e9l\u00e9rom\u00e8tre triaxial permet de mesurer les vibrations main-bras quel que soit le type d&rsquo;outil \u00e9valu\u00e9.<\/p>\n<ul>\n<li>Vibrom\u00e8tre humain conforme aux normes ISO 8041-1:2017, ISO 2631-1,2&amp;5 (y compris VDV et MTVV), ISO 5349, Directive 2002\/44\/EC<\/li>\n<li>Six canaux pour les mesures d&rsquo;acc\u00e9l\u00e9ration (type IEPE) et deux canaux pour les mesures de force statique<\/li>\n<li>Mesures sur l&rsquo;ensemble du corps avec l&rsquo;acc\u00e9l\u00e9rom\u00e8tre de si\u00e8ge SV 38V<\/li>\n<li>Mesures main-bras avec acc\u00e9l\u00e9rom\u00e8tres triaxiaux SV 105 ou SV 150<\/li>\n<li>Option d&rsquo;enregistrement du signal dans le domaine temporel (conforme \u00e0 la norme ISO 2631-5)<\/li>\n<li>Analyse en temps r\u00e9el 1\/1 et 1\/3 d&rsquo;octave (option)<\/li>\n<li>Enregistreur de donn\u00e9es avanc\u00e9 avec analyse spectrale<\/li>\n<li>Carte flash Micro SD pour le stockage de masse des donn\u00e9es<\/li>\n<li>Interface client USB 1.1<\/li>\n<li>Temps d&rsquo;int\u00e9gration programmable jusqu&rsquo;\u00e0 24 h<\/li>\n<li>Logiciel SvanPC+ pour faciliter la configuration de l&rsquo;instrument et le t\u00e9l\u00e9chargement des donn\u00e9es<\/li>\n<li>Interface conviviale, facile \u00e0 utiliser, avec \u00e9cran couleur<\/li>\n<li>Format de poche (140 x 83 x 33 millim\u00e8tres)<\/li>\n<li>Poids de 390 grammes seulement, batteries comprises<\/li>\n<p>[\/et_pb_tab][et_pb_tab title=\u00a0\u00bb&lt;p&gt;Vid\u00e9o du produit&lt;\/p&gt;\u00a0\u00bb _builder_version=\u00a0\u00bb4.24.2&Prime; global_colors_info=\u00a0\u00bb{}\u00a0\u00bb]<\/p>\n<p><iframe loading=\"lazy\" src=\"https:\/\/www.youtube.com\/embed\/P-_-3KTh2oo\" width=\"560\" height=\"315\" frameborder=\"0\" allowfullscreen=\"allowfullscreen\"><\/iframe><\/p>\n<p>[\/et_pb_tab][\/et_pb_tabs][\/et_pb_column][\/et_pb_row][\/et_pb_section]<\/p>\n","protected":false},"excerpt":{"rendered":"<p>SV106D, a <strong>six-channel Human Vibration Meter and Analyser<\/strong> meets requirements of <strong>ISO 8041-1:2017<\/strong> standard and it is an ideal choice for measurements according to<strong> ISO 2631-1,2&amp;5, ISO 5349<\/strong> and directive 2002\/44\/EC of European Parliament.<\/p>\n<p>This revolutionary, pocket-size instrument enables simultaneous measurements with <strong>two triaxial accelerometers<\/strong> (e.g.\u2005both-hands vibration or triaxial SEAT transmission measurements are possible).<\/p>\n<p>The RMS, Peak, Peak-Peak, VDV, MTVV or dose results such as A(8) and AEQ with all required weighting filters for human vibration measurements, including band-limiting filters, are available with this instrument.<\/p>\n<p>Using computational power of its digital signal processor, the SV106D can perform <strong>1\/1 or 1\/3 octave real-time analysis simultaneously<\/strong> to the meter mode. Advanced time-history logging and time-domain signal recording (according to the <strong>ISO 2631-5<\/strong>) to the microSD flash card offer a great data input for detailed signal analysis. <strong>Results can be easily downloaded<\/strong> to PC using USB interface. The instrument works with Svantek\u2019s specialist health and safety software package, \u201cSupervisor\u201d, and also with the full analysis package SVAN PC++.<\/p>\n<p><a href=\"https:\/\/www.totley.eu\/wp-content\/uploads\/2024\/03\/Totley_transmitters.pdf\" target=\"_blank\" rel=\"noopener\"><img loading=\"lazy\" decoding=\"async\" class=\"wp-image-478 alignnone \" src=\"https:\/\/www.totley.eu\/wp-content\/uploads\/2024\/01\/pdf-icon-150x150.png\" sizes=\"(max-width: 69px) 100vw, 69px\" srcset=\"https:\/\/www.totley.eu\/wp-content\/uploads\/2024\/01\/pdf-icon-150x150.png 150w, https:\/\/www.totley.eu\/wp-content\/uploads\/2024\/01\/pdf-icon-100x100.png 100w, https:\/\/www.totley.eu\/wp-content\/uploads\/2024\/01\/pdf-icon.png 225w\" alt=\"\" width=\"33\" height=\"33\" \/><\/a><a href=\"https:\/\/hse.isi-be.eu\/wp-content\/uploads\/2024\/06\/SV106D.pdf\" target=\"_blank\" rel=\"noopener\">Product Datasheet<\/a><\/p>\n","protected":false},"featured_media":234053,"template":"","meta":{"_et_pb_use_builder":"on","_et_pb_old_content":"","_et_gb_content_width":"","inline_featured_image":false},"pwb-brand":[1033],"product_cat":[1106,1102,1105],"product_tag":[],"class_list":{"0":"post-234052","1":"product","2":"type-product","3":"status-publish","4":"has-post-thumbnail","6":"pwb-brand-svantek-fr","7":"product_cat-vibration-du-corps-entier","8":"product_cat-vibrations-fr","9":"product_cat-vibrations-main-bras","11":"first","12":"instock","13":"shipping-taxable","14":"purchasable","15":"product-type-simple"},"brands":[{"id":1033,"name":"Svantek","slug":"svantek-fr"}],"_links":{"self":[{"href":"https:\/\/hse.isi-be.eu\/fr\/wp-json\/wp\/v2\/product\/234052"}],"collection":[{"href":"https:\/\/hse.isi-be.eu\/fr\/wp-json\/wp\/v2\/product"}],"about":[{"href":"https:\/\/hse.isi-be.eu\/fr\/wp-json\/wp\/v2\/types\/product"}],"wp:featuredmedia":[{"embeddable":true,"href":"https:\/\/hse.isi-be.eu\/fr\/wp-json\/wp\/v2\/media\/234053"}],"wp:attachment":[{"href":"https:\/\/hse.isi-be.eu\/fr\/wp-json\/wp\/v2\/media?parent=234052"}],"wp:term":[{"taxonomy":"pwb-brand","embeddable":true,"href":"https:\/\/hse.isi-be.eu\/fr\/wp-json\/wp\/v2\/pwb-brand?post=234052"},{"taxonomy":"product_cat","embeddable":true,"href":"https:\/\/hse.isi-be.eu\/fr\/wp-json\/wp\/v2\/product_cat?post=234052"},{"taxonomy":"product_tag","embeddable":true,"href":"https:\/\/hse.isi-be.eu\/fr\/wp-json\/wp\/v2\/product_tag?post=234052"}],"curies":[{"name":"wp","href":"https:\/\/api.w.org\/{rel}","templated":true}]}}