{"id":234066,"date":"2020-06-23T15:20:03","date_gmt":"2020-06-23T14:20:03","guid":{"rendered":"https:\/\/hse.isi-be.eu\/sv111-calibrateur-de-vibration\/"},"modified":"2024-09-10T16:04:46","modified_gmt":"2024-09-10T15:04:46","slug":"sv111-calibrateur-de-vibration","status":"publish","type":"product","link":"https:\/\/hse.isi-be.eu\/fr\/vibrations-fr\/sv111-calibrateur-de-vibration\/","title":{"rendered":"SV111 &#8211; Calibrateur de Vibration"},"content":{"rendered":"<p>[et_pb_section fb_built=\u00a0\u00bb1&Prime; _builder_version=\u00a0\u00bb4.16&Prime; background_color=\u00a0\u00bb#ffffff\u00a0\u00bb background_enable_image=\u00a0\u00bboff\u00a0\u00bb custom_padding=\u00a0\u00bb0px||0px||false|false\u00a0\u00bb global_colors_info=\u00a0\u00bb{}\u00a0\u00bb][et_pb_row _builder_version=\u00a0\u00bb4.16&Prime; background_size=\u00a0\u00bbinitial\u00a0\u00bb background_position=\u00a0\u00bbtop_left\u00a0\u00bb background_repeat=\u00a0\u00bbrepeat\u00a0\u00bb width=\u00a0\u00bb100%\u00a0\u00bb custom_padding=\u00a0\u00bb0px||0px||false|false\u00a0\u00bb collapsed=\u00a0\u00bbon\u00a0\u00bb global_colors_info=\u00a0\u00bb{}\u00a0\u00bb][et_pb_column type=\u00a0\u00bb4_4&Prime; _builder_version=\u00a0\u00bb4.16&Prime; custom_padding=\u00a0\u00bb|||\u00a0\u00bb global_colors_info=\u00a0\u00bb{}\u00a0\u00bb custom_padding__hover=\u00a0\u00bb|||\u00a0\u00bb][et_pb_wc_breadcrumb _builder_version=\u00a0\u00bb4.16&Prime; global_colors_info=\u00a0\u00bb{}\u00a0\u00bb][\/et_pb_wc_breadcrumb][\/et_pb_column][\/et_pb_row][et_pb_row column_structure=\u00a0\u00bb1_2,1_2&Prime; _builder_version=\u00a0\u00bb4.16&Prime; background_size=\u00a0\u00bbinitial\u00a0\u00bb background_position=\u00a0\u00bbtop_left\u00a0\u00bb background_repeat=\u00a0\u00bbrepeat\u00a0\u00bb width=\u00a0\u00bb100%\u00a0\u00bb custom_padding=\u00a0\u00bb0px||||false|false\u00a0\u00bb collapsed=\u00a0\u00bboff\u00a0\u00bb global_colors_info=\u00a0\u00bb{}\u00a0\u00bb][et_pb_column type=\u00a0\u00bb1_2&Prime; _builder_version=\u00a0\u00bb4.16&Prime; custom_padding=\u00a0\u00bb|||\u00a0\u00bb global_colors_info=\u00a0\u00bb{}\u00a0\u00bb custom_padding__hover=\u00a0\u00bb|||\u00a0\u00bb][et_pb_wc_images _builder_version=\u00a0\u00bb4.24.2&Prime; _module_preset=\u00a0\u00bbdefault\u00a0\u00bb global_colors_info=\u00a0\u00bb{}\u00a0\u00bb][\/et_pb_wc_images][\/et_pb_column][et_pb_column type=\u00a0\u00bb1_2&Prime; _builder_version=\u00a0\u00bb4.16&Prime; custom_padding=\u00a0\u00bb|||\u00a0\u00bb global_colors_info=\u00a0\u00bb{}\u00a0\u00bb custom_padding__hover=\u00a0\u00bb|||\u00a0\u00bb][et_pb_wc_title _builder_version=\u00a0\u00bb4.16&Prime; global_colors_info=\u00a0\u00bb{}\u00a0\u00bb][\/et_pb_wc_title][et_pb_wc_description _builder_version=\u00a0\u00bb4.16&Prime; global_colors_info=\u00a0\u00bb{}\u00a0\u00bb][\/et_pb_wc_description][et_pb_button button_url=\u00a0\u00bbhttps:\/\/hse.isi-be.eu\/fr\/?page_id=234588&Prime; button_text=\u00a0\u00bb&lt;p&gt;Demandez un Devis une Offre de Location&lt;\/p&gt;\u00a0\u00bb _builder_version=\u00a0\u00bb4.24.2&Prime; _module_preset=\u00a0\u00bbdefault\u00a0\u00bb hover_enabled=\u00a0\u00bb0&Prime; global_colors_info=\u00a0\u00bb{}\u00a0\u00bb sticky_enabled=\u00a0\u00bb0&Prime;][\/et_pb_button][et_pb_wc_meta show_sku=\u00a0\u00bboff\u00a0\u00bb show_tags=\u00a0\u00bboff\u00a0\u00bb _builder_version=\u00a0\u00bb4.16&Prime; global_colors_info=\u00a0\u00bb{}\u00a0\u00bb][\/et_pb_wc_meta][\/et_pb_column][\/et_pb_row][et_pb_row _builder_version=\u00a0\u00bb4.16&Prime; background_size=\u00a0\u00bbinitial\u00a0\u00bb background_position=\u00a0\u00bbtop_left\u00a0\u00bb background_repeat=\u00a0\u00bbrepeat\u00a0\u00bb width=\u00a0\u00bb100%\u00a0\u00bb saved_tabs=\u00a0\u00bball\u00a0\u00bb global_colors_info=\u00a0\u00bb{}\u00a0\u00bb][et_pb_column type=\u00a0\u00bb4_4&Prime; _builder_version=\u00a0\u00bb4.16&Prime; custom_padding=\u00a0\u00bb|||\u00a0\u00bb global_colors_info=\u00a0\u00bb{}\u00a0\u00bb custom_padding__hover=\u00a0\u00bb|||\u00a0\u00bb][et_pb_tabs active_tab_background_color=\u00a0\u00bb#f25a00&Prime; inactive_tab_background_color=\u00a0\u00bb#0f4c81&Prime; active_tab_text_color=\u00a0\u00bb#ffffff\u00a0\u00bb admin_label=\u00a0\u00bbTabs\u00a0\u00bb _builder_version=\u00a0\u00bb4.24.2&Prime; tab_text_color=\u00a0\u00bb#ffffff\u00a0\u00bb tab_font=\u00a0\u00bb|700|||||||\u00a0\u00bb global_colors_info=\u00a0\u00bb{}\u00a0\u00bb][et_pb_tab title=\u00a0\u00bb&lt;p&gt;Caract\u00e9ristiques&lt;\/p&gt;\u00a0\u00bb _builder_version=\u00a0\u00bb4.16&Prime; global_colors_info=\u00a0\u00bb{}\u00a0\u00bb]<\/p>\n<ul>\n<li>Calibreur de vibrations portable et autonome<\/li>\n<li>\u00c9talonnage facile de tous les types de capteurs de vibrations pour l&rsquo;acc\u00e9l\u00e9ration, la vitesse et le d\u00e9placement \u00e0 79,6 Hz et 159,2 Hz<\/li>\n<li>Contr\u00f4les des acc\u00e9l\u00e9rom\u00e8tres en champ selon la norme ISO 8041<\/li>\n<li>Acc\u00e9l\u00e9rom\u00e8tre de r\u00e9f\u00e9rence int\u00e9gr\u00e9<\/li>\n<li>D\u00e9tection des vibrations transversales \/ de l&rsquo;axe transversal<\/li>\n<li>\u00c9talonnage \u00e0 basse fr\u00e9quence \u00e0 15,92 Hz avec une charge utile maximale de 1 kg !<\/li>\n<li>\u00c9talonnage complet de l&rsquo;acc\u00e9l\u00e9rom\u00e8tre du si\u00e8ge<\/li>\n<li>D\u00e9tection automatique des d\u00e9fauts<\/li>\n<li>Affichage indiquant la fr\u00e9quence, l&rsquo;ampleur et les erreurs<\/li>\n<li>Mise hors tension automatique avec minuterie<\/li>\n<li>Conception robuste et poids l\u00e9ger &#8211; 6,5 kg seulement<\/li>\n<li>Batterie rechargeable<\/li>\n<li>Pr\u00eat et facile \u00e0 utiliser sur le terrain<\/li>\n<\/ul>\n<p>[\/et_pb_tab][\/et_pb_tabs][\/et_pb_column][\/et_pb_row][\/et_pb_section]<\/p>\n","protected":false},"excerpt":{"rendered":"<p>Le calibrateur de vibrations SV 111 est un instrument de pointe con\u00e7u pour les v\u00e9rifications in situ conform\u00e9ment \u00e0 la norme <strong>ISO 8041.<\/strong> Les v\u00e9rifications in situ sont destin\u00e9es \u00e0 \u00eatre appliqu\u00e9es sur le terrain avant et apr\u00e8s une mesure ou une s\u00e9rie de mesures. Ils permettent de v\u00e9rifier l&rsquo;\u00e9talonnage et la fonctionnalit\u00e9 de base de l&rsquo;instrument.<\/p>\n<p>Le SV 111 convient aux contr\u00f4les d&rsquo;\u00e9talonnage de divers types d&rsquo;appareils de mesure des vibrations \u00e0 <strong>diff\u00e9rentes fr\u00e9quences allant de 16 Hz \u00e0 640 Hz.<\/strong> En fonction de la fr\u00e9quence s\u00e9lectionn\u00e9e, l&rsquo;utilisateur peut choisir un <strong>niveau d&rsquo;\u00e9talonnage de 1 m\/s2 \u00e0 10 m\/s2.<\/strong><\/p>\n<p>La conception du calibrateur est bas\u00e9e sur <strong>l&rsquo;acc\u00e9l\u00e9rom\u00e8tre triaxial de r\u00e9f\u00e9rence int\u00e9gr\u00e9 et l&rsquo;agitateur contr\u00f4l\u00e9 par microprocesseur.<\/strong> Conform\u00e9ment \u00e0 la norme ISO 8041, l&rsquo;acc\u00e9l\u00e9rom\u00e8tre de r\u00e9f\u00e9rence mesure les vibrations transversales afin de d\u00e9tecter les interf\u00e9rences sur le signal d&rsquo;\u00e9talonnage. Les d\u00e9fauts caus\u00e9s par les vibrations transversales sont signal\u00e9s par trois LEDS sur le panneau du calibrateur.<\/p>\n<p>Cette solution unique garantit une excellente stabilit\u00e9 du niveau et de la fr\u00e9quence d&rsquo;\u00e9talonnage, ind\u00e9pendamment de la masse de l&rsquo;objet \u00e0 tester. L&rsquo;agitateur peut \u00eatre charg\u00e9 d&rsquo;un poids important allant jusqu&rsquo;\u00e0 1 kilogramme.<br \/>Toute fixation incorrecte de l&rsquo;objet est automatiquement d\u00e9tect\u00e9e et indiqu\u00e9e par des LED sur le panneau du calibrateur, donnant l&rsquo;information sur la direction \u00e0 corriger.<\/p>\n<p>Pour les contr\u00f4les d&rsquo;\u00e9talonnage des capteurs tri-axiaux, un ensemble d&rsquo;adaptateurs d\u00e9di\u00e9s est disponible, y compris un adaptateur sp\u00e9cial pour les capteurs Svantek pour corps entier (coussins de si\u00e8ge) pour un montage direct sur l&rsquo;agitateur. D&rsquo;autres types de capteurs de vibrations peuvent \u00eatre fix\u00e9s de mani\u00e8re pratique \u00e0 l&rsquo;aide d&rsquo;un goujon de montage, d&rsquo;un disque de montage ou d&rsquo;un adaptateur sp\u00e9cifique.<\/p>\n<p>Le bo\u00eetier robuste et la <strong>batterie rechargeable int\u00e9gr\u00e9e<\/strong> renforcent les caract\u00e9ristiques exceptionnelles de cet instrument de nouvelle g\u00e9n\u00e9ration.<\/p>\n","protected":false},"featured_media":234068,"template":"","meta":{"_et_pb_use_builder":"on","_et_pb_old_content":"","_et_gb_content_width":"","inline_featured_image":false},"pwb-brand":[1033],"product_cat":[1102],"product_tag":[],"class_list":{"0":"post-234066","1":"product","2":"type-product","3":"status-publish","4":"has-post-thumbnail","6":"pwb-brand-svantek-fr","7":"product_cat-vibrations-fr","9":"first","10":"instock","11":"shipping-taxable","12":"purchasable","13":"product-type-simple"},"brands":[{"id":1033,"name":"Svantek","slug":"svantek-fr"}],"_links":{"self":[{"href":"https:\/\/hse.isi-be.eu\/fr\/wp-json\/wp\/v2\/product\/234066"}],"collection":[{"href":"https:\/\/hse.isi-be.eu\/fr\/wp-json\/wp\/v2\/product"}],"about":[{"href":"https:\/\/hse.isi-be.eu\/fr\/wp-json\/wp\/v2\/types\/product"}],"wp:featuredmedia":[{"embeddable":true,"href":"https:\/\/hse.isi-be.eu\/fr\/wp-json\/wp\/v2\/media\/234068"}],"wp:attachment":[{"href":"https:\/\/hse.isi-be.eu\/fr\/wp-json\/wp\/v2\/media?parent=234066"}],"wp:term":[{"taxonomy":"pwb-brand","embeddable":true,"href":"https:\/\/hse.isi-be.eu\/fr\/wp-json\/wp\/v2\/pwb-brand?post=234066"},{"taxonomy":"product_cat","embeddable":true,"href":"https:\/\/hse.isi-be.eu\/fr\/wp-json\/wp\/v2\/product_cat?post=234066"},{"taxonomy":"product_tag","embeddable":true,"href":"https:\/\/hse.isi-be.eu\/fr\/wp-json\/wp\/v2\/product_tag?post=234066"}],"curies":[{"name":"wp","href":"https:\/\/api.w.org\/{rel}","templated":true}]}}