{"id":234097,"date":"2020-04-08T10:54:49","date_gmt":"2020-04-08T09:54:49","guid":{"rendered":"https:\/\/hse.isi-be.eu\/app-svannet\/"},"modified":"2024-09-10T16:08:08","modified_gmt":"2024-09-10T15:08:08","slug":"app-svannet","status":"publish","type":"product","link":"https:\/\/hse.isi-be.eu\/fr\/bruit\/app-svannet\/","title":{"rendered":"App SvanNet"},"content":{"rendered":"<p>[et_pb_section fb_built=\u00a0\u00bb1&Prime; _builder_version=\u00a0\u00bb4.16&Prime; background_color=\u00a0\u00bb#ffffff\u00a0\u00bb background_enable_image=\u00a0\u00bboff\u00a0\u00bb custom_padding=\u00a0\u00bb0px||0px||false|false\u00a0\u00bb locked=\u00a0\u00bboff\u00a0\u00bb global_colors_info=\u00a0\u00bb{}\u00a0\u00bb][et_pb_row _builder_version=\u00a0\u00bb4.16&Prime; background_size=\u00a0\u00bbinitial\u00a0\u00bb background_position=\u00a0\u00bbtop_left\u00a0\u00bb background_repeat=\u00a0\u00bbrepeat\u00a0\u00bb width=\u00a0\u00bb100%\u00a0\u00bb custom_padding=\u00a0\u00bb0px||0px||false|false\u00a0\u00bb global_colors_info=\u00a0\u00bb{}\u00a0\u00bb][et_pb_column type=\u00a0\u00bb4_4&Prime; _builder_version=\u00a0\u00bb4.16&Prime; custom_padding=\u00a0\u00bb|||\u00a0\u00bb global_colors_info=\u00a0\u00bb{}\u00a0\u00bb custom_padding__hover=\u00a0\u00bb|||\u00a0\u00bb]<\/p>\n<p>[et_pb_wc_breadcrumb _builder_version=\u00a0\u00bb4.16&Prime; global_colors_info=\u00a0\u00bb{}\u00a0\u00bb][\/et_pb_wc_breadcrumb]<\/p>\n<p>[\/et_pb_column][\/et_pb_row][et_pb_row column_structure=\u00a0\u00bb1_2,1_2&Prime; _builder_version=\u00a0\u00bb4.16&Prime; background_size=\u00a0\u00bbinitial\u00a0\u00bb background_position=\u00a0\u00bbtop_left\u00a0\u00bb background_repeat=\u00a0\u00bbrepeat\u00a0\u00bb width=\u00a0\u00bb100%\u00a0\u00bb custom_padding=\u00a0\u00bb0px||||false|false\u00a0\u00bb global_colors_info=\u00a0\u00bb{}\u00a0\u00bb][et_pb_column type=\u00a0\u00bb1_2&Prime; _builder_version=\u00a0\u00bb4.16&Prime; custom_padding=\u00a0\u00bb|||\u00a0\u00bb global_colors_info=\u00a0\u00bb{}\u00a0\u00bb custom_padding__hover=\u00a0\u00bb|||\u00a0\u00bb]<\/p>\n<p>[et_pb_wc_images _builder_version=\u00a0\u00bb4.24.2&Prime; _module_preset=\u00a0\u00bbdefault\u00a0\u00bb hover_enabled=\u00a0\u00bb0&Prime; sticky_enabled=\u00a0\u00bb0&Prime;][\/et_pb_wc_images]<\/p>\n<p>[\/et_pb_column][et_pb_column type=\u00a0\u00bb1_2&Prime; _builder_version=\u00a0\u00bb4.16&Prime; custom_padding=\u00a0\u00bb|||\u00a0\u00bb global_colors_info=\u00a0\u00bb{}\u00a0\u00bb custom_padding__hover=\u00a0\u00bb|||\u00a0\u00bb][et_pb_wc_title _builder_version=\u00a0\u00bb4.16&Prime; global_colors_info=\u00a0\u00bb{}\u00a0\u00bb][\/et_pb_wc_title][et_pb_wc_description _builder_version=\u00a0\u00bb4.16&Prime; header_2_text_color=\u00a0\u00bb#0F4C81&Prime; header_2_line_height=\u00a0\u00bb1.9em\u00a0\u00bb custom_margin=\u00a0\u00bb14px||||false|false\u00a0\u00bb custom_padding=\u00a0\u00bb0px||||false|false\u00a0\u00bb global_colors_info=\u00a0\u00bb{}\u00a0\u00bb][\/et_pb_wc_description][et_pb_button button_url=\u00a0\u00bbhttps:\/\/hse.isi-be.eu\/fr\/?page_id=234588&Prime; button_text=\u00a0\u00bb&lt;p&gt;Demander le logiciel&lt;\/p&gt;\u00a0\u00bb _builder_version=\u00a0\u00bb4.24.2&Prime; locked=\u00a0\u00bboff\u00a0\u00bb global_colors_info=\u00a0\u00bb{}\u00a0\u00bb][\/et_pb_button][et_pb_wc_meta show_sku=\u00a0\u00bboff\u00a0\u00bb show_tags=\u00a0\u00bboff\u00a0\u00bb _builder_version=\u00a0\u00bb4.16&Prime; global_colors_info=\u00a0\u00bb{}\u00a0\u00bb][\/et_pb_wc_meta][\/et_pb_column][\/et_pb_row][et_pb_row _builder_version=\u00a0\u00bb4.16&Prime; width=\u00a0\u00bb90%\u00a0\u00bb global_colors_info=\u00a0\u00bb{}\u00a0\u00bb][et_pb_column type=\u00a0\u00bb4_4&Prime; _builder_version=\u00a0\u00bb4.16&Prime; global_colors_info=\u00a0\u00bb{}\u00a0\u00bb][et_pb_tabs active_tab_background_color=\u00a0\u00bb#f25a00&Prime; inactive_tab_background_color=\u00a0\u00bb#0f4c81&Prime; active_tab_text_color=\u00a0\u00bb#ffffff\u00a0\u00bb admin_label=\u00a0\u00bbTabs\u00a0\u00bb _builder_version=\u00a0\u00bb4.24.2&Prime; tab_text_color=\u00a0\u00bb#ffffff\u00a0\u00bb tab_font=\u00a0\u00bb|700|||||||\u00a0\u00bb global_colors_info=\u00a0\u00bb{}\u00a0\u00bb][et_pb_tab title=\u00a0\u00bb&lt;p&gt;Vid\u00e9o du logiciel&lt;\/p&gt;\u00a0\u00bb _builder_version=\u00a0\u00bb4.24.2&Prime; global_colors_info=\u00a0\u00bb{}\u00a0\u00bb]<\/p>\n<p><iframe loading=\"lazy\" src=\"https:\/\/www.youtube.com\/embed\/aF7X1A9yQtc\" width=\"560\" height=\"315\" frameborder=\"0\" allowfullscreen=\"allowfullscreen\"><\/iframe><\/p>\n<p>[\/et_pb_tab][\/et_pb_tabs][\/et_pb_column][\/et_pb_row][\/et_pb_section]<\/p>\n","protected":false},"excerpt":{"rendered":"<p>L&rsquo;application SvanNET configure les stations de surveillance Svantek pour la connexion au service cloud SvanNET et fournit un acc\u00e8s facile \u00e0 ses fonctions.<\/p>\n<p>La version PC de l&rsquo;application SvanNET est utilis\u00e9e pour la premi\u00e8re connexion d&rsquo;une station de surveillance Svantek au SvanNET.<\/p>\n<p>La version mobile permet un acc\u00e8s rapide au compte SvanNET et \u00e0 ses fonctionnalit\u00e9s sans avoir besoin d&rsquo;utiliser un navigateur web sur un t\u00e9l\u00e9phone portable.<\/p>\n<p><a href=\"https:\/\/hse.isi-be.eu\/wp-content\/uploads\/2024\/06\/SvanNET_App.pdf\" target=\"_blank\" rel=\"noopener\"><img loading=\"lazy\" decoding=\"async\" class=\"alignnone wp-image-478\" src=\"https:\/\/www.totley.eu\/wp-content\/uploads\/2024\/01\/pdf-icon-150x150.png\" sizes=\"(max-width: 69px) 100vw, 69px\" srcset=\"https:\/\/www.totley.eu\/wp-content\/uploads\/2024\/01\/pdf-icon-150x150.png 150w, https:\/\/www.totley.eu\/wp-content\/uploads\/2024\/01\/pdf-icon-100x100.png 100w, https:\/\/www.totley.eu\/wp-content\/uploads\/2024\/01\/pdf-icon.png 225w\" alt=\"\" width=\"33\" height=\"33\" \/><\/a><a href=\"https:\/\/hse.isi-be.eu\/wp-content\/uploads\/2024\/06\/SvanNET_App.pdf\">Product Datasheet<\/a><\/p>\n","protected":false},"featured_media":233932,"template":"","meta":{"_et_pb_use_builder":"on","_et_pb_old_content":"","_et_gb_content_width":"","inline_featured_image":false},"pwb-brand":[1033],"product_cat":[1092,1102],"product_tag":[],"class_list":{"0":"post-234097","1":"product","2":"type-product","3":"status-publish","4":"has-post-thumbnail","6":"pwb-brand-svantek-fr","7":"product_cat-bruit","8":"product_cat-vibrations-fr","9":"pa_noise-app-fr","10":"pa_vibration-app-fr","12":"first","13":"instock","14":"shipping-taxable","15":"purchasable","16":"product-type-simple"},"brands":[{"id":1033,"name":"Svantek","slug":"svantek-fr"}],"_links":{"self":[{"href":"https:\/\/hse.isi-be.eu\/fr\/wp-json\/wp\/v2\/product\/234097"}],"collection":[{"href":"https:\/\/hse.isi-be.eu\/fr\/wp-json\/wp\/v2\/product"}],"about":[{"href":"https:\/\/hse.isi-be.eu\/fr\/wp-json\/wp\/v2\/types\/product"}],"wp:featuredmedia":[{"embeddable":true,"href":"https:\/\/hse.isi-be.eu\/fr\/wp-json\/wp\/v2\/media\/233932"}],"wp:attachment":[{"href":"https:\/\/hse.isi-be.eu\/fr\/wp-json\/wp\/v2\/media?parent=234097"}],"wp:term":[{"taxonomy":"pwb-brand","embeddable":true,"href":"https:\/\/hse.isi-be.eu\/fr\/wp-json\/wp\/v2\/pwb-brand?post=234097"},{"taxonomy":"product_cat","embeddable":true,"href":"https:\/\/hse.isi-be.eu\/fr\/wp-json\/wp\/v2\/product_cat?post=234097"},{"taxonomy":"product_tag","embeddable":true,"href":"https:\/\/hse.isi-be.eu\/fr\/wp-json\/wp\/v2\/product_tag?post=234097"}],"curies":[{"name":"wp","href":"https:\/\/api.w.org\/{rel}","templated":true}]}}