{"id":234111,"date":"2020-04-03T15:14:05","date_gmt":"2020-04-03T14:14:05","guid":{"rendered":"https:\/\/hse.isi-be.eu\/superviseur-platforme-principale\/"},"modified":"2024-09-10T16:08:28","modified_gmt":"2024-09-10T15:08:28","slug":"superviseur-platforme-principale","status":"publish","type":"product","link":"https:\/\/hse.isi-be.eu\/fr\/bruit\/superviseur-platforme-principale\/","title":{"rendered":"Superviseur &#8211; Platforme Principale"},"content":{"rendered":"<p>[et_pb_section fb_built=\u00a0\u00bb1&Prime; _builder_version=\u00a0\u00bb4.16&Prime; background_color=\u00a0\u00bb#ffffff\u00a0\u00bb background_enable_image=\u00a0\u00bboff\u00a0\u00bb custom_padding=\u00a0\u00bb0px||0px||false|false\u00a0\u00bb global_colors_info=\u00a0\u00bb{}\u00a0\u00bb][et_pb_row _builder_version=\u00a0\u00bb4.16&Prime; background_size=\u00a0\u00bbinitial\u00a0\u00bb background_position=\u00a0\u00bbtop_left\u00a0\u00bb background_repeat=\u00a0\u00bbrepeat\u00a0\u00bb width=\u00a0\u00bb100%\u00a0\u00bb custom_padding=\u00a0\u00bb0px||0px||false|false\u00a0\u00bb global_colors_info=\u00a0\u00bb{}\u00a0\u00bb][et_pb_column type=\u00a0\u00bb4_4&Prime; _builder_version=\u00a0\u00bb4.16&Prime; custom_padding=\u00a0\u00bb|||\u00a0\u00bb global_colors_info=\u00a0\u00bb{}\u00a0\u00bb custom_padding__hover=\u00a0\u00bb|||\u00a0\u00bb][et_pb_wc_breadcrumb _builder_version=\u00a0\u00bb4.16&Prime; global_colors_info=\u00a0\u00bb{}\u00a0\u00bb][\/et_pb_wc_breadcrumb][\/et_pb_column][\/et_pb_row][et_pb_row column_structure=\u00a0\u00bb1_2,1_2&Prime; _builder_version=\u00a0\u00bb4.16&Prime; background_size=\u00a0\u00bbinitial\u00a0\u00bb background_position=\u00a0\u00bbtop_left\u00a0\u00bb background_repeat=\u00a0\u00bbrepeat\u00a0\u00bb width=\u00a0\u00bb100%\u00a0\u00bb custom_padding=\u00a0\u00bb0px||||false|false\u00a0\u00bb global_colors_info=\u00a0\u00bb{}\u00a0\u00bb][et_pb_column type=\u00a0\u00bb1_2&Prime; _builder_version=\u00a0\u00bb4.16&Prime; custom_padding=\u00a0\u00bb|||\u00a0\u00bb global_colors_info=\u00a0\u00bb{}\u00a0\u00bb custom_padding__hover=\u00a0\u00bb|||\u00a0\u00bb][et_pb_wc_images _builder_version=\u00a0\u00bb4.24.2&Prime; _module_preset=\u00a0\u00bbdefault\u00a0\u00bb hover_enabled=\u00a0\u00bb0&Prime; sticky_enabled=\u00a0\u00bb0&Prime;][\/et_pb_wc_images][\/et_pb_column][et_pb_column type=\u00a0\u00bb1_2&Prime; _builder_version=\u00a0\u00bb4.16&Prime; custom_padding=\u00a0\u00bb|||\u00a0\u00bb global_colors_info=\u00a0\u00bb{}\u00a0\u00bb custom_padding__hover=\u00a0\u00bb|||\u00a0\u00bb][et_pb_wc_title _builder_version=\u00a0\u00bb4.16&Prime; global_colors_info=\u00a0\u00bb{}\u00a0\u00bb][\/et_pb_wc_title][et_pb_wc_description _builder_version=\u00a0\u00bb4.16&Prime; header_2_text_color=\u00a0\u00bb#0F4C81&Prime; header_2_line_height=\u00a0\u00bb1.9em\u00a0\u00bb custom_margin=\u00a0\u00bb14px||||false|false\u00a0\u00bb custom_padding=\u00a0\u00bb0px||||false|false\u00a0\u00bb global_colors_info=\u00a0\u00bb{}\u00a0\u00bb][\/et_pb_wc_description][et_pb_button button_url=\u00a0\u00bbhse.isi-be.eu\/get-a-quote-or-rent-now\/\u00a0\u00bb button_text=\u00a0\u00bb&lt;p&gt;Demandez un Devis une Offre de Location&lt;\/p&gt;\u00a0\u00bb _builder_version=\u00a0\u00bb4.24.2&Prime; hover_enabled=\u00a0\u00bb0&Prime; locked=\u00a0\u00bboff\u00a0\u00bb global_colors_info=\u00a0\u00bb{}\u00a0\u00bb sticky_enabled=\u00a0\u00bb0&Prime;][\/et_pb_button][et_pb_wc_meta show_sku=\u00a0\u00bboff\u00a0\u00bb show_tags=\u00a0\u00bboff\u00a0\u00bb _builder_version=\u00a0\u00bb4.16&Prime; global_colors_info=\u00a0\u00bb{}\u00a0\u00bb][\/et_pb_wc_meta][\/et_pb_column][\/et_pb_row][et_pb_row _builder_version=\u00a0\u00bb4.16&Prime; width=\u00a0\u00bb90%\u00a0\u00bb global_colors_info=\u00a0\u00bb{}\u00a0\u00bb][et_pb_column type=\u00a0\u00bb4_4&Prime; _builder_version=\u00a0\u00bb4.16&Prime; global_colors_info=\u00a0\u00bb{}\u00a0\u00bb][et_pb_tabs active_tab_background_color=\u00a0\u00bb#f25a00&Prime; inactive_tab_background_color=\u00a0\u00bb#0f4c81&Prime; active_tab_text_color=\u00a0\u00bb#ffffff\u00a0\u00bb admin_label=\u00a0\u00bbTabs\u00a0\u00bb _builder_version=\u00a0\u00bb4.24.2&Prime; tab_text_color=\u00a0\u00bb#ffffff\u00a0\u00bb tab_font=\u00a0\u00bb|700|||||||\u00a0\u00bb hover_enabled=\u00a0\u00bb0&Prime; global_colors_info=\u00a0\u00bb{}\u00a0\u00bb sticky_enabled=\u00a0\u00bb0&Prime;][et_pb_tab title=\u00a0\u00bb&lt;p&gt;Description&lt;\/p&gt;\u00a0\u00bb _builder_version=\u00a0\u00bb4.16&Prime; global_colors_info=\u00a0\u00bb{}\u00a0\u00bb]<\/p>\n<p>Supervisor est le logiciel pour PC d\u00e9di\u00e9 aux sp\u00e9cialistes de la sant\u00e9 et de la s\u00e9curit\u00e9.<\/p>\n<p>Le logiciel supporte toute la famille des instruments Svantek d\u00e9di\u00e9s au march\u00e9 de la sant\u00e9 et de la s\u00e9curit\u00e9, y compris le BIG TRIO : SVAN 971, SV 104 et SV 106.<\/p>\n<p>Chaque instrument connect\u00e9 au superviseur est m\u00e9moris\u00e9, ce qui permet la cr\u00e9ation automatique de la base de donn\u00e9es des instruments contenant des informations importantes telles que les param\u00e8tres t\u00e9l\u00e9charg\u00e9s et la version du microprogramme, la date de validit\u00e9 de l&rsquo;\u00e9talonnage ou l&rsquo;heure de l&rsquo;horloge de l&rsquo;instrument. Les outils intuitifs d&rsquo;organisation des donn\u00e9es lors du t\u00e9l\u00e9chargement fournissent une base de donn\u00e9es structur\u00e9e en dossiers ainsi que des capacit\u00e9s de marquage des fichiers par emplacement, utilisateur ou t\u00e2che. Les fichiers de donn\u00e9es t\u00e9l\u00e9charg\u00e9s sont automatiquement class\u00e9s par temps de mesure et attribu\u00e9s au num\u00e9ro de s\u00e9rie de l&rsquo;instrument, ce qui permet une consultation rapide et facile des donn\u00e9es.<\/p>\n<p>Dans la pratique, cela signifie qu&rsquo;il n&rsquo;est plus n\u00e9cessaire de chercher longtemps dans les donn\u00e9es stock\u00e9es sur un PC, le logiciel du superviseur s&rsquo;adaptant aux besoins de l&rsquo;utilisateur. Dans le cas d&rsquo;applications simples qui ne n\u00e9cessitent l&rsquo;analyse que des r\u00e9sultats principaux tels que LAeq, LAFmax ou LCpeak, Supervisor offre des aper\u00e7us et des rapports rapides sans qu&rsquo;il soit n\u00e9cessaire d&rsquo;ouvrir des fichiers de donn\u00e9es.<\/p>\n<p>Les applications plus avanc\u00e9es sont trait\u00e9es dans le cadre de sessions o\u00f9 l&rsquo;utilisateur d\u00e9cide du type d&rsquo;analyse \u00e0 effectuer. Ceux qui cr\u00e9ent quotidiennement des rapports sur le bruit ou les vibrations appr\u00e9cieront la possibilit\u00e9 de cr\u00e9er des mod\u00e8les de rapports, qui une fois cr\u00e9\u00e9s peuvent \u00eatre appliqu\u00e9s \u00e0 des s\u00e9ries de fichiers de mesures.<\/p>\n<p>Chaque fois que n\u00e9cessaire, l&rsquo;utilisateur peut s\u00e9lectionner des fichiers de donn\u00e9es et cr\u00e9er des rapports personnalis\u00e9s en quelques clics.<\/p>\n<p>[\/et_pb_tab][et_pb_tab title=\u00a0\u00bb&lt;p&gt;Vid\u00e9o du logiciel&lt;\/p&gt;\u00a0\u00bb _builder_version=\u00a0\u00bb4.16&Prime; global_colors_info=\u00a0\u00bb{}\u00a0\u00bb]<\/p>\n<p><iframe loading=\"lazy\" src=\"https:\/\/www.youtube.com\/embed\/IuETChdKg50\" width=\"560\" height=\"315\" frameborder=\"0\" allowfullscreen=\"allowfullscreen\"><\/iframe><\/p>\n<p>[\/et_pb_tab][\/et_pb_tabs][\/et_pb_column][\/et_pb_row][\/et_pb_section]<\/p>\n","protected":false},"excerpt":{"rendered":"<p>Supervisor est un logiciel PC destin\u00e9 aux sp\u00e9cialistes de la sant\u00e9 et de la s\u00e9curit\u00e9.<\/p>\n<p>Le logiciel prend en charge toute la famille des instruments Svantek d\u00e9di\u00e9s au march\u00e9 de la sant\u00e9 et de la s\u00e9curit\u00e9, y compris le BIG TRIO : SVAN 971, SV 104 et SV 106.<\/p>\n<p><a href=\"https:\/\/hse.isi-be.eu\/wp-content\/uploads\/2020\/04\/supervisor_data_sheet_ISI.pdf\"><img loading=\"lazy\" decoding=\"async\" class=\"alignnone wp-image-234108\" src=\"https:\/\/hse.isi-be.eu\/wp-content\/uploads\/2020\/04\/Icon-Datasheet.png\" alt=\"\" width=\"33\" height=\"33\" srcset=\"https:\/\/hse.isi-be.eu\/wp-content\/uploads\/2020\/04\/Icon-Datasheet.png 150w, https:\/\/hse.isi-be.eu\/wp-content\/uploads\/2020\/04\/Icon-Datasheet-100x100.png 100w\" sizes=\"(max-width: 33px) 100vw, 33px\" \/><\/a><a href=\"https:\/\/hse.isi-be.eu\/wp-content\/uploads\/2020\/04\/supervisor_data_sheet_ISI.pdf\">Product Datasheet<\/a><\/p>\n","protected":false},"featured_media":228168,"template":"","meta":{"_et_pb_use_builder":"on","_et_pb_old_content":"","_et_gb_content_width":"","inline_featured_image":false},"pwb-brand":[1033],"product_cat":[1092,1102],"product_tag":[],"class_list":{"0":"post-234111","1":"product","2":"type-product","3":"status-publish","4":"has-post-thumbnail","6":"pwb-brand-svantek-fr","7":"product_cat-bruit","8":"product_cat-vibrations-fr","9":"pa_noise-software-fr","10":"pa_vibration-software-fr","12":"first","13":"instock","14":"shipping-taxable","15":"purchasable","16":"product-type-simple"},"brands":[{"id":1033,"name":"Svantek","slug":"svantek-fr"}],"_links":{"self":[{"href":"https:\/\/hse.isi-be.eu\/fr\/wp-json\/wp\/v2\/product\/234111"}],"collection":[{"href":"https:\/\/hse.isi-be.eu\/fr\/wp-json\/wp\/v2\/product"}],"about":[{"href":"https:\/\/hse.isi-be.eu\/fr\/wp-json\/wp\/v2\/types\/product"}],"wp:featuredmedia":[{"embeddable":true,"href":"https:\/\/hse.isi-be.eu\/fr\/wp-json\/wp\/v2\/media\/228168"}],"wp:attachment":[{"href":"https:\/\/hse.isi-be.eu\/fr\/wp-json\/wp\/v2\/media?parent=234111"}],"wp:term":[{"taxonomy":"pwb-brand","embeddable":true,"href":"https:\/\/hse.isi-be.eu\/fr\/wp-json\/wp\/v2\/pwb-brand?post=234111"},{"taxonomy":"product_cat","embeddable":true,"href":"https:\/\/hse.isi-be.eu\/fr\/wp-json\/wp\/v2\/product_cat?post=234111"},{"taxonomy":"product_tag","embeddable":true,"href":"https:\/\/hse.isi-be.eu\/fr\/wp-json\/wp\/v2\/product_tag?post=234111"}],"curies":[{"name":"wp","href":"https:\/\/api.w.org\/{rel}","templated":true}]}}