{"id":234131,"date":"2020-03-10T12:21:13","date_gmt":"2020-03-10T11:21:13","guid":{"rendered":"https:\/\/hse.isi-be.eu\/sv103-dosimetre-de-vibration-main-bras\/"},"modified":"2024-09-10T16:09:59","modified_gmt":"2024-09-10T15:09:59","slug":"sv103-dosimetre-de-vibration-main-bras","status":"publish","type":"product","link":"https:\/\/hse.isi-be.eu\/fr\/vibrations-fr\/vibrations-main-bras\/sv103-dosimetre-de-vibration-main-bras\/","title":{"rendered":"SV103 &#8211; Dosim\u00e8tre de Vibration Main-Bras"},"content":{"rendered":"<p>[et_pb_section fb_built=\u00a0\u00bb1&Prime; _builder_version=\u00a0\u00bb4.16&Prime; background_color=\u00a0\u00bb#ffffff\u00a0\u00bb background_enable_image=\u00a0\u00bboff\u00a0\u00bb custom_padding=\u00a0\u00bb0px||0px||false|false\u00a0\u00bb global_colors_info=\u00a0\u00bb{}\u00a0\u00bb][et_pb_row _builder_version=\u00a0\u00bb4.16&Prime; background_size=\u00a0\u00bbinitial\u00a0\u00bb background_position=\u00a0\u00bbtop_left\u00a0\u00bb background_repeat=\u00a0\u00bbrepeat\u00a0\u00bb width=\u00a0\u00bb100%\u00a0\u00bb custom_padding=\u00a0\u00bb0px||0px||false|false\u00a0\u00bb global_colors_info=\u00a0\u00bb{}\u00a0\u00bb][et_pb_column type=\u00a0\u00bb4_4&Prime; _builder_version=\u00a0\u00bb4.16&Prime; custom_padding=\u00a0\u00bb|||\u00a0\u00bb global_colors_info=\u00a0\u00bb{}\u00a0\u00bb custom_padding__hover=\u00a0\u00bb|||\u00a0\u00bb][et_pb_wc_breadcrumb _builder_version=\u00a0\u00bb4.16&Prime; global_colors_info=\u00a0\u00bb{}\u00a0\u00bb][\/et_pb_wc_breadcrumb][\/et_pb_column][\/et_pb_row][et_pb_row column_structure=\u00a0\u00bb1_2,1_2&Prime; _builder_version=\u00a0\u00bb4.16&Prime; background_size=\u00a0\u00bbinitial\u00a0\u00bb background_position=\u00a0\u00bbtop_left\u00a0\u00bb background_repeat=\u00a0\u00bbrepeat\u00a0\u00bb width=\u00a0\u00bb100%\u00a0\u00bb custom_padding=\u00a0\u00bb0px||||false|false\u00a0\u00bb collapsed=\u00a0\u00bbon\u00a0\u00bb global_colors_info=\u00a0\u00bb{}\u00a0\u00bb][et_pb_column type=\u00a0\u00bb1_2&Prime; _builder_version=\u00a0\u00bb4.16&Prime; custom_padding=\u00a0\u00bb|||\u00a0\u00bb global_colors_info=\u00a0\u00bb{}\u00a0\u00bb custom_padding__hover=\u00a0\u00bb|||\u00a0\u00bb][et_pb_wc_images _builder_version=\u00a0\u00bb4.24.2&Prime; _module_preset=\u00a0\u00bbdefault\u00a0\u00bb global_colors_info=\u00a0\u00bb{}\u00a0\u00bb][\/et_pb_wc_images][\/et_pb_column][et_pb_column type=\u00a0\u00bb1_2&Prime; _builder_version=\u00a0\u00bb4.16&Prime; custom_padding=\u00a0\u00bb|||\u00a0\u00bb global_colors_info=\u00a0\u00bb{}\u00a0\u00bb custom_padding__hover=\u00a0\u00bb|||\u00a0\u00bb][et_pb_wc_title _builder_version=\u00a0\u00bb4.16&Prime; global_colors_info=\u00a0\u00bb{}\u00a0\u00bb][\/et_pb_wc_title][et_pb_wc_description _builder_version=\u00a0\u00bb4.16&Prime; header_2_text_color=\u00a0\u00bb#0F4C81&Prime; header_2_line_height=\u00a0\u00bb1.9em\u00a0\u00bb custom_margin=\u00a0\u00bb14px||||false|false\u00a0\u00bb custom_padding=\u00a0\u00bb0px||||false|false\u00a0\u00bb global_colors_info=\u00a0\u00bb{}\u00a0\u00bb][\/et_pb_wc_description][et_pb_button button_url=\u00a0\u00bbhttps:\/\/hse.isi-be.eu\/fr\/?page_id=234588&Prime; button_text=\u00a0\u00bb&lt;p&gt;Demandez un Devis une Offre de Location&lt;\/p&gt;\u00a0\u00bb _builder_version=\u00a0\u00bb4.24.2&Prime; _module_preset=\u00a0\u00bbdefault\u00a0\u00bb global_colors_info=\u00a0\u00bb{}\u00a0\u00bb][\/et_pb_button][et_pb_wc_meta show_sku=\u00a0\u00bboff\u00a0\u00bb show_tags=\u00a0\u00bboff\u00a0\u00bb _builder_version=\u00a0\u00bb4.16&Prime; global_colors_info=\u00a0\u00bb{}\u00a0\u00bb][\/et_pb_wc_meta][\/et_pb_column][\/et_pb_row][et_pb_row _builder_version=\u00a0\u00bb4.16&Prime; background_size=\u00a0\u00bbinitial\u00a0\u00bb background_position=\u00a0\u00bbtop_left\u00a0\u00bb background_repeat=\u00a0\u00bbrepeat\u00a0\u00bb width=\u00a0\u00bb100%\u00a0\u00bb saved_tabs=\u00a0\u00bball\u00a0\u00bb global_colors_info=\u00a0\u00bb{}\u00a0\u00bb][et_pb_column type=\u00a0\u00bb4_4&Prime; _builder_version=\u00a0\u00bb4.16&Prime; custom_padding=\u00a0\u00bb|||\u00a0\u00bb global_colors_info=\u00a0\u00bb{}\u00a0\u00bb custom_padding__hover=\u00a0\u00bb|||\u00a0\u00bb][et_pb_tabs active_tab_background_color=\u00a0\u00bb#f25a00&Prime; inactive_tab_background_color=\u00a0\u00bb#0f4c81&Prime; active_tab_text_color=\u00a0\u00bb#ffffff\u00a0\u00bb admin_label=\u00a0\u00bbTabs\u00a0\u00bb _builder_version=\u00a0\u00bb4.24.2&Prime; tab_text_color=\u00a0\u00bb#ffffff\u00a0\u00bb tab_font=\u00a0\u00bb|700|||||||\u00a0\u00bb global_colors_info=\u00a0\u00bb{}\u00a0\u00bb][et_pb_tab title=\u00a0\u00bb&lt;p&gt;Caract\u00e9ristiques&lt;\/p&gt;\u00a0\u00bb _builder_version=\u00a0\u00bb4.24.2&Prime; global_colors_info=\u00a0\u00bb{}\u00a0\u00bb]<\/p>\n<p><strong>Caract\u00e9ristiques :<\/strong><\/p>\n<ul>\n<li>Appareil de mesure de l&rsquo;exposition quotidienne aux vibrations conforme \u00e0 la norme ISO 8041<\/li>\n<li>Mesure sous gants conforme \u00e0 la norme ISO 10819<\/li>\n<li>Acc\u00e9l\u00e9rom\u00e8tre triaxial conforme \u00e0 la norme ISO 5349<\/li>\n<li>Mesure de la force de contact<\/li>\n<li>Analyse en temps r\u00e9el 1\/1 ou 1\/3 d&rsquo;octave (option)<\/li>\n<li>Enregistrement du signal dans le domaine temporel (option)<\/li>\n<li>Grande m\u00e9moire de 8 GB<\/li>\n<li>Interface USB 2.0<\/li>\n<li>Ecran couleur OLED avec super luminosit\u00e9 et contraste<\/li>\n<li>Dur\u00e9e de fonctionnement &gt; 24 heures<\/li>\n<li>R\u00e9glages pr\u00e9d\u00e9finis faciles \u00e0 utiliser<\/li>\n<li>Bo\u00eetier extr\u00eamement compact, l\u00e9ger et robuste<\/li>\n<\/ul>\n<p>[\/et_pb_tab][et_pb_tab title=\u00a0\u00bb&lt;p&gt;Vid\u00e9o produit&lt;\/p&gt;\u00a0\u00bb _builder_version=\u00a0\u00bb4.16&Prime; global_colors_info=\u00a0\u00bb{}\u00a0\u00bb]<\/p>\n<p><iframe loading=\"lazy\" src=\"https:\/\/www.youtube.com\/embed\/UMVO16g-rI4\" width=\"875\" height=\"492\" frameborder=\"0\" allowfullscreen=\"allowfullscreen\"><\/iframe><\/p>\n<p>[\/et_pb_tab][\/et_pb_tabs][\/et_pb_column][\/et_pb_row][\/et_pb_section]<\/p>\n","protected":false},"excerpt":{"rendered":"<p>Le SV103, un vibrom\u00e8tre humain, est d<strong>\u00e9di\u00e9 aux mesures des vibrations main-bras.<\/strong> L&rsquo;instrument est conforme \u00e0 la norme<strong> ISO 8041:2005<\/strong> et constitue le choix id\u00e9al pour effectuer des mesures conform\u00e9ment \u00e0 la norme <strong>ISO 5349<\/strong> et \u00e0 la directive europ\u00e9enne 2002\/44\/CE.<\/p>\n<p>On parle de vibrations main-bras lorsque des vibrations m\u00e9caniques sont transmises \u00e0 la main humaine lorsqu&rsquo;elle est en contact avec la surface d&rsquo;une machine vibrante telle qu&rsquo;une perceuse \u00e9lectrique. Ce type de vibration est particuli\u00e8rement nocif car il peut provoquer des changements pathologiques dans le syst\u00e8me nerveux des mains et des doigts, commun\u00e9ment appel\u00e9s \u00ab\u00a0maladie des doigts blancs\u00a0\u00bb.<\/p>\n<p>Comme il n&rsquo;existe pas de rem\u00e8de aux dommages caus\u00e9s par les vibrations, le seul r\u00e9gime efficace consiste \u00e0 prendre r\u00e9guli\u00e8rement des mesures des vibrations dans l&rsquo;environnement de travail dangereux et \u00e0 s&rsquo;assurer ainsi que les dommages ne sont pas caus\u00e9s en premier lieu. Cependant, de nombreuses m\u00e9thodes d&rsquo;\u00e9valuation des vibrations main-bras actuellement utilis\u00e9es sont sujettes \u00e0 un niveau d&rsquo;incertitude tr\u00e8s \u00e9lev\u00e9 et la pr\u00e9cision de la mesure des vibrations peut varier de \u00b120% \u00e0 40%, ce qui fait une grande diff\u00e9rence en termes de maladie des doigts blancs.<\/p>\n<p>Le SV103 de Svantek r\u00e9duit consid\u00e9rablement l&rsquo;incertitude des mesures, car l&rsquo;instrument est fix\u00e9 au bras de l&rsquo;utilisateur et est suffisamment petit pour prendre des mesures quotidiennes de l&rsquo;exposition aux vibrations sans interf\u00e9rer avec les activit\u00e9s professionnelles normales.<\/p>\n<p>Le SV 103 est aliment\u00e9 par des piles rechargeables ou par l&rsquo;interface USB qui permet \u00e9galement une interconnexion facile entre l&rsquo;instrument et un PC. Les donn\u00e9es de mesure sont stock\u00e9es en toute s\u00e9curit\u00e9 dans la grande m\u00e9moire de 8 Go. L&rsquo;instrument fonctionne avec notre puissant logiciel \u00ab\u00a0Supervisor\u00a0\u00bb qui permet de configurer l&rsquo;instrument, de visualiser et d&rsquo;exporter les donn\u00e9es de mesure et de recalculer l&rsquo;exposition quotidienne aux vibrations. L&rsquo;\u00e9cran OLED couleur affiche les informations sous forme de texte et de graphique et offre une excellente visibilit\u00e9, m\u00eame en plein jour.<\/p>\n<p>Le SV103 utilise un acc\u00e9l\u00e9rom\u00e8tre MEMS, la toute derni\u00e8re technologie de transducteur. Les MEMS offrent de nombreux avantages, notamment la r\u00e9sistance aux chocs, une tr\u00e8s faible consommation d&rsquo;\u00e9nergie et une r\u00e9ponse en fr\u00e9quence jusqu&rsquo;au courant continu. L&rsquo;utilisation de MEMS permet de franchir la barri\u00e8re technologique du poids et des dimensions et de r\u00e9duire le co\u00fbt du syst\u00e8me complet.<\/p>\n<p><a href=\"https:\/\/hse.isi-be.eu\/wp-content\/uploads\/2020\/03\/sv103_Datasheet_ISI.pdf\" target=\"_blank\" rel=\"noopener\"><img loading=\"lazy\" decoding=\"async\" class=\"alignnone wp-image-478\" src=\"https:\/\/www.totley.eu\/wp-content\/uploads\/2024\/01\/pdf-icon-150x150.png\" sizes=\"(max-width: 69px) 100vw, 69px\" srcset=\"https:\/\/www.totley.eu\/wp-content\/uploads\/2024\/01\/pdf-icon-150x150.png 150w, https:\/\/www.totley.eu\/wp-content\/uploads\/2024\/01\/pdf-icon-100x100.png 100w, https:\/\/www.totley.eu\/wp-content\/uploads\/2024\/01\/pdf-icon.png 225w\" alt=\"\" width=\"33\" height=\"33\" \/><\/a><a href=\"https:\/\/hse.isi-be.eu\/wp-content\/uploads\/2020\/03\/sv103_Datasheet_ISI.pdf\">Product Datasheet<\/a><\/p>\n","protected":false},"featured_media":683,"template":"","meta":{"_et_pb_use_builder":"on","_et_pb_old_content":"","_et_gb_content_width":"","inline_featured_image":false},"pwb-brand":[1033],"product_cat":[1102,1105],"product_tag":[],"class_list":{"0":"post-234131","1":"product","2":"type-product","3":"status-publish","4":"has-post-thumbnail","6":"pwb-brand-svantek-fr","7":"product_cat-vibrations-fr","8":"product_cat-vibrations-main-bras","9":"pa_vibration-analyse-frequentielle","10":"pa_vibration-appareil-porte","11":"pa_vibration-dosimetrie-fr","12":"pa_vibration-mains-bras","14":"first","15":"instock","16":"shipping-taxable","17":"purchasable","18":"product-type-simple"},"brands":[{"id":1033,"name":"Svantek","slug":"svantek-fr"}],"_links":{"self":[{"href":"https:\/\/hse.isi-be.eu\/fr\/wp-json\/wp\/v2\/product\/234131"}],"collection":[{"href":"https:\/\/hse.isi-be.eu\/fr\/wp-json\/wp\/v2\/product"}],"about":[{"href":"https:\/\/hse.isi-be.eu\/fr\/wp-json\/wp\/v2\/types\/product"}],"wp:featuredmedia":[{"embeddable":true,"href":"https:\/\/hse.isi-be.eu\/fr\/wp-json\/wp\/v2\/media\/683"}],"wp:attachment":[{"href":"https:\/\/hse.isi-be.eu\/fr\/wp-json\/wp\/v2\/media?parent=234131"}],"wp:term":[{"taxonomy":"pwb-brand","embeddable":true,"href":"https:\/\/hse.isi-be.eu\/fr\/wp-json\/wp\/v2\/pwb-brand?post=234131"},{"taxonomy":"product_cat","embeddable":true,"href":"https:\/\/hse.isi-be.eu\/fr\/wp-json\/wp\/v2\/product_cat?post=234131"},{"taxonomy":"product_tag","embeddable":true,"href":"https:\/\/hse.isi-be.eu\/fr\/wp-json\/wp\/v2\/product_tag?post=234131"}],"curies":[{"name":"wp","href":"https:\/\/api.w.org\/{rel}","templated":true}]}}