{"id":234150,"date":"2020-05-25T14:05:13","date_gmt":"2020-05-25T13:05:13","guid":{"rendered":"https:\/\/hse.isi-be.eu\/gidas-viewer\/"},"modified":"2024-09-10T16:06:00","modified_gmt":"2024-09-10T15:06:00","slug":"gidas-viewer","status":"publish","type":"product","link":"https:\/\/hse.isi-be.eu\/fr\/confort-thermique\/gidas-viewer\/","title":{"rendered":"Gidas Viewer"},"content":{"rendered":"<p>[et_pb_section fb_built=\u00a0\u00bb1&Prime; _builder_version=\u00a0\u00bb4.16&Prime; background_color=\u00a0\u00bb#ffffff\u00a0\u00bb background_enable_image=\u00a0\u00bboff\u00a0\u00bb custom_padding=\u00a0\u00bb0px||0px||false|false\u00a0\u00bb global_colors_info=\u00a0\u00bb{}\u00a0\u00bb][et_pb_row _builder_version=\u00a0\u00bb4.16&Prime; background_size=\u00a0\u00bbinitial\u00a0\u00bb background_position=\u00a0\u00bbtop_left\u00a0\u00bb background_repeat=\u00a0\u00bbrepeat\u00a0\u00bb width=\u00a0\u00bb100%\u00a0\u00bb custom_padding=\u00a0\u00bb0px||0px||false|false\u00a0\u00bb global_colors_info=\u00a0\u00bb{}\u00a0\u00bb][et_pb_column type=\u00a0\u00bb4_4&Prime; _builder_version=\u00a0\u00bb4.16&Prime; custom_padding=\u00a0\u00bb|||\u00a0\u00bb global_colors_info=\u00a0\u00bb{}\u00a0\u00bb custom_padding__hover=\u00a0\u00bb|||\u00a0\u00bb][et_pb_wc_breadcrumb _builder_version=\u00a0\u00bb4.16&Prime; global_colors_info=\u00a0\u00bb{}\u00a0\u00bb][\/et_pb_wc_breadcrumb][\/et_pb_column][\/et_pb_row][et_pb_row column_structure=\u00a0\u00bb1_2,1_2&Prime; _builder_version=\u00a0\u00bb4.16&Prime; background_size=\u00a0\u00bbinitial\u00a0\u00bb background_position=\u00a0\u00bbtop_left\u00a0\u00bb background_repeat=\u00a0\u00bbrepeat\u00a0\u00bb width=\u00a0\u00bb100%\u00a0\u00bb custom_padding=\u00a0\u00bb0px||||false|false\u00a0\u00bb global_colors_info=\u00a0\u00bb{}\u00a0\u00bb][et_pb_column type=\u00a0\u00bb1_2&Prime; _builder_version=\u00a0\u00bb4.16&Prime; custom_padding=\u00a0\u00bb|||\u00a0\u00bb global_colors_info=\u00a0\u00bb{}\u00a0\u00bb custom_padding__hover=\u00a0\u00bb|||\u00a0\u00bb][et_pb_wc_images _builder_version=\u00a0\u00bb4.24.2&Prime; _module_preset=\u00a0\u00bbdefault\u00a0\u00bb hover_enabled=\u00a0\u00bb0&Prime; sticky_enabled=\u00a0\u00bb0&Prime;][\/et_pb_wc_images][\/et_pb_column][et_pb_column type=\u00a0\u00bb1_2&Prime; _builder_version=\u00a0\u00bb4.16&Prime; custom_padding=\u00a0\u00bb|||\u00a0\u00bb global_colors_info=\u00a0\u00bb{}\u00a0\u00bb custom_padding__hover=\u00a0\u00bb|||\u00a0\u00bb][et_pb_wc_title _builder_version=\u00a0\u00bb4.16&Prime; global_colors_info=\u00a0\u00bb{}\u00a0\u00bb][\/et_pb_wc_title][et_pb_wc_description _builder_version=\u00a0\u00bb4.16&Prime; header_2_text_color=\u00a0\u00bb#0F4C81&Prime; header_2_line_height=\u00a0\u00bb1.9em\u00a0\u00bb custom_margin=\u00a0\u00bb14px||||false|false\u00a0\u00bb custom_padding=\u00a0\u00bb0px||||false|false\u00a0\u00bb global_colors_info=\u00a0\u00bb{}\u00a0\u00bb][\/et_pb_wc_description][et_pb_button button_url=\u00a0\u00bb&lt;p&gt;hse.isi-be.eu\/get-a-quote-or-rent-now\/&lt;\/p&gt;\u00a0\u00bb button_text=\u00a0\u00bb&lt;p&gt;Demandez un Devis une Offre de Location&lt;\/p&gt;\u00a0\u00bb _builder_version=\u00a0\u00bb4.24.2&Prime; hover_enabled=\u00a0\u00bb0&Prime; global_colors_info=\u00a0\u00bb{}\u00a0\u00bb sticky_enabled=\u00a0\u00bb0&Prime;][\/et_pb_button][et_pb_wc_meta show_sku=\u00a0\u00bboff\u00a0\u00bb show_tags=\u00a0\u00bboff\u00a0\u00bb _builder_version=\u00a0\u00bb4.16&Prime; global_colors_info=\u00a0\u00bb{}\u00a0\u00bb][\/et_pb_wc_meta][\/et_pb_column][\/et_pb_row][et_pb_row _builder_version=\u00a0\u00bb4.16&Prime; width=\u00a0\u00bb90%\u00a0\u00bb global_colors_info=\u00a0\u00bb{}\u00a0\u00bb][et_pb_column type=\u00a0\u00bb4_4&Prime; _builder_version=\u00a0\u00bb4.16&Prime; global_colors_info=\u00a0\u00bb{}\u00a0\u00bb][et_pb_tabs active_tab_background_color=\u00a0\u00bb#f25a00&Prime; inactive_tab_background_color=\u00a0\u00bb#0f4c81&Prime; active_tab_text_color=\u00a0\u00bb#ffffff\u00a0\u00bb admin_label=\u00a0\u00bbTabs\u00a0\u00bb _builder_version=\u00a0\u00bb4.24.2&Prime; tab_text_color=\u00a0\u00bb#ffffff\u00a0\u00bb tab_font=\u00a0\u00bb|700|||||||\u00a0\u00bb hover_enabled=\u00a0\u00bb0&Prime; global_colors_info=\u00a0\u00bb{}\u00a0\u00bb sticky_enabled=\u00a0\u00bb0&Prime;][et_pb_tab title=\u00a0\u00bb&lt;p&gt;Description&lt;\/p&gt;\u00a0\u00bb _builder_version=\u00a0\u00bb4.24.2&Prime; hover_enabled=\u00a0\u00bb0&Prime; global_colors_info=\u00a0\u00bb{}\u00a0\u00bb sticky_enabled=\u00a0\u00bb0&Prime;]<\/p>\n<p>LSI-LASTEM fournit une gamme de programmes pour PC pour la gestion des donn\u00e9es, l&rsquo;affichage des donn\u00e9es, le reporting des donn\u00e9es, la communication des donn\u00e9es et des programmes de calcul applicatifs sp\u00e9ciaux. La gamme de programmes est divis\u00e9e en deux parties principales : les modules de gestion des donn\u00e9es et les modules applicatifs pour les calculs sp\u00e9cifiques.<\/p>\n<p>Elle extrait et produit des tableaux et des graphiques des donn\u00e9es de l&rsquo;enregistreur dans la base de donn\u00e9es SQL GIDAS par les programmes 3DOM et CommNET.<\/p>\n<p>S\u00e9lection des donn\u00e9es<\/p>\n<ul>\n<li>S\u00e9lection de l&rsquo;enregistreur de donn\u00e9es et des seringues par le biais d&rsquo;un navigateur ;<\/li>\n<li>S\u00e9lection des quantit\u00e9s \u00e0 analyser ;<\/li>\n<li>S\u00e9lection des taux d&rsquo;\u00e9laboration statistique pour le traitement des donn\u00e9es.<\/li>\n<li>Possibilit\u00e9 d&rsquo;analyser les donn\u00e9es brutes telles qu&rsquo;elles sont enregistr\u00e9es dans la base de donn\u00e9es, ou les donn\u00e9es trait\u00e9es en utilisant diff\u00e9rents taux d&rsquo;\u00e9laboration (c&rsquo;est-\u00e0-dire horaire, quotidien, etc.) ;<\/li>\n<li>S\u00e9lection des mesures en fonction de la date d&rsquo;acquisition ou des derni\u00e8res mesures ;<\/li>\n<li>stockage de vues pr\u00e9d\u00e9finies pour une extraction et une lecture plus faciles des nouvelles donn\u00e9es enregistr\u00e9es. La vue peut inclure un type ou des quantit\u00e9s diff\u00e9rentes provenant d&rsquo;un ou plusieurs instruments de donn\u00e9es pour agr\u00e9ger les donn\u00e9es provenant de diff\u00e9rents enregistreurs de donn\u00e9es.<\/li>\n<\/ul>\n<div>Vue d&rsquo;ensemble des donn\u00e9es<\/div>\n<ul>\n<li>tableau et graphique multi param\u00e8tres et multi stations ;<\/li>\n<li>fonctions graphiques avanc\u00e9es (zoom, d\u00e9filement)<\/li>\n<li>t\u00e9l\u00e9chargement de donn\u00e9es sous forme de fichiers texte ou de fichiers Excel ;<\/li>\n<li>exportation de graphiques sous forme de fichiers images ;<\/li>\n<li>calcul et affichage de la rose des vents.<\/li>\n<\/ul>\n<div>GIDAS Lite GIDAS Viewer est livr\u00e9 avec le module GIDAS Lite pour offrir des fonctions plus simples et plus rapides. Il comprend 3 sections :<\/div>\n<ul>\n<li>Le t\u00e9l\u00e9chargement de donn\u00e9es dans la base de donn\u00e9es GIDAS 3DOM et CommNET n&rsquo;est pas n\u00e9cessaire ;<\/li>\n<li>la s\u00e9lection des donn\u00e9es pour une visualisation plus facile des donn\u00e9es :<\/li>\n<li>le calcul des indices microclimatiques. Si des licences pour les modules TEA sont disponibles, il est possible de produire un calcul de base des indices de microclimat.<\/li>\n<\/ul>\n<p>[\/et_pb_tab][\/et_pb_tabs][\/et_pb_column][\/et_pb_row][\/et_pb_section]<\/p>\n","protected":false},"excerpt":{"rendered":"<p>GIDAS Viewer est le programme de LSI Lastem qui permet de visualiser les donn\u00e9es historiques t\u00e9l\u00e9charg\u00e9es \u00e0 partir des enregistreurs de donn\u00e9es (via 3DOM, CommNET et P1-CommNET).<\/p>\n<p>Le programme utilise les donn\u00e9es de la base de donn\u00e9es SQL GIDAS et produit des tableaux et des graphiques, \u00e0 la fois des donn\u00e9es brutes et des donn\u00e9es retrait\u00e9es, selon diff\u00e9rentes bases de temps qui peuvent \u00eatre s\u00e9lectionn\u00e9es par l&rsquo;utilisateur. Les r\u00e9\u00e9laborations peuvent \u00eatre export\u00e9es sous forme de fichiers Excel ( CSV) ou de fichiers texte ( TXT), les graphiques peuvent \u00eatre sauvegard\u00e9s sous forme d&rsquo;images (* JPG).<\/p>\n<p>Le programme permet de sauvegarder des filtres de visualisation des donn\u00e9es (Views), avec la possibilit\u00e9 d&rsquo;inclure les donn\u00e9es de plusieurs stations en m\u00eame temps, en utilisant les m\u00eames param\u00e8tres sans avoir \u00e0 les r\u00e9\u00e9diter. L&rsquo;affichage peut inclure une ou plusieurs quantit\u00e9s acquises par un ou plusieurs dispositifs afin d&rsquo;agr\u00e9ger des donn\u00e9es provenant de diff\u00e9rents enregistreurs de donn\u00e9es.<\/p>\n<p><a href=\"https:\/\/hse.isi-be.eu\/wp-content\/uploads\/2024\/06\/Gidas-Viewer.pdf\" target=\"_blank\" rel=\"noopener\"><img loading=\"lazy\" decoding=\"async\" class=\"alignnone wp-image-234108\" src=\"https:\/\/hse.isi-be.eu\/wp-content\/uploads\/2020\/04\/Icon-Datasheet.png\" alt=\"\" width=\"33\" height=\"33\" srcset=\"https:\/\/hse.isi-be.eu\/wp-content\/uploads\/2020\/04\/Icon-Datasheet.png 150w, https:\/\/hse.isi-be.eu\/wp-content\/uploads\/2020\/04\/Icon-Datasheet-100x100.png 100w\" sizes=\"(max-width: 33px) 100vw, 33px\" \/><\/a><a href=\"https:\/\/hse.isi-be.eu\/wp-content\/uploads\/2024\/06\/Gidas-Viewer.pdf\" target=\"_blank\" rel=\"noopener\">Product Datasheet<\/a><\/p>\n","protected":false},"featured_media":234151,"template":"","meta":{"_et_pb_use_builder":"on","_et_pb_old_content":"","_et_gb_content_width":"","inline_featured_image":false},"pwb-brand":[1039],"product_cat":[1098],"product_tag":[],"class_list":{"0":"post-234150","1":"product","2":"type-product","3":"status-publish","4":"has-post-thumbnail","6":"pwb-brand-lsi-lastem-fr","7":"product_cat-confort-thermique","8":"pa_thermal-comfort-cold-stress-fr","9":"pa_thermal-comfort-heat-stress-fr","10":"pa_thermal-comfort-pmv-ppd-fr","11":"pa_thermal-comfort-software-tc-fr","13":"first","14":"instock","15":"shipping-taxable","16":"purchasable","17":"product-type-simple"},"brands":[{"id":1039,"name":"LSI Lastem","slug":"lsi-lastem-fr"}],"_links":{"self":[{"href":"https:\/\/hse.isi-be.eu\/fr\/wp-json\/wp\/v2\/product\/234150"}],"collection":[{"href":"https:\/\/hse.isi-be.eu\/fr\/wp-json\/wp\/v2\/product"}],"about":[{"href":"https:\/\/hse.isi-be.eu\/fr\/wp-json\/wp\/v2\/types\/product"}],"wp:featuredmedia":[{"embeddable":true,"href":"https:\/\/hse.isi-be.eu\/fr\/wp-json\/wp\/v2\/media\/234151"}],"wp:attachment":[{"href":"https:\/\/hse.isi-be.eu\/fr\/wp-json\/wp\/v2\/media?parent=234150"}],"wp:term":[{"taxonomy":"pwb-brand","embeddable":true,"href":"https:\/\/hse.isi-be.eu\/fr\/wp-json\/wp\/v2\/pwb-brand?post=234150"},{"taxonomy":"product_cat","embeddable":true,"href":"https:\/\/hse.isi-be.eu\/fr\/wp-json\/wp\/v2\/product_cat?post=234150"},{"taxonomy":"product_tag","embeddable":true,"href":"https:\/\/hse.isi-be.eu\/fr\/wp-json\/wp\/v2\/product_tag?post=234150"}],"curies":[{"name":"wp","href":"https:\/\/api.w.org\/{rel}","templated":true}]}}