{"id":234171,"date":"2020-03-05T16:09:33","date_gmt":"2020-03-05T15:09:33","guid":{"rendered":"https:\/\/hse.isi-be.eu\/heat-shield\/"},"modified":"2024-09-10T16:11:17","modified_gmt":"2024-09-10T15:11:17","slug":"heat-shield","status":"publish","type":"product","link":"https:\/\/hse.isi-be.eu\/fr\/confort-thermique\/wbgt-fr\/heat-shield\/","title":{"rendered":"Heat Shield"},"content":{"rendered":"<p>[et_pb_section fb_built=\u00a0\u00bb1&Prime; _builder_version=\u00a0\u00bb4.16&Prime; background_color=\u00a0\u00bb#ffffff\u00a0\u00bb background_enable_image=\u00a0\u00bboff\u00a0\u00bb custom_margin=\u00a0\u00bb1px||-57px||false|false\u00a0\u00bb custom_padding=\u00a0\u00bb0px||0px||false|false\u00a0\u00bb collapsed=\u00a0\u00bboff\u00a0\u00bb global_colors_info=\u00a0\u00bb{}\u00a0\u00bb][et_pb_row _builder_version=\u00a0\u00bb4.16&Prime; background_size=\u00a0\u00bbinitial\u00a0\u00bb background_position=\u00a0\u00bbtop_left\u00a0\u00bb background_repeat=\u00a0\u00bbrepeat\u00a0\u00bb width=\u00a0\u00bb100%\u00a0\u00bb custom_padding=\u00a0\u00bb0px||0px||false|false\u00a0\u00bb collapsed=\u00a0\u00bbon\u00a0\u00bb global_colors_info=\u00a0\u00bb{}\u00a0\u00bb][et_pb_column type=\u00a0\u00bb4_4&Prime; _builder_version=\u00a0\u00bb4.16&Prime; custom_padding=\u00a0\u00bb|||\u00a0\u00bb global_colors_info=\u00a0\u00bb{}\u00a0\u00bb custom_padding__hover=\u00a0\u00bb|||\u00a0\u00bb][et_pb_wc_breadcrumb _builder_version=\u00a0\u00bb4.16&Prime; global_colors_info=\u00a0\u00bb{}\u00a0\u00bb][\/et_pb_wc_breadcrumb][\/et_pb_column][\/et_pb_row][et_pb_row column_structure=\u00a0\u00bb1_2,1_2&Prime; _builder_version=\u00a0\u00bb4.16&Prime; background_size=\u00a0\u00bbinitial\u00a0\u00bb background_position=\u00a0\u00bbtop_left\u00a0\u00bb background_repeat=\u00a0\u00bbrepeat\u00a0\u00bb width=\u00a0\u00bb100%\u00a0\u00bb custom_padding=\u00a0\u00bb0px||||false|false\u00a0\u00bb collapsed=\u00a0\u00bbon\u00a0\u00bb global_colors_info=\u00a0\u00bb{}\u00a0\u00bb][et_pb_column type=\u00a0\u00bb1_2&Prime; _builder_version=\u00a0\u00bb4.16&Prime; custom_padding=\u00a0\u00bb|||\u00a0\u00bb global_colors_info=\u00a0\u00bb{}\u00a0\u00bb custom_padding__hover=\u00a0\u00bb|||\u00a0\u00bb][et_pb_wc_images _builder_version=\u00a0\u00bb4.24.2&Prime; _module_preset=\u00a0\u00bbdefault\u00a0\u00bb global_colors_info=\u00a0\u00bb{}\u00a0\u00bb][\/et_pb_wc_images][\/et_pb_column][et_pb_column type=\u00a0\u00bb1_2&Prime; _builder_version=\u00a0\u00bb4.16&Prime; custom_padding=\u00a0\u00bb|||\u00a0\u00bb global_colors_info=\u00a0\u00bb{}\u00a0\u00bb custom_padding__hover=\u00a0\u00bb|||\u00a0\u00bb][et_pb_wc_title _builder_version=\u00a0\u00bb4.16&Prime; global_colors_info=\u00a0\u00bb{}\u00a0\u00bb][\/et_pb_wc_title][et_pb_wc_description _builder_version=\u00a0\u00bb4.16&Prime; header_2_text_color=\u00a0\u00bb#0F4C81&Prime; header_2_line_height=\u00a0\u00bb1.9em\u00a0\u00bb custom_margin=\u00a0\u00bb14px||||false|false\u00a0\u00bb custom_padding=\u00a0\u00bb0px||||false|false\u00a0\u00bb global_colors_info=\u00a0\u00bb{}\u00a0\u00bb][\/et_pb_wc_description][et_pb_button button_url=\u00a0\u00bb&lt;p&gt;http:\/\/hse.isi-be.eu\/get-a-quote-or-rent-now\/&lt;\/p&gt;\u00a0\u00bb button_text=\u00a0\u00bb&lt;p&gt;Demandez un Devis une Offre de Location&lt;\/p&gt;\u00a0\u00bb _builder_version=\u00a0\u00bb4.24.2&Prime; _module_preset=\u00a0\u00bbdefault\u00a0\u00bb global_colors_info=\u00a0\u00bb{}\u00a0\u00bb][\/et_pb_button][et_pb_wc_meta _builder_version=\u00a0\u00bb4.16&Prime; global_colors_info=\u00a0\u00bb{}\u00a0\u00bb][\/et_pb_wc_meta][\/et_pb_column][\/et_pb_row][et_pb_row _builder_version=\u00a0\u00bb4.16&Prime; background_size=\u00a0\u00bbinitial\u00a0\u00bb background_position=\u00a0\u00bbtop_left\u00a0\u00bb background_repeat=\u00a0\u00bbrepeat\u00a0\u00bb width=\u00a0\u00bb100%\u00a0\u00bb min_height=\u00a0\u00bb420px\u00a0\u00bb custom_margin=\u00a0\u00bb|auto|40px|auto||\u00a0\u00bb custom_padding=\u00a0\u00bb||0px|||\u00a0\u00bb saved_tabs=\u00a0\u00bball\u00a0\u00bb locked=\u00a0\u00bboff\u00a0\u00bb global_colors_info=\u00a0\u00bb{}\u00a0\u00bb][et_pb_column type=\u00a0\u00bb4_4&Prime; _builder_version=\u00a0\u00bb4.16&Prime; custom_padding=\u00a0\u00bb|||\u00a0\u00bb global_colors_info=\u00a0\u00bb{}\u00a0\u00bb custom_padding__hover=\u00a0\u00bb|||\u00a0\u00bb][et_pb_tabs active_tab_background_color=\u00a0\u00bb#f25a00&Prime; inactive_tab_background_color=\u00a0\u00bb#0f4c81&Prime; active_tab_text_color=\u00a0\u00bb#ffffff\u00a0\u00bb admin_label=\u00a0\u00bbTabs\u00a0\u00bb _builder_version=\u00a0\u00bb4.24.2&Prime; tab_text_color=\u00a0\u00bb#ffffff\u00a0\u00bb tab_font=\u00a0\u00bb|700|||||||\u00a0\u00bb min_height=\u00a0\u00bb448px\u00a0\u00bb custom_margin=\u00a0\u00bb||50px|||\u00a0\u00bb global_colors_info=\u00a0\u00bb{}\u00a0\u00bb][et_pb_tab title=\u00a0\u00bb&lt;p&gt;Description&lt;\/p&gt;\u00a0\u00bb _builder_version=\u00a0\u00bb4.16&Prime; global_colors_info=\u00a0\u00bb{}\u00a0\u00bb]<\/p>\n<p>Le Heat Shield indique la temp\u00e9rature du globe, la temp\u00e9rature du bulbe humide, la temp\u00e9rature du bulbe sec et l&rsquo;humidit\u00e9 relative et affiche en ligne l&rsquo;indice int\u00e9rieur et ext\u00e9rieur WBGT, l&rsquo;indice de chaleur et l&rsquo;Humidex.<\/p>\n<p>Gr\u00e2ce \u00e0 sa technologie radio int\u00e9gr\u00e9e, le Heat Shield peut prendre en charge jusqu&rsquo;\u00e0 deux unit\u00e9s satellites pour calculer la WBGT \u00e0 diff\u00e9rents niveaux (selon les recommandations de la norme ISO 7243 : 1989) ou dans diff\u00e9rents endroits.<\/p>\n<p>Lorsqu&rsquo;il est \u00e9quip\u00e9 de l&rsquo;an\u00e9mom\u00e8tre, l&rsquo;appareil peut \u00e9galement \u00eatre utilis\u00e9 pour une analyse pr\u00e9cise des environnements thermiques gr\u00e2ce au logiciel le plus avanc\u00e9 disponible sur le march\u00e9 \u00e0 cet effet, GlDAS TEA.<\/p>\n<ul>\n<li>\u00c9valuation rapide, fiable et pr\u00e9cise de l&rsquo;indice WBGT int\u00e9rieur et ext\u00e9rieur<\/li>\n<li>Technologie radio int\u00e9gr\u00e9e pour une surveillance simultan\u00e9e et sans fil \u00e0 diff\u00e9rents endroits et \u00e0 diff\u00e9rentes hauteurs<\/li>\n<li>Class\u00e9 IP54 pour r\u00e9sister \u00e0 des conditions environnementales difficiles<\/li>\n<li>8 Mo de m\u00e9moire pour un enregistrement de donn\u00e9es \u00e9tendu<\/li>\n<li>Autonomie de la batterie : 400h (avec la radio sur 20h)<\/li>\n<li>D\u00e9marrage\/arr\u00eat automatique des mesures<\/li>\n<li>Conception et performances des sondes selon la norme ISO7726<\/li>\n<\/ul>\n<p>GlDAS TEA Le logiciel le plus avanc\u00e9 disponible sur le march\u00e9 pour l&rsquo;analyse de l&rsquo;environnement thermique<\/p>\n<p>Prise en charge de l&rsquo;analyse du confort thermique ISO7730 avec les indices PMV et PPD, la contrainte thermique et froide Pr\u00e9vision de la contrainte thermique (PHS), l&rsquo;isolation requise (IREQ)<\/p>\n<p>Heat Shield comprend la temp\u00e9rature du globe, la temp\u00e9rature du bulbe humide, la temp\u00e9rature du bulbe sec et l&rsquo;humidit\u00e9 relative et affiche en ligne l&rsquo;indice int\u00e9rieur et ext\u00e9rieur WBGT, l&rsquo;indice de chaleur et l&rsquo;humidex. Deux mod\u00e8les sont disponibles, l&rsquo;un (ELR610M) avec un capteur de temp\u00e9rature \u00e0 globe sph\u00e9rique de 5 cm (2&Prime;), l&rsquo;autre (ELR615M) avec un globe sph\u00e9rique de 15 cm (6&Prime;).<\/p>\n<p>[\/et_pb_tab][et_pb_tab title=\u00a0\u00bbVid\u00e9o du produit\u00a0\u00bb _builder_version=\u00a0\u00bb4.18.0&Prime; _module_preset=\u00a0\u00bbdefault\u00a0\u00bb global_colors_info=\u00a0\u00bb{}\u00a0\u00bb]<\/p>\n<p><iframe loading=\"lazy\" title=\"Heat Shield #1 - Introduction\" width=\"1080\" height=\"608\" src=\"https:\/\/www.youtube.com\/embed\/hdLXOmXndrs?feature=oembed\"  allow=\"accelerometer; autoplay; clipboard-write; encrypted-media; gyroscope; picture-in-picture; web-share\" referrerpolicy=\"strict-origin-when-cross-origin\" allowfullscreen><\/iframe><\/p>\n<p><iframe loading=\"lazy\" title=\"Heat Shield #2 - Items list\" width=\"1080\" height=\"608\" src=\"https:\/\/www.youtube.com\/embed\/atlVZqTGO7A?feature=oembed\"  allow=\"accelerometer; autoplay; clipboard-write; encrypted-media; gyroscope; picture-in-picture; web-share\" referrerpolicy=\"strict-origin-when-cross-origin\" allowfullscreen><\/iframe><\/p>\n<p>[\/et_pb_tab][\/et_pb_tabs][\/et_pb_column][\/et_pb_row][\/et_pb_section]<\/p>\n","protected":false},"excerpt":{"rendered":"<p>Heat Shield inclut la temp\u00e9rature du globe, la temp\u00e9rature du bulbe humide, la temp\u00e9rature du bulbe sec et l&rsquo;humidit\u00e9 relative et affiche en ligne l&rsquo;indice WBGT int\u00e9rieur et ext\u00e9rieur, l&rsquo;indice de chaleur et l&rsquo;indice Humidex.<\/p>\n<p>Gr\u00e2ce \u00e0 sa technologie radio int\u00e9gr\u00e9e, Heat Shield peut prendre en charge jusqu&rsquo;\u00e0 deux unit\u00e9s satellites pour calculer le WBGT \u00e0 diff\u00e9rents niveaux (conform\u00e9ment aux recommandations de la norme ISO 7243 : 1989) ou en diff\u00e9rents lieux.<\/p>\n<p>Lorsqu&rsquo;il est \u00e9quip\u00e9 d&rsquo;un an\u00e9mom\u00e8tre, l&rsquo;appareil peut \u00e9galement \u00eatre utilis\u00e9 pour une analyse pr\u00e9cise des environnements thermiques gr\u00e2ce au logiciel le plus avanc\u00e9 disponible sur le march\u00e9 \u00e0 cet effet, GlDAS TEA.<\/p>\n<p><a href=\"https:\/\/hse.isi-be.eu\/wp-content\/uploads\/2024\/06\/Heat-Shield.pdf\" target=\"_blank\" rel=\"noopener\"><img loading=\"lazy\" decoding=\"async\" class=\"alignnone wp-image-234108\" src=\"https:\/\/hse.isi-be.eu\/wp-content\/uploads\/2020\/04\/Icon-Datasheet.png\" alt=\"\" width=\"33\" height=\"33\" srcset=\"https:\/\/hse.isi-be.eu\/wp-content\/uploads\/2020\/04\/Icon-Datasheet.png 150w, https:\/\/hse.isi-be.eu\/wp-content\/uploads\/2020\/04\/Icon-Datasheet-100x100.png 100w\" sizes=\"(max-width: 33px) 100vw, 33px\" \/><\/a><a href=\"https:\/\/hse.isi-be.eu\/wp-content\/uploads\/2024\/06\/Heat-Shield.pdf\" target=\"_blank\" rel=\"noopener\">Product Datasheet<\/a><\/p>\n","protected":false},"featured_media":234173,"template":"","meta":{"_et_pb_use_builder":"on","_et_pb_old_content":"","_et_gb_content_width":"","inline_featured_image":false},"pwb-brand":[1039],"product_cat":[1098,1101],"product_tag":[],"class_list":{"0":"post-234171","1":"product","2":"type-product","3":"status-publish","4":"has-post-thumbnail","6":"pwb-brand-lsi-lastem-fr","7":"product_cat-confort-thermique","8":"product_cat-wbgt-fr","9":"pa_thermal-comfort-heat-stress-fr","10":"pa_thermal-comfort-pmv-ppd-fr","11":"pa_thermal-comfort-vitesse-de-lair","12":"pa_thermal-comfort-wbgt-fr","14":"first","15":"instock","16":"shipping-taxable","17":"purchasable","18":"product-type-simple"},"brands":[{"id":1039,"name":"LSI Lastem","slug":"lsi-lastem-fr"}],"_links":{"self":[{"href":"https:\/\/hse.isi-be.eu\/fr\/wp-json\/wp\/v2\/product\/234171"}],"collection":[{"href":"https:\/\/hse.isi-be.eu\/fr\/wp-json\/wp\/v2\/product"}],"about":[{"href":"https:\/\/hse.isi-be.eu\/fr\/wp-json\/wp\/v2\/types\/product"}],"wp:featuredmedia":[{"embeddable":true,"href":"https:\/\/hse.isi-be.eu\/fr\/wp-json\/wp\/v2\/media\/234173"}],"wp:attachment":[{"href":"https:\/\/hse.isi-be.eu\/fr\/wp-json\/wp\/v2\/media?parent=234171"}],"wp:term":[{"taxonomy":"pwb-brand","embeddable":true,"href":"https:\/\/hse.isi-be.eu\/fr\/wp-json\/wp\/v2\/pwb-brand?post=234171"},{"taxonomy":"product_cat","embeddable":true,"href":"https:\/\/hse.isi-be.eu\/fr\/wp-json\/wp\/v2\/product_cat?post=234171"},{"taxonomy":"product_tag","embeddable":true,"href":"https:\/\/hse.isi-be.eu\/fr\/wp-json\/wp\/v2\/product_tag?post=234171"}],"curies":[{"name":"wp","href":"https:\/\/api.w.org\/{rel}","templated":true}]}}