{"id":234190,"date":"2020-03-05T15:45:31","date_gmt":"2020-03-05T14:45:31","guid":{"rendered":"https:\/\/hse.isi-be.eu\/mesureur-de-champ-electromagnetique\/"},"modified":"2024-09-10T16:11:31","modified_gmt":"2024-09-10T15:11:31","slug":"mesureur-de-champ-electromagnetique","status":"publish","type":"product","link":"https:\/\/hse.isi-be.eu\/fr\/champs-electromagnetiques\/monitoring-cem\/mesureur-de-champ-electromagnetique\/","title":{"rendered":"Mesureur de Champ \u00c9lectromagn\u00e9tique"},"content":{"rendered":"<p>[et_pb_section fb_built=\u00a0\u00bb1&Prime; _builder_version=\u00a0\u00bb4.16&Prime; background_color=\u00a0\u00bb#ffffff\u00a0\u00bb background_enable_image=\u00a0\u00bboff\u00a0\u00bb custom_padding=\u00a0\u00bb0px||0px||false|false\u00a0\u00bb global_colors_info=\u00a0\u00bb{}\u00a0\u00bb][et_pb_row _builder_version=\u00a0\u00bb4.16&Prime; background_size=\u00a0\u00bbinitial\u00a0\u00bb background_position=\u00a0\u00bbtop_left\u00a0\u00bb background_repeat=\u00a0\u00bbrepeat\u00a0\u00bb width=\u00a0\u00bb100%\u00a0\u00bb custom_padding=\u00a0\u00bb0px||0px||false|false\u00a0\u00bb global_colors_info=\u00a0\u00bb{}\u00a0\u00bb collapsed=\u00a0\u00bbon\u00a0\u00bb][et_pb_column type=\u00a0\u00bb4_4&Prime; _builder_version=\u00a0\u00bb4.16&Prime; custom_padding=\u00a0\u00bb|||\u00a0\u00bb global_colors_info=\u00a0\u00bb{}\u00a0\u00bb custom_padding__hover=\u00a0\u00bb|||\u00a0\u00bb]<\/p>\n<p>[et_pb_wc_breadcrumb _builder_version=\u00a0\u00bb4.16&Prime; global_colors_info=\u00a0\u00bb{}\u00a0\u00bb][\/et_pb_wc_breadcrumb]<\/p>\n<p>[\/et_pb_column][\/et_pb_row][et_pb_row column_structure=\u00a0\u00bb1_2,1_2&Prime; _builder_version=\u00a0\u00bb4.16&Prime; background_size=\u00a0\u00bbinitial\u00a0\u00bb background_position=\u00a0\u00bbtop_left\u00a0\u00bb background_repeat=\u00a0\u00bbrepeat\u00a0\u00bb width=\u00a0\u00bb100%\u00a0\u00bb custom_padding=\u00a0\u00bb0px||||false|false\u00a0\u00bb global_colors_info=\u00a0\u00bb{}\u00a0\u00bb collapsed=\u00a0\u00bbon\u00a0\u00bb][et_pb_column type=\u00a0\u00bb1_2&Prime; _builder_version=\u00a0\u00bb4.16&Prime; custom_padding=\u00a0\u00bb|||\u00a0\u00bb global_colors_info=\u00a0\u00bb{}\u00a0\u00bb custom_padding__hover=\u00a0\u00bb|||\u00a0\u00bb]<\/p>\n<p>[et_pb_wc_images _builder_version=\u00a0\u00bb4.24.2&Prime; _module_preset=\u00a0\u00bbdefault\u00a0\u00bb hover_enabled=\u00a0\u00bb0&Prime; sticky_enabled=\u00a0\u00bb0&Prime;][\/et_pb_wc_images]<\/p>\n<p>[\/et_pb_column][et_pb_column type=\u00a0\u00bb1_2&Prime; _builder_version=\u00a0\u00bb4.16&Prime; custom_padding=\u00a0\u00bb|||\u00a0\u00bb global_colors_info=\u00a0\u00bb{}\u00a0\u00bb custom_padding__hover=\u00a0\u00bb|||\u00a0\u00bb][et_pb_wc_title _builder_version=\u00a0\u00bb4.16&Prime; global_colors_info=\u00a0\u00bb{}\u00a0\u00bb][\/et_pb_wc_title][et_pb_wc_description _builder_version=\u00a0\u00bb4.24.2&Prime; header_2_text_color=\u00a0\u00bb#0F4C81&Prime; header_2_line_height=\u00a0\u00bb1.9em\u00a0\u00bb custom_margin=\u00a0\u00bb14px||||false|false\u00a0\u00bb custom_padding=\u00a0\u00bb0px||||false|false\u00a0\u00bb hover_enabled=\u00a0\u00bb0&Prime; global_colors_info=\u00a0\u00bb{}\u00a0\u00bb sticky_enabled=\u00a0\u00bb0&Prime;][\/et_pb_wc_description][et_pb_button _builder_version=\u00a0\u00bb4.24.2&Prime; _module_preset=\u00a0\u00bbdefault\u00a0\u00bb button_text=\u00a0\u00bb&lt;p&gt;Demandez un Devis une Offre de Location&lt;\/p&gt;\u00a0\u00bb button_url=\u00a0\u00bb&lt;p&gt;https:\/\/hse.isi-be.eu\/get-a-quote-or-rent-now\/&lt;\/p&gt;\u00a0\u00bb hover_enabled=\u00a0\u00bb0&Prime; sticky_enabled=\u00a0\u00bb0&Prime;][\/et_pb_button][et_pb_wc_meta show_sku=\u00a0\u00bboff\u00a0\u00bb show_tags=\u00a0\u00bboff\u00a0\u00bb _builder_version=\u00a0\u00bb4.16&Prime; global_colors_info=\u00a0\u00bb{}\u00a0\u00bb][\/et_pb_wc_meta][\/et_pb_column][\/et_pb_row][et_pb_row _builder_version=\u00a0\u00bb4.16&Prime; background_size=\u00a0\u00bbinitial\u00a0\u00bb background_position=\u00a0\u00bbtop_left\u00a0\u00bb background_repeat=\u00a0\u00bbrepeat\u00a0\u00bb width=\u00a0\u00bb100%\u00a0\u00bb saved_tabs=\u00a0\u00bball\u00a0\u00bb global_colors_info=\u00a0\u00bb{}\u00a0\u00bb][et_pb_column type=\u00a0\u00bb4_4&Prime; _builder_version=\u00a0\u00bb4.16&Prime; custom_padding=\u00a0\u00bb|||\u00a0\u00bb global_colors_info=\u00a0\u00bb{}\u00a0\u00bb custom_padding__hover=\u00a0\u00bb|||\u00a0\u00bb][et_pb_tabs active_tab_background_color=\u00a0\u00bb#f25a00&Prime; inactive_tab_background_color=\u00a0\u00bb#0f4c81&Prime; active_tab_text_color=\u00a0\u00bb#ffffff\u00a0\u00bb admin_label=\u00a0\u00bbTabs\u00a0\u00bb _builder_version=\u00a0\u00bb4.24.2&Prime; tab_text_color=\u00a0\u00bb#ffffff\u00a0\u00bb tab_font=\u00a0\u00bb|700|||||||\u00a0\u00bb hover_enabled=\u00a0\u00bb0&Prime; global_colors_info=\u00a0\u00bb{}\u00a0\u00bb sticky_enabled=\u00a0\u00bb0&Prime;][et_pb_tab title=\u00a0\u00bb&lt;p&gt;Description&lt;\/p&gt;\u00a0\u00bb _builder_version=\u00a0\u00bb4.24.2&Prime; hover_enabled=\u00a0\u00bb0&Prime; global_colors_info=\u00a0\u00bb{}\u00a0\u00bb sticky_enabled=\u00a0\u00bb0&Prime;]<\/p>\n<p>Le syst\u00e8me portable de surveillance des champs \u00e9lectromagn\u00e9tiques SMP3 peut mesurer les niveaux de champs \u00e9lectromagn\u00e9tiques g\u00e9n\u00e9r\u00e9s par n&rsquo;importe quelle source dans la gamme de fr\u00e9quences de la sonde fix\u00e9e au syst\u00e8me.<\/p>\n<p>Il combine 3 instruments en 1 : Mesures \u00e0 large bande jusqu&rsquo;\u00e0 60 GHz, analyse du spectre de fr\u00e9quences (FFT jusqu&rsquo;\u00e0 10 MHz) et mesures de champs statiques.<\/p>\n<p>Le SMP3 a \u00e9t\u00e9 d\u00e9velopp\u00e9 pour r\u00e9pondre aux exigences des clients dans le domaine des mesures de s\u00e9curit\u00e9 RF. Sa polyvalence en fait un outil de mesure parfait pour de nombreux secteurs et industries diff\u00e9rents tels que le chemin de fer, l&rsquo;\u00e9nergie, la fabrication, la chimie, la m\u00e9decine, la d\u00e9fense, la RFID et l&rsquo;EAS, les t\u00e9l\u00e9communications, etc.<\/p>\n<p>Ces mesures peuvent \u00eatre effectu\u00e9es rapidement et facilement n&rsquo;importe o\u00f9 car le SMP3 est portable et simple \u00e0 manipuler et \u00e0 utiliser.<\/p>\n<p>Le SMP3 peut \u00e9chantillonner le niveau du terrain en continu et stocker automatiquement ces donn\u00e9es dans sa m\u00e9moire int\u00e9gr\u00e9e \u00e0 des intervalles configur\u00e9s par l&rsquo;utilisateur, avec une capacit\u00e9 allant jusqu&rsquo;\u00e0 1 000 000 d&rsquo;\u00e9chantillons.<\/p>\n<p>Les donn\u00e9es stock\u00e9es dans la m\u00e9moire peuvent \u00eatre facilement t\u00e9l\u00e9charg\u00e9es sur un ordinateur via un port USB ou \u00e0 fibre optique pour un traitement ult\u00e9rieur.<\/p>\n<p>Le SMP3 est \u00e9galement disponible avec un r\u00e9cepteur GPS int\u00e9gr\u00e9 qui permet d&rsquo;associer automatiquement chaque mesure \u00e0 l&#8217;emplacement g\u00e9ographique o\u00f9 elle a \u00e9t\u00e9 prise.<\/p>\n<p>[\/et_pb_tab][\/et_pb_tabs][\/et_pb_column][\/et_pb_row][\/et_pb_section]<\/p>\n","protected":false},"excerpt":{"rendered":"<p>Notre nouvelle solution SMP3-Streamer est un syst\u00e8me de mesure de champ \u00e9lectromagn\u00e9tique en temps r\u00e9el conforme aux nouvelles exigences des tests automobiles concernant l&rsquo;exposition humaine aux champs \u00e9lectromagn\u00e9tiques, comme GB\/T 37130, MBN 10284-2, TSC 7048G et bien d&rsquo;autres.<\/p>\n<p>Il combine 3 instruments en 1 : mesures \u00e0 large bande jusqu&rsquo;\u00e0 60 GHz, analyse du spectre de fr\u00e9quence (FFT jusqu&rsquo;\u00e0 10 MHz) et mesures du champ statique.<\/p>\n<p>N&rsquo;oubliez pas qu&rsquo;un nouveau\u00a0<a href=\"https:\/\/www.cohezio.be\/sites\/default\/files\/ar_20.05.2016-mb_10.06.2016-champs_electromagnetiques.pdf\">D\u00e9cret Royal de 2016<\/a> oblige les entreprises \u00e0 fournir \u00e0 leurs employ\u00e9s un environnement de travail qui ne d\u00e9passe pas les limites d&rsquo;exposition en termes de CEM.<\/p>\n<p><strong>NOUVEAU FIRMWARE :<\/strong><br \/><strong>&#8211; R\u00e9glage pr\u00e9d\u00e9fini pour 6 minutes ou 30 minutes AVG<\/strong><br \/><strong>&#8211; Limites ICNIRP 2020<\/strong><\/p>\n<p>D\u00e9couvrez tous les produits <a href=\"https:\/\/hse.isi-be.eu\/brands\/\">Wavecontrol<\/a> en cliquant sur les liens suivants :<\/p>\n<ul>\n<li><a href=\"https:\/\/hse.isi-be.eu\/wavemon\/\">Wavemon\u00a0<\/a><\/li>\n<li><a href=\"https:\/\/hse.isi-be.eu\/monitem\/\">MonitEM<\/a><\/li>\n<li><a href=\"https:\/\/hse.isi-be.eu\/monitem-lab\/\">MonitEM Lab<\/a><\/li>\n<li><a href=\"https:\/\/hse.isi-be.eu\/emf-probe-e-h-field\/\">Sondes E &amp; H Field<\/a><\/li>\n<li><a href=\"https:\/\/hse.isi-be.eu\/emf-probe-e-field\/\">Sondes E Field<\/a><\/li>\n<li><a href=\"https:\/\/hse.isi-be.eu\/emf-probe-h-field\/\">Sondes H Field<\/a><\/li>\n<\/ul>\n<p><a href=\"https:\/\/hse.isi-be.eu\/wp-content\/uploads\/2024\/03\/Datasheet_SMP3.pdf\" target=\"_blank\" rel=\"noopener\"><img loading=\"lazy\" decoding=\"async\" class=\"alignnone wp-image-234108\" src=\"https:\/\/hse.isi-be.eu\/wp-content\/uploads\/2020\/04\/Icon-Datasheet.png\" alt=\"\" width=\"33\" height=\"33\" srcset=\"https:\/\/hse.isi-be.eu\/wp-content\/uploads\/2020\/04\/Icon-Datasheet.png 150w, https:\/\/hse.isi-be.eu\/wp-content\/uploads\/2020\/04\/Icon-Datasheet-100x100.png 100w\" sizes=\"(max-width: 33px) 100vw, 33px\" \/><\/a><a href=\"https:\/\/hse.isi-be.eu\/wp-content\/uploads\/2024\/03\/Datasheet_SMP3.pdf\" target=\"_blank\" rel=\"noopener\">Product Datasheet<\/a><\/p>\n","protected":false},"featured_media":228411,"template":"","meta":{"_et_pb_use_builder":"on","_et_pb_old_content":"","_et_gb_content_width":"","inline_featured_image":false},"pwb-brand":[1045],"product_cat":[1084,1088,1087,1091],"product_tag":[],"class_list":{"0":"post-234190","1":"product","2":"type-product","3":"status-publish","4":"has-post-thumbnail","6":"pwb-brand-wavecontrol-fr","7":"product_cat-champs-electromagnetiques","8":"product_cat-mesureurs-personnels-de-cem","9":"product_cat-monitoring-cem","10":"product_cat-sondes-cem","11":"pa_emf-appareil-portable","12":"pa_emf-champs-electrique","13":"pa_emf-champs-magnetique","15":"first","16":"instock","17":"shipping-taxable","18":"purchasable","19":"product-type-simple"},"brands":[{"id":1045,"name":"Wavecontrol","slug":"wavecontrol-fr"}],"_links":{"self":[{"href":"https:\/\/hse.isi-be.eu\/fr\/wp-json\/wp\/v2\/product\/234190"}],"collection":[{"href":"https:\/\/hse.isi-be.eu\/fr\/wp-json\/wp\/v2\/product"}],"about":[{"href":"https:\/\/hse.isi-be.eu\/fr\/wp-json\/wp\/v2\/types\/product"}],"wp:featuredmedia":[{"embeddable":true,"href":"https:\/\/hse.isi-be.eu\/fr\/wp-json\/wp\/v2\/media\/228411"}],"wp:attachment":[{"href":"https:\/\/hse.isi-be.eu\/fr\/wp-json\/wp\/v2\/media?parent=234190"}],"wp:term":[{"taxonomy":"pwb-brand","embeddable":true,"href":"https:\/\/hse.isi-be.eu\/fr\/wp-json\/wp\/v2\/pwb-brand?post=234190"},{"taxonomy":"product_cat","embeddable":true,"href":"https:\/\/hse.isi-be.eu\/fr\/wp-json\/wp\/v2\/product_cat?post=234190"},{"taxonomy":"product_tag","embeddable":true,"href":"https:\/\/hse.isi-be.eu\/fr\/wp-json\/wp\/v2\/product_tag?post=234190"}],"curies":[{"name":"wp","href":"https:\/\/api.w.org\/{rel}","templated":true}]}}