{"id":234235,"date":"2020-05-04T14:34:34","date_gmt":"2020-05-04T13:34:34","guid":{"rendered":"https:\/\/hse.isi-be.eu\/monitem-surveillance-des-ondes-radio-a-linterieur-des-batiments\/"},"modified":"2024-09-10T16:06:50","modified_gmt":"2024-09-10T15:06:50","slug":"monitem-surveillance-des-ondes-radio-a-linterieur-des-batiments","status":"publish","type":"product","link":"https:\/\/hse.isi-be.eu\/fr\/champs-electromagnetiques\/monitoring-cem\/monitem-surveillance-des-ondes-radio-a-linterieur-des-batiments\/","title":{"rendered":"MonitEM &#8211; Surveillance des Ondes Radio \u00e0 l&rsquo;Int\u00e9rieur des B\u00e2timents"},"content":{"rendered":"<p>[et_pb_section fb_built=\u00a0\u00bb1&Prime; _builder_version=\u00a0\u00bb4.16&Prime; background_color=\u00a0\u00bb#ffffff\u00a0\u00bb background_enable_image=\u00a0\u00bboff\u00a0\u00bb custom_padding=\u00a0\u00bb0px||0px||false|false\u00a0\u00bb global_colors_info=\u00a0\u00bb{}\u00a0\u00bb][et_pb_row _builder_version=\u00a0\u00bb4.16&Prime; background_size=\u00a0\u00bbinitial\u00a0\u00bb background_position=\u00a0\u00bbtop_left\u00a0\u00bb background_repeat=\u00a0\u00bbrepeat\u00a0\u00bb width=\u00a0\u00bb100%\u00a0\u00bb custom_padding=\u00a0\u00bb0px||0px||false|false\u00a0\u00bb collapsed=\u00a0\u00bbon\u00a0\u00bb global_colors_info=\u00a0\u00bb{}\u00a0\u00bb][et_pb_column type=\u00a0\u00bb4_4&Prime; _builder_version=\u00a0\u00bb4.16&Prime; custom_padding=\u00a0\u00bb|||\u00a0\u00bb global_colors_info=\u00a0\u00bb{}\u00a0\u00bb custom_padding__hover=\u00a0\u00bb|||\u00a0\u00bb][et_pb_wc_breadcrumb _builder_version=\u00a0\u00bb4.16&Prime; global_colors_info=\u00a0\u00bb{}\u00a0\u00bb][\/et_pb_wc_breadcrumb][\/et_pb_column][\/et_pb_row][et_pb_row column_structure=\u00a0\u00bb1_2,1_2&Prime; _builder_version=\u00a0\u00bb4.16&Prime; background_size=\u00a0\u00bbinitial\u00a0\u00bb background_position=\u00a0\u00bbtop_left\u00a0\u00bb background_repeat=\u00a0\u00bbrepeat\u00a0\u00bb width=\u00a0\u00bb100%\u00a0\u00bb custom_padding=\u00a0\u00bb0px||||false|false\u00a0\u00bb global_colors_info=\u00a0\u00bb{}\u00a0\u00bb][et_pb_column type=\u00a0\u00bb1_2&Prime; _builder_version=\u00a0\u00bb4.16&Prime; custom_padding=\u00a0\u00bb|||\u00a0\u00bb global_colors_info=\u00a0\u00bb{}\u00a0\u00bb custom_padding__hover=\u00a0\u00bb|||\u00a0\u00bb][et_pb_wc_images _builder_version=\u00a0\u00bb4.24.2&Prime; _module_preset=\u00a0\u00bbdefault\u00a0\u00bb hover_enabled=\u00a0\u00bb0&Prime; sticky_enabled=\u00a0\u00bb0&Prime;][\/et_pb_wc_images][\/et_pb_column][et_pb_column type=\u00a0\u00bb1_2&Prime; _builder_version=\u00a0\u00bb4.16&Prime; custom_padding=\u00a0\u00bb|||\u00a0\u00bb global_colors_info=\u00a0\u00bb{}\u00a0\u00bb custom_padding__hover=\u00a0\u00bb|||\u00a0\u00bb][et_pb_wc_title _builder_version=\u00a0\u00bb4.16&Prime; global_colors_info=\u00a0\u00bb{}\u00a0\u00bb][\/et_pb_wc_title][et_pb_wc_description _builder_version=\u00a0\u00bb4.16&Prime; header_2_text_color=\u00a0\u00bb#0F4C81&Prime; header_2_line_height=\u00a0\u00bb1.9em\u00a0\u00bb custom_margin=\u00a0\u00bb14px||||false|false\u00a0\u00bb custom_padding=\u00a0\u00bb0px||||false|false\u00a0\u00bb global_colors_info=\u00a0\u00bb{}\u00a0\u00bb][\/et_pb_wc_description][et_pb_button button_url=\u00a0\u00bbhttps:\/\/hse.isi-be.eu\/fr\/?page_id=234588&Prime; button_text=\u00a0\u00bb&lt;p&gt;Demandez un Devis une Offre de Location&lt;\/p&gt;\u00a0\u00bb _builder_version=\u00a0\u00bb4.24.2&Prime; _module_preset=\u00a0\u00bbdefault\u00a0\u00bb global_colors_info=\u00a0\u00bb{}\u00a0\u00bb][\/et_pb_button][et_pb_wc_meta show_sku=\u00a0\u00bboff\u00a0\u00bb show_tags=\u00a0\u00bboff\u00a0\u00bb _builder_version=\u00a0\u00bb4.16&Prime; global_colors_info=\u00a0\u00bb{}\u00a0\u00bb][\/et_pb_wc_meta][\/et_pb_column][\/et_pb_row][et_pb_row _builder_version=\u00a0\u00bb4.16&Prime; background_size=\u00a0\u00bbinitial\u00a0\u00bb background_position=\u00a0\u00bbtop_left\u00a0\u00bb background_repeat=\u00a0\u00bbrepeat\u00a0\u00bb width=\u00a0\u00bb100%\u00a0\u00bb saved_tabs=\u00a0\u00bball\u00a0\u00bb global_colors_info=\u00a0\u00bb{}\u00a0\u00bb][et_pb_column type=\u00a0\u00bb4_4&Prime; _builder_version=\u00a0\u00bb4.16&Prime; custom_padding=\u00a0\u00bb|||\u00a0\u00bb global_colors_info=\u00a0\u00bb{}\u00a0\u00bb custom_padding__hover=\u00a0\u00bb|||\u00a0\u00bb][et_pb_tabs active_tab_background_color=\u00a0\u00bb#f25a00&Prime; inactive_tab_background_color=\u00a0\u00bb#0f4c81&Prime; active_tab_text_color=\u00a0\u00bb#ffffff\u00a0\u00bb admin_label=\u00a0\u00bbTabs\u00a0\u00bb _builder_version=\u00a0\u00bb4.24.2&Prime; tab_text_color=\u00a0\u00bb#ffffff\u00a0\u00bb tab_font=\u00a0\u00bb|700|||||||\u00a0\u00bb global_colors_info=\u00a0\u00bb{}\u00a0\u00bb][et_pb_tab title=\u00a0\u00bb&lt;p&gt;Description&lt;\/p&gt;\u00a0\u00bb _builder_version=\u00a0\u00bb4.16&Prime; global_colors_info=\u00a0\u00bb{}\u00a0\u00bb]<\/p>\n<p>Mesure continue des champs \u00e9lectromagn\u00e9tiques<\/p>\n<p>Un syst\u00e8me de surveillance permanente qui permet de contr\u00f4ler en permanence les niveaux d&rsquo;\u00e9mission des sources de rayonnement \u00e9lectromagn\u00e9tique (antennes cellulaires, \u00e9quipements RF et radiateurs, etc.) et la v\u00e9rification qu&rsquo;ils r\u00e9pondent aux normes de s\u00e9curit\u00e9 \u00e9tablies par les autorit\u00e9s comp\u00e9tentes et les r\u00e9glementations de chaque pays.<\/p>\n<p>Les mesures prises peuvent \u00eatre publi\u00e9es via l&rsquo;Intranet\/Internet.<\/p>\n<p>Caract\u00e9ristiques:<\/p>\n<ul>\n<li><strong>Surveillance 24&#215;365<\/strong> Une surveillance permanente 24 heures sur 24<\/li>\n<li><strong>Mesures de la large bande<\/strong> Cela permet de surveiller facilement l&rsquo;exposition humaine aux CEM<\/li>\n<li><strong>Alarmes<\/strong> Alarmes en temps r\u00e9el, sonores et visuelles<\/li>\n<li><strong>Conformit\u00e9 \u00e0 la norme UIT-T K.83<\/strong> Comparaison directe, facile et compr\u00e9hensible avec les limites r\u00e9glement\u00e9es<\/li>\n<li><strong>Centre de contr\u00f4le<\/strong> Gestion des \u00e9quipements et suivi des mesures en temps r\u00e9el<\/li>\n<li><strong>Suivi des r\u00e9sultats<\/strong> Les niveaux surveill\u00e9s peuvent \u00eatre suivis avec un PC via ethernet, ou via intranet\/internet gr\u00e2ce \u00e0 un centre de contr\u00f4le optionnel<\/li>\n<\/ul>\n<p>[\/et_pb_tab][\/et_pb_tabs][\/et_pb_column][\/et_pb_row][\/et_pb_section]<\/p>\n","protected":false},"excerpt":{"rendered":"<p>Mesure en continu des champs \u00e9lectromagn\u00e9tiques<\/p>\n<p>Syst\u00e8me de surveillance permanente permettant de contr\u00f4ler en permanence les niveaux d&rsquo;\u00e9mission des sources de rayonnement \u00e9lectromagn\u00e9tique (antennes cellulaires, \u00e9quipements RF et radiateurs, etc,<br \/>) et de v\u00e9rifier qu&rsquo;ils respectent les normes de s\u00e9curit\u00e9 \u00e9tablies par les autorit\u00e9s comp\u00e9tentes et les r\u00e9glementations de chaque pays.<\/p>\n<p>Les mesures effectu\u00e9es peuvent \u00eatre publi\u00e9es via l&rsquo;Intranet\/Internet.<\/p>\n<p><a href=\"https:\/\/hse.isi-be.eu\/wp-content\/uploads\/2020\/05\/MonitEM_Lab_Datasheet_EN_compressed.pdf\" target=\"_blank\" rel=\"noopener\"><img loading=\"lazy\" decoding=\"async\" class=\"alignnone  wp-image-234108\" src=\"https:\/\/hse.isi-be.eu\/wp-content\/uploads\/2020\/04\/Icon-Datasheet.png\" alt=\"\" width=\"33\" height=\"33\" srcset=\"https:\/\/hse.isi-be.eu\/wp-content\/uploads\/2020\/04\/Icon-Datasheet.png 150w, https:\/\/hse.isi-be.eu\/wp-content\/uploads\/2020\/04\/Icon-Datasheet-100x100.png 100w\" sizes=\"(max-width: 33px) 100vw, 33px\" \/>Product Datasheet<\/a><\/p>\n","protected":false},"featured_media":234238,"template":"","meta":{"_et_pb_use_builder":"on","_et_pb_old_content":"","_et_gb_content_width":"","inline_featured_image":false},"pwb-brand":[1045],"product_cat":[1084,1087],"product_tag":[],"class_list":{"0":"post-234235","1":"product","2":"type-product","3":"status-publish","4":"has-post-thumbnail","6":"pwb-brand-wavecontrol-fr","7":"product_cat-champs-electromagnetiques","8":"product_cat-monitoring-cem","9":"pa_emf-champs-electrique","10":"pa_emf-champs-magnetique","11":"pa_emf-station-de-mesure-autonome","13":"first","14":"instock","15":"shipping-taxable","16":"purchasable","17":"product-type-simple"},"brands":[{"id":1045,"name":"Wavecontrol","slug":"wavecontrol-fr"}],"_links":{"self":[{"href":"https:\/\/hse.isi-be.eu\/fr\/wp-json\/wp\/v2\/product\/234235"}],"collection":[{"href":"https:\/\/hse.isi-be.eu\/fr\/wp-json\/wp\/v2\/product"}],"about":[{"href":"https:\/\/hse.isi-be.eu\/fr\/wp-json\/wp\/v2\/types\/product"}],"wp:featuredmedia":[{"embeddable":true,"href":"https:\/\/hse.isi-be.eu\/fr\/wp-json\/wp\/v2\/media\/234238"}],"wp:attachment":[{"href":"https:\/\/hse.isi-be.eu\/fr\/wp-json\/wp\/v2\/media?parent=234235"}],"wp:term":[{"taxonomy":"pwb-brand","embeddable":true,"href":"https:\/\/hse.isi-be.eu\/fr\/wp-json\/wp\/v2\/pwb-brand?post=234235"},{"taxonomy":"product_cat","embeddable":true,"href":"https:\/\/hse.isi-be.eu\/fr\/wp-json\/wp\/v2\/product_cat?post=234235"},{"taxonomy":"product_tag","embeddable":true,"href":"https:\/\/hse.isi-be.eu\/fr\/wp-json\/wp\/v2\/product_tag?post=234235"}],"curies":[{"name":"wp","href":"https:\/\/api.w.org\/{rel}","templated":true}]}}