{"id":234246,"date":"2020-03-04T17:39:16","date_gmt":"2020-03-04T16:39:16","guid":{"rendered":"https:\/\/hse.isi-be.eu\/wavemon-moniteur-personnel-emf\/"},"modified":"2024-09-10T16:13:14","modified_gmt":"2024-09-10T15:13:14","slug":"wavemon-moniteur-personnel-emf","status":"publish","type":"product","link":"https:\/\/hse.isi-be.eu\/fr\/champs-electromagnetiques\/mesureurs-personnels-de-cem\/wavemon-moniteur-personnel-emf\/","title":{"rendered":"WaveMon &#8211; Moniteur Personnel EMF"},"content":{"rendered":"<p>[et_pb_section fb_built=\u00a0\u00bb1&Prime; _builder_version=\u00a0\u00bb4.16&Prime; background_color=\u00a0\u00bb#ffffff\u00a0\u00bb background_enable_image=\u00a0\u00bboff\u00a0\u00bb custom_padding=\u00a0\u00bb0px||0px||false|false\u00a0\u00bb global_colors_info=\u00a0\u00bb{}\u00a0\u00bb][et_pb_row _builder_version=\u00a0\u00bb4.16&Prime; background_size=\u00a0\u00bbinitial\u00a0\u00bb background_position=\u00a0\u00bbtop_left\u00a0\u00bb background_repeat=\u00a0\u00bbrepeat\u00a0\u00bb width=\u00a0\u00bb100%\u00a0\u00bb custom_padding=\u00a0\u00bb0px||0px||false|false\u00a0\u00bb global_colors_info=\u00a0\u00bb{}\u00a0\u00bb][et_pb_column type=\u00a0\u00bb4_4&Prime; _builder_version=\u00a0\u00bb4.16&Prime; custom_padding=\u00a0\u00bb|||\u00a0\u00bb global_colors_info=\u00a0\u00bb{}\u00a0\u00bb custom_padding__hover=\u00a0\u00bb|||\u00a0\u00bb]<\/p>\n<p>[et_pb_wc_breadcrumb _builder_version=\u00a0\u00bb4.16&Prime; global_colors_info=\u00a0\u00bb{}\u00a0\u00bb][\/et_pb_wc_breadcrumb]<\/p>\n<p>[\/et_pb_column][\/et_pb_row][et_pb_row column_structure=\u00a0\u00bb1_2,1_2&Prime; _builder_version=\u00a0\u00bb4.16&Prime; background_size=\u00a0\u00bbinitial\u00a0\u00bb background_position=\u00a0\u00bbtop_left\u00a0\u00bb background_repeat=\u00a0\u00bbrepeat\u00a0\u00bb width=\u00a0\u00bb100%\u00a0\u00bb custom_padding=\u00a0\u00bb0px||||false|false\u00a0\u00bb global_colors_info=\u00a0\u00bb{}\u00a0\u00bb][et_pb_column type=\u00a0\u00bb1_2&Prime; _builder_version=\u00a0\u00bb4.16&Prime; custom_padding=\u00a0\u00bb|||\u00a0\u00bb global_colors_info=\u00a0\u00bb{}\u00a0\u00bb custom_padding__hover=\u00a0\u00bb|||\u00a0\u00bb]<\/p>\n<p>[et_pb_wc_images _builder_version=\u00a0\u00bb4.24.2&Prime; _module_preset=\u00a0\u00bbdefault\u00a0\u00bb hover_enabled=\u00a0\u00bb0&Prime; sticky_enabled=\u00a0\u00bb0&Prime;][\/et_pb_wc_images]<\/p>\n<p>[\/et_pb_column][et_pb_column type=\u00a0\u00bb1_2&Prime; _builder_version=\u00a0\u00bb4.16&Prime; custom_padding=\u00a0\u00bb|||\u00a0\u00bb global_colors_info=\u00a0\u00bb{}\u00a0\u00bb custom_padding__hover=\u00a0\u00bb|||\u00a0\u00bb][et_pb_wc_title _builder_version=\u00a0\u00bb4.16&Prime; global_colors_info=\u00a0\u00bb{}\u00a0\u00bb][\/et_pb_wc_title][et_pb_wc_description _builder_version=\u00a0\u00bb4.16&Prime; header_2_text_color=\u00a0\u00bb#0F4C81&Prime; header_2_line_height=\u00a0\u00bb1.9em\u00a0\u00bb custom_margin=\u00a0\u00bb14px||||false|false\u00a0\u00bb custom_padding=\u00a0\u00bb0px||||false|false\u00a0\u00bb global_colors_info=\u00a0\u00bb{}\u00a0\u00bb][\/et_pb_wc_description][et_pb_button button_url=\u00a0\u00bb&lt;p&gt;https:\/\/hse.isi-be.eu\/get-a-quote-or-rent-now\/&lt;\/p&gt;\u00a0\u00bb button_text=\u00a0\u00bb&lt;p&gt;Demandez un Devis une Offre de Location&lt;\/p&gt;\u00a0\u00bb _builder_version=\u00a0\u00bb4.24.2&Prime; _module_preset=\u00a0\u00bbdefault\u00a0\u00bb global_colors_info=\u00a0\u00bb{}\u00a0\u00bb][\/et_pb_button][et_pb_wc_meta show_sku=\u00a0\u00bboff\u00a0\u00bb show_tags=\u00a0\u00bboff\u00a0\u00bb _builder_version=\u00a0\u00bb4.16&Prime; global_colors_info=\u00a0\u00bb{}\u00a0\u00bb][\/et_pb_wc_meta][\/et_pb_column][\/et_pb_row][et_pb_row _builder_version=\u00a0\u00bb4.16&Prime; background_size=\u00a0\u00bbinitial\u00a0\u00bb background_position=\u00a0\u00bbtop_left\u00a0\u00bb background_repeat=\u00a0\u00bbrepeat\u00a0\u00bb width=\u00a0\u00bb100%\u00a0\u00bb saved_tabs=\u00a0\u00bball\u00a0\u00bb global_colors_info=\u00a0\u00bb{}\u00a0\u00bb][et_pb_column type=\u00a0\u00bb4_4&Prime; _builder_version=\u00a0\u00bb4.16&Prime; custom_padding=\u00a0\u00bb|||\u00a0\u00bb global_colors_info=\u00a0\u00bb{}\u00a0\u00bb custom_padding__hover=\u00a0\u00bb|||\u00a0\u00bb][et_pb_tabs active_tab_background_color=\u00a0\u00bb#f25a00&Prime; inactive_tab_background_color=\u00a0\u00bb#0f4c81&Prime; active_tab_text_color=\u00a0\u00bb#ffffff\u00a0\u00bb admin_label=\u00a0\u00bbTabs\u00a0\u00bb _builder_version=\u00a0\u00bb4.24.2&Prime; tab_text_color=\u00a0\u00bb#ffffff\u00a0\u00bb tab_font=\u00a0\u00bb|700|||||||\u00a0\u00bb hover_enabled=\u00a0\u00bb0&Prime; global_colors_info=\u00a0\u00bb{}\u00a0\u00bb sticky_enabled=\u00a0\u00bb0&Prime;][et_pb_tab title=\u00a0\u00bb&lt;p&gt;Description&lt;\/p&gt;\u00a0\u00bb _builder_version=\u00a0\u00bb4.16&Prime; global_colors_info=\u00a0\u00bb{}\u00a0\u00bb]<\/p>\n<p>Le WaveMon est un moniteur personnel de champ \u00e9lectromagn\u00e9tique. Sa principale fonction est de surveiller l&rsquo;exposition de l&rsquo;utilisateur. \u00c0 cette fin, il doit \u00eatre port\u00e9 \u00e0 proximit\u00e9 du corps afin de donner un avertissement en cas de surexposition.<\/p>\n<p>Il peut \u00e9galement \u00eatre plac\u00e9 dans d&rsquo;autres endroits pour avertir de la pr\u00e9sence de champs \u00e9lev\u00e9s dans des zones d&rsquo;int\u00e9r\u00eat particulier que nous souhaitons surveiller. L&rsquo;avertissement est donn\u00e9 au moyen de signaux sonores (bips), de vibrations et de signaux visibles (LED). Le WaveMon peut mesurer l&rsquo;intensit\u00e9 du champ en continu et stocker les lectures dans sa m\u00e9moire interne. Il peut stocker jusqu&rsquo;\u00e0 1 000 000 de lectures.<\/p>\n<p>Il existe 3 variantes du moniteur RF personnel Wavemon : RF-8, RF-60 et LF-400 :<\/p>\n<ul>\n<li><strong>WaveMon RF-8<\/strong> surveille le champ E jusqu&rsquo;\u00e0 8 GHz et le champ H jusqu&rsquo;\u00e0 1 GHz.<\/li>\n<li><strong>WaveMon RF-60<\/strong> surveille le champ \u00e9lectrique jusqu&rsquo;\u00e0 60 GHz.<\/li>\n<li><strong>WaveMon LF-400<\/strong> surveille le champ H en courant continu et de 10 Hz \u00e0 400 kHz.<\/li>\n<\/ul>\n<p>Les avertissements sont donn\u00e9s sur la base des valeurs de champ instantan\u00e9es. Toutefois, les mesures sont effectu\u00e9es en continu et stock\u00e9es en m\u00e9moire pour permettre de v\u00e9rifier si l&rsquo;exposition a d\u00e9pass\u00e9 les limites autoris\u00e9es, dans quelle mesure, \u00e0 quel moment et \u00e0 quel endroit (position g\u00e9ographique et altitude). Les informations stock\u00e9es en m\u00e9moire peuvent \u00eatre facilement t\u00e9l\u00e9charg\u00e9es sur un PC via USB en vue d&rsquo;un traitement ult\u00e9rieur.<\/p>\n<p>Le WaveMon a une r\u00e9ponse fa\u00e7onn\u00e9e (pond\u00e9r\u00e9e) \u00e0 des normes sp\u00e9cifiques.<\/p>\n<p>Il ne s&rsquo;agit pas d&rsquo;un mod\u00e8le unique essayant de respecter toutes les normes en m\u00eame temps.<\/p>\n<p>Cette approche se traduirait in\u00e9vitablement par un manque de pr\u00e9cision.<\/p>\n<p>Il est disponible en diff\u00e9rents mod\u00e8les avec des formes sp\u00e9cifiques pour suivre chaque norme, pour une plus grande pr\u00e9cision.<\/p>\n<p>[\/et_pb_tab][et_pb_tab title=\u00a0\u00bb&lt;p&gt;Vid\u00e9o du produit&lt;\/p&gt;\u00a0\u00bb _builder_version=\u00a0\u00bb4.16&Prime; global_colors_info=\u00a0\u00bb{}\u00a0\u00bb]<\/p>\n<p><iframe loading=\"lazy\" src=\"https:\/\/www.youtube.com\/embed\/WEZMMBr4PG8\" width=\"560\" height=\"315\" frameborder=\"0\" allowfullscreen=\"allowfullscreen\"><\/iframe><\/p>\n<p>[\/et_pb_tab][\/et_pb_tabs][\/et_pb_column][\/et_pb_row][\/et_pb_section]<\/p>\n","protected":false},"excerpt":{"rendered":"<p>Le WaveMon est un moniteur personnel de champs \u00e9lectromagn\u00e9tiques. Sa fonction principale est de surveiller l&rsquo;exposition de l&rsquo;utilisateur. \u00c0 cette fin, il doit \u00eatre port\u00e9 pr\u00e8s du corps pour donner l&rsquo;alerte en cas de surexposition.<\/p>\n<p>Il peut \u00e9galement \u00eatre plac\u00e9 \u00e0 d&rsquo;autres endroits pour avertir de l&rsquo;existence d&rsquo;une intensit\u00e9 de champ \u00e9lev\u00e9e dans des zones d&rsquo;int\u00e9r\u00eat particulier que l&rsquo;on souhaite surveiller. L&rsquo;avertissement est donn\u00e9 au moyen de signaux sonores (bips), de vibrations et de signaux visibles (diodes \u00e9lectroluminescentes). Le WaveMon peut mesurer l&rsquo;intensit\u00e9 du champ en continu et enregistrer les donn\u00e9es dans sa m\u00e9moire interne. Il peut stocker jusqu&rsquo;\u00e0 1 000 000 de mesures.<\/p>\n<p>Il existe 3 variantes du moniteur RF personnel Wavemon : RF-8, RF-60 et LF-400<\/p>\n<p><strong><img loading=\"lazy\" decoding=\"async\" class=\"alignnone wp-image-234108\" src=\"https:\/\/hse.isi-be.eu\/wp-content\/uploads\/2020\/04\/Icon-Datasheet.png\" alt=\"\" width=\"32\" height=\"32\" srcset=\"https:\/\/hse.isi-be.eu\/wp-content\/uploads\/2020\/04\/Icon-Datasheet.png 150w, https:\/\/hse.isi-be.eu\/wp-content\/uploads\/2020\/04\/Icon-Datasheet-100x100.png 100w\" sizes=\"(max-width: 32px) 100vw, 32px\" \/>Product Datasheets:\u00a0<\/strong><\/p>\n<ul>\n<li><a href=\"https:\/\/hse.isi-be.eu\/wp-content\/uploads\/2020\/03\/WaveMon_LF-400_Datasheet_ISI.pdf\" target=\"_blank\" rel=\"noopener\">WaveMon LF-400<\/a><\/li>\n<li><a href=\"https:\/\/hse.isi-be.eu\/wp-content\/uploads\/2020\/03\/WaveMon_RF-8_Datasheet_ISI.pdf\" target=\"_blank\" rel=\"noopener\">WaveMon RF-8<\/a><\/li>\n<li><a href=\"https:\/\/hse.isi-be.eu\/wp-content\/uploads\/2020\/03\/WaveMon_RF-60_Datasheet_ISI.pdf\" target=\"_blank\" rel=\"noopener\">WaveMon RF-60<\/a><\/li>\n<\/ul>\n","protected":false},"featured_media":234255,"template":"","meta":{"_et_pb_use_builder":"on","_et_pb_old_content":"","_et_gb_content_width":"","inline_featured_image":false},"pwb-brand":[1045],"product_cat":[1084,1088],"product_tag":[],"class_list":{"0":"post-234246","1":"product","2":"type-product","3":"status-publish","4":"has-post-thumbnail","6":"pwb-brand-wavecontrol-fr","7":"product_cat-champs-electromagnetiques","8":"product_cat-mesureurs-personnels-de-cem","10":"first","11":"instock","12":"shipping-taxable","13":"purchasable","14":"product-type-variable"},"brands":[{"id":1045,"name":"Wavecontrol","slug":"wavecontrol-fr"}],"_links":{"self":[{"href":"https:\/\/hse.isi-be.eu\/fr\/wp-json\/wp\/v2\/product\/234246"}],"collection":[{"href":"https:\/\/hse.isi-be.eu\/fr\/wp-json\/wp\/v2\/product"}],"about":[{"href":"https:\/\/hse.isi-be.eu\/fr\/wp-json\/wp\/v2\/types\/product"}],"wp:featuredmedia":[{"embeddable":true,"href":"https:\/\/hse.isi-be.eu\/fr\/wp-json\/wp\/v2\/media\/234255"}],"wp:attachment":[{"href":"https:\/\/hse.isi-be.eu\/fr\/wp-json\/wp\/v2\/media?parent=234246"}],"wp:term":[{"taxonomy":"pwb-brand","embeddable":true,"href":"https:\/\/hse.isi-be.eu\/fr\/wp-json\/wp\/v2\/pwb-brand?post=234246"},{"taxonomy":"product_cat","embeddable":true,"href":"https:\/\/hse.isi-be.eu\/fr\/wp-json\/wp\/v2\/product_cat?post=234246"},{"taxonomy":"product_tag","embeddable":true,"href":"https:\/\/hse.isi-be.eu\/fr\/wp-json\/wp\/v2\/product_tag?post=234246"}],"curies":[{"name":"wp","href":"https:\/\/api.w.org\/{rel}","templated":true}]}}