{"id":234298,"date":"2022-11-21T13:52:05","date_gmt":"2022-11-21T12:52:05","guid":{"rendered":"https:\/\/hse.isi-be.eu\/sv36-calibrateur-de-son-classe-1\/"},"modified":"2025-04-24T15:40:11","modified_gmt":"2025-04-24T14:40:11","slug":"sv36-calibrateur-de-son-classe-1","status":"publish","type":"product","link":"https:\/\/hse.isi-be.eu\/fr\/bruit\/sv36-calibrateur-de-son-classe-1\/","title":{"rendered":"SV36 &#8211; Calibrateur de Son Classe 1"},"content":{"rendered":"<p>[et_pb_section fb_built=\u00a0\u00bb1&Prime; _builder_version=\u00a0\u00bb4.16&Prime; custom_padding=\u00a0\u00bb0px||||false|false\u00a0\u00bb global_colors_info=\u00a0\u00bb{}\u00a0\u00bb][et_pb_row _builder_version=\u00a0\u00bb4.18.0&Prime; background_size=\u00a0\u00bbinitial\u00a0\u00bb background_position=\u00a0\u00bbtop_left\u00a0\u00bb background_repeat=\u00a0\u00bbrepeat\u00a0\u00bb width=\u00a0\u00bb100%\u00a0\u00bb custom_padding=\u00a0\u00bb0px||0px||false|false\u00a0\u00bb global_colors_info=\u00a0\u00bb{}\u00a0\u00bb][et_pb_column type=\u00a0\u00bb4_4&Prime; _builder_version=\u00a0\u00bb4.16&Prime; custom_padding=\u00a0\u00bb|||\u00a0\u00bb global_colors_info=\u00a0\u00bb{}\u00a0\u00bb custom_padding__hover=\u00a0\u00bb|||\u00a0\u00bb][et_pb_wc_breadcrumb _builder_version=\u00a0\u00bb4.16&Prime; global_colors_info=\u00a0\u00bb{}\u00a0\u00bb][\/et_pb_wc_breadcrumb][\/et_pb_column][\/et_pb_row][et_pb_row column_structure=\u00a0\u00bb1_2,1_2&Prime; _builder_version=\u00a0\u00bb4.18.0&Prime; background_size=\u00a0\u00bbinitial\u00a0\u00bb background_position=\u00a0\u00bbtop_left\u00a0\u00bb background_repeat=\u00a0\u00bbrepeat\u00a0\u00bb width=\u00a0\u00bb100%\u00a0\u00bb custom_padding=\u00a0\u00bb0px||||false|false\u00a0\u00bb global_colors_info=\u00a0\u00bb{}\u00a0\u00bb][et_pb_column type=\u00a0\u00bb1_2&Prime; _builder_version=\u00a0\u00bb4.16&Prime; custom_padding=\u00a0\u00bb|||\u00a0\u00bb global_colors_info=\u00a0\u00bb{}\u00a0\u00bb custom_padding__hover=\u00a0\u00bb|||\u00a0\u00bb][et_pb_wc_images _builder_version=\u00a0\u00bb4.16&Prime; global_colors_info=\u00a0\u00bb{}\u00a0\u00bb][\/et_pb_wc_images][\/et_pb_column][et_pb_column type=\u00a0\u00bb1_2&Prime; _builder_version=\u00a0\u00bb4.18.0&Prime; custom_padding=\u00a0\u00bb|||\u00a0\u00bb global_colors_info=\u00a0\u00bb{}\u00a0\u00bb custom_padding__hover=\u00a0\u00bb|||\u00a0\u00bb][et_pb_wc_title _builder_version=\u00a0\u00bb4.16&Prime; global_colors_info=\u00a0\u00bb{}\u00a0\u00bb][\/et_pb_wc_title][et_pb_wc_description _builder_version=\u00a0\u00bb4.18.0&Prime; global_colors_info=\u00a0\u00bb{}\u00a0\u00bb][\/et_pb_wc_description][et_pb_button button_url=\u00a0\u00bbhttp:\/\/phse.isi-be.eu\/get-a-quote-or-rent-now\/\/p\u00a0\u00bb button_text=\u00a0\u00bbDemandez un Devis une Offre de Location\u00a0\u00bb _builder_version=\u00a0\u00bb4.27.0&Prime; _module_preset=\u00a0\u00bbdefault\u00a0\u00bb hover_enabled=\u00a0\u00bb0&Prime; global_colors_info=\u00a0\u00bb{}\u00a0\u00bb sticky_enabled=\u00a0\u00bb0&Prime;][\/et_pb_button][et_pb_wc_meta _builder_version=\u00a0\u00bb4.24.2&Prime; _module_preset=\u00a0\u00bbdefault\u00a0\u00bb global_colors_info=\u00a0\u00bb{}\u00a0\u00bb][\/et_pb_wc_meta][\/et_pb_column][\/et_pb_row][et_pb_row _builder_version=\u00a0\u00bb4.18.0&Prime; background_size=\u00a0\u00bbinitial\u00a0\u00bb background_position=\u00a0\u00bbtop_left\u00a0\u00bb background_repeat=\u00a0\u00bbrepeat\u00a0\u00bb width=\u00a0\u00bb100%\u00a0\u00bb global_colors_info=\u00a0\u00bb{}\u00a0\u00bb][et_pb_column type=\u00a0\u00bb4_4&Prime; _builder_version=\u00a0\u00bb4.16&Prime; custom_padding=\u00a0\u00bb|||\u00a0\u00bb global_colors_info=\u00a0\u00bb{}\u00a0\u00bb custom_padding__hover=\u00a0\u00bb|||\u00a0\u00bb][et_pb_tabs _builder_version=\u00a0\u00bb4.24.2&Prime; _module_preset=\u00a0\u00bbdefault\u00a0\u00bb global_colors_info=\u00a0\u00bb{}\u00a0\u00bb][et_pb_tab title=\u00a0\u00bbDescription\u00a0\u00bb _builder_version=\u00a0\u00bb4.24.2&Prime; _module_preset=\u00a0\u00bbdefault\u00a0\u00bb background_color=\u00a0\u00bb#FFFFFF\u00a0\u00bb background_enable_color=\u00a0\u00bbon\u00a0\u00bb global_colors_info=\u00a0\u00bb{}\u00a0\u00bb]<\/p>\n<div class=\"font-szary text-justify mb-2\">\n<div class=\"font-szary text-justify mb-2\">\n<p>La pr\u00e9cision du signal d&rsquo;\u00e9talonnage est contr\u00f4l\u00e9e par un microprocesseur int\u00e9gr\u00e9 et des capteurs de r\u00e9f\u00e9rence : un capteur pi\u00e9zor\u00e9sistif qui contr\u00f4le la pr\u00e9cision du niveau de pression g\u00e9n\u00e9r\u00e9, un capteur de pression atmosph\u00e9rique et un capteur de temp\u00e9rature. La boucle de r\u00e9gulation par r\u00e9troaction rend tous les ajustements du signal d&rsquo;\u00e9talonnage enti\u00e8rement automatiques, de sorte que les utilisateurs n&rsquo;ont pas besoin d&rsquo;ajuster manuellement la temp\u00e9rature ambiante et les niveaux de pression statique.<\/p>\n<p>Le calibrateur acoustique SV 36 de classe 1 est \u00e9quip\u00e9 d&rsquo;un capteur infrarouge qui d\u00e9tecte la pr\u00e9sence du microphone et met automatiquement le calibrateur en marche ou \u00e0 l&rsquo;arr\u00eat. Le calibrateur est aliment\u00e9 par deux piles LR03\/AAA. Chaque calibrateur acoustique est fourni avec une d\u00e9claration d&rsquo;\u00e9talonnage qui permet \u00e0 l&rsquo;utilisateur d&rsquo;\u00eatre certain que ses instruments mesureront correctement.<\/p>\n<\/div>\n<\/div>\n<div>\n<div class=\" p-2 text-center\"><img decoding=\"async\" class=\"webpexpress-processed entered lazyloaded\" src=\"https:\/\/cdn.svantek.com\/wp-content\/uploads\/2020\/03\/class1_40x40-1.jpg\" alt=\"class 1\" data-lazy-src=\"https:\/\/cdn.svantek.com\/wp-content\/uploads\/2020\/03\/class1_40x40-1.jpg\" data-ll-status=\"loaded\" \/><span class=\"font-granatowy\">Classe 1<\/span><\/div>\n<div class=\" p-3 text-center\"><img decoding=\"async\" class=\"webpexpress-processed entered lazyloaded\" src=\"https:\/\/cdn.svantek.com\/wp-content\/themes\/hello-theme-child\/assets\/images\/product\/badges-separator.jpg\" data-lazy-src=\"https:\/\/cdn.svantek.com\/wp-content\/themes\/hello-theme-child\/assets\/images\/product\/badges-separator.jpg\" data-ll-status=\"loaded\" \/><\/div>\n<div class=\" p-2 text-center\"><img decoding=\"async\" class=\"webpexpress-processed entered lazyloaded\" src=\"https:\/\/cdn.svantek.com\/wp-content\/uploads\/2020\/02\/bestseller_40x40.jpg\" alt=\"\" data-lazy-src=\"https:\/\/cdn.svantek.com\/wp-content\/uploads\/2020\/02\/bestseller_40x40.jpg\" data-ll-status=\"loaded\" \/><span class=\"font-granatowy\">Bestseller<\/span><\/div>\n<div class=\" p-3 text-center\"><img decoding=\"async\" class=\"webpexpress-processed entered lazyloaded\" src=\"https:\/\/cdn.svantek.com\/wp-content\/themes\/hello-theme-child\/assets\/images\/product\/badges-separator.jpg\" data-lazy-src=\"https:\/\/cdn.svantek.com\/wp-content\/themes\/hello-theme-child\/assets\/images\/product\/badges-separator.jpg\" data-ll-status=\"loaded\" \/><\/div>\n<div class=\" p-2 text-center\"><img decoding=\"async\" class=\"webpexpress-processed entered lazyloaded\" src=\"https:\/\/cdn.svantek.com\/wp-content\/uploads\/2020\/02\/typeApproved_40x40.jpg\" alt=\"iec 61672 sound level meter\" data-lazy-src=\"https:\/\/cdn.svantek.com\/wp-content\/uploads\/2020\/02\/typeApproved_40x40.jpg\" data-ll-status=\"loaded\" \/><span class=\"font-granatowy\">Type Approuv\u00e9<\/span><\/div>\n<\/div>\n<p>[\/et_pb_tab][\/et_pb_tabs][\/et_pb_column][\/et_pb_row][\/et_pb_section]<\/p>\n","protected":false},"excerpt":{"rendered":"<p>Le SV 36 est un calibreur acoustique homologu\u00e9 r\u00e9pondant aux exigences de la classe 1 conform\u00e9ment \u00e0 la norme CEI 60942:2017. Le calibreur est con\u00e7u pour l&rsquo;\u00e9talonnage des sonom\u00e8tres de classe 1 et des sonom\u00e8tres de classe 2 \u00e0 94 dB et 114 dB \u00e0 la fr\u00e9quence de 1 kHz.<\/p>\n<p><a href=\"https:\/\/hse.isi-be.eu\/wp-content\/uploads\/2024\/06\/calibrators_33B_36_34B_eng.pdf\" target=\"_blank\" rel=\"noopener\"><img loading=\"lazy\" decoding=\"async\" class=\"alignnone wp-image-234108\" src=\"https:\/\/hse.isi-be.eu\/wp-content\/uploads\/2020\/04\/Icon-Datasheet.png\" alt=\"\" width=\"33\" height=\"33\" srcset=\"https:\/\/hse.isi-be.eu\/wp-content\/uploads\/2020\/04\/Icon-Datasheet.png 150w, https:\/\/hse.isi-be.eu\/wp-content\/uploads\/2020\/04\/Icon-Datasheet-100x100.png 100w\" sizes=\"(max-width: 33px) 100vw, 33px\" \/>Product Datasheet<\/a><\/p>\n","protected":false},"featured_media":234299,"template":"","meta":{"_et_pb_use_builder":"on","_et_pb_old_content":"La pr\u00e9cision du signal d'\u00e9talonnage est contr\u00f4l\u00e9e par un microprocesseur int\u00e9gr\u00e9 et des capteurs de r\u00e9f\u00e9rence : un capteur pi\u00e9zor\u00e9sistif qui contr\u00f4le la pr\u00e9cision du niveau de pression g\u00e9n\u00e9r\u00e9, un capteur de pression atmosph\u00e9rique et un capteur de temp\u00e9rature. La boucle de r\u00e9gulation par r\u00e9troaction rend tous les ajustements du signal d'\u00e9talonnage enti\u00e8rement automatiques, de sorte que les utilisateurs n'ont pas besoin d'ajuster manuellement la temp\u00e9rature ambiante et les niveaux de pression statique. Le calibrateur acoustique SV 36 de classe 1 est \u00e9quip\u00e9 d'un capteur infrarouge qui d\u00e9tecte la pr\u00e9sence du microphone et met automatiquement le calibrateur en marche ou \u00e0 l'arr\u00eat. Le calibrateur est aliment\u00e9 par deux piles LR03\/AAA. Chaque calibrateur acoustique est fourni avec une d\u00e9claration d'\u00e9talonnage qui permet \u00e0 l'utilisateur d'\u00eatre certain que ses instruments mesureront correctement.\r\n<div class=\" p-2 text-center\"><img class=\"webpexpress-processed entered lazyloaded\" src=\"https:\/\/cdn.svantek.com\/wp-content\/uploads\/2020\/03\/class1_40x40-1.jpg\" alt=\"class 1\" data-lazy-src=\"https:\/\/cdn.svantek.com\/wp-content\/uploads\/2020\/03\/class1_40x40-1.jpg\" data-ll-status=\"loaded\" \/>\u00a0<span class=\"font-granatowy\">Class 1<\/span><\/div>\r\n<div class=\" p-3 text-center\"><img class=\"webpexpress-processed entered lazyloaded\" src=\"https:\/\/cdn.svantek.com\/wp-content\/themes\/hello-theme-child\/assets\/images\/product\/badges-separator.jpg\" data-lazy-src=\"https:\/\/cdn.svantek.com\/wp-content\/themes\/hello-theme-child\/assets\/images\/product\/badges-separator.jpg\" data-ll-status=\"loaded\" \/><\/div>\r\n<div class=\" p-2 text-center\">Type Approved<\/div>\r\n<div class=\" p-2 text-center\"><img class=\"webpexpress-processed entered lazyloaded\" src=\"https:\/\/cdn.svantek.com\/wp-content\/uploads\/2020\/02\/typeApproved_40x40.jpg\" alt=\"iec 61672 sound level meter\" data-lazy-src=\"https:\/\/cdn.svantek.com\/wp-content\/uploads\/2020\/02\/typeApproved_40x40.jpg\" data-ll-status=\"loaded\" \/><\/div>","_et_gb_content_width":"","inline_featured_image":false},"pwb-brand":[1033],"product_cat":[1092],"product_tag":[],"class_list":{"0":"post-234298","1":"product","2":"type-product","3":"status-publish","4":"has-post-thumbnail","6":"pwb-brand-svantek-fr","7":"product_cat-bruit","9":"first","10":"instock","11":"shipping-taxable","12":"product-type-simple"},"brands":[{"id":1033,"name":"Svantek","slug":"svantek-fr"}],"_links":{"self":[{"href":"https:\/\/hse.isi-be.eu\/fr\/wp-json\/wp\/v2\/product\/234298"}],"collection":[{"href":"https:\/\/hse.isi-be.eu\/fr\/wp-json\/wp\/v2\/product"}],"about":[{"href":"https:\/\/hse.isi-be.eu\/fr\/wp-json\/wp\/v2\/types\/product"}],"wp:featuredmedia":[{"embeddable":true,"href":"https:\/\/hse.isi-be.eu\/fr\/wp-json\/wp\/v2\/media\/234299"}],"wp:attachment":[{"href":"https:\/\/hse.isi-be.eu\/fr\/wp-json\/wp\/v2\/media?parent=234298"}],"wp:term":[{"taxonomy":"pwb-brand","embeddable":true,"href":"https:\/\/hse.isi-be.eu\/fr\/wp-json\/wp\/v2\/pwb-brand?post=234298"},{"taxonomy":"product_cat","embeddable":true,"href":"https:\/\/hse.isi-be.eu\/fr\/wp-json\/wp\/v2\/product_cat?post=234298"},{"taxonomy":"product_tag","embeddable":true,"href":"https:\/\/hse.isi-be.eu\/fr\/wp-json\/wp\/v2\/product_tag?post=234298"}],"curies":[{"name":"wp","href":"https:\/\/api.w.org\/{rel}","templated":true}]}}