{"id":234325,"date":"2020-03-04T17:52:38","date_gmt":"2020-03-04T16:52:38","guid":{"rendered":"https:\/\/hse.isi-be.eu\/dbadge2-dosimetre-acoustique-personnel\/"},"modified":"2025-04-24T09:53:01","modified_gmt":"2025-04-24T08:53:01","slug":"dbadge2-dosimetre-acoustique-personnel","status":"publish","type":"product","link":"https:\/\/hse.isi-be.eu\/fr\/bruit\/dosimetres-de-bruit\/dbadge2-dosimetre-acoustique-personnel\/","title":{"rendered":"dBadge2 &#8211; Dosim\u00e8tre Acoustique Personnel"},"content":{"rendered":"<p>[et_pb_section fb_built=\u00a0\u00bb1&Prime; _builder_version=\u00a0\u00bb4.16&Prime; background_color=\u00a0\u00bb#ffffff\u00a0\u00bb background_enable_image=\u00a0\u00bboff\u00a0\u00bb custom_padding=\u00a0\u00bb0px||0px||false|false\u00a0\u00bb global_colors_info=\u00a0\u00bb{}\u00a0\u00bb][et_pb_row _builder_version=\u00a0\u00bb4.16&Prime; background_size=\u00a0\u00bbinitial\u00a0\u00bb background_position=\u00a0\u00bbtop_left\u00a0\u00bb background_repeat=\u00a0\u00bbrepeat\u00a0\u00bb width=\u00a0\u00bb100%\u00a0\u00bb custom_padding=\u00a0\u00bb0px||0px||false|false\u00a0\u00bb global_colors_info=\u00a0\u00bb{}\u00a0\u00bb][et_pb_column type=\u00a0\u00bb4_4&Prime; _builder_version=\u00a0\u00bb4.16&Prime; custom_padding=\u00a0\u00bb|||\u00a0\u00bb global_colors_info=\u00a0\u00bb{}\u00a0\u00bb custom_padding__hover=\u00a0\u00bb|||\u00a0\u00bb][et_pb_wc_breadcrumb _builder_version=\u00a0\u00bb4.16&Prime; global_colors_info=\u00a0\u00bb{}\u00a0\u00bb][\/et_pb_wc_breadcrumb][\/et_pb_column][\/et_pb_row][et_pb_row column_structure=\u00a0\u00bb1_2,1_2&Prime; _builder_version=\u00a0\u00bb4.16&Prime; background_size=\u00a0\u00bbinitial\u00a0\u00bb background_position=\u00a0\u00bbtop_left\u00a0\u00bb background_repeat=\u00a0\u00bbrepeat\u00a0\u00bb width=\u00a0\u00bb100%\u00a0\u00bb custom_padding=\u00a0\u00bb0px||||false|false\u00a0\u00bb global_colors_info=\u00a0\u00bb{}\u00a0\u00bb][et_pb_column type=\u00a0\u00bb1_2&Prime; _builder_version=\u00a0\u00bb4.16&Prime; custom_padding=\u00a0\u00bb|||\u00a0\u00bb global_colors_info=\u00a0\u00bb{}\u00a0\u00bb custom_padding__hover=\u00a0\u00bb|||\u00a0\u00bb][et_pb_wc_images _builder_version=\u00a0\u00bb4.24.2&Prime; _module_preset=\u00a0\u00bbdefault\u00a0\u00bb global_colors_info=\u00a0\u00bb{}\u00a0\u00bb][\/et_pb_wc_images][\/et_pb_column][et_pb_column type=\u00a0\u00bb1_2&Prime; _builder_version=\u00a0\u00bb4.16&Prime; custom_padding=\u00a0\u00bb|||\u00a0\u00bb global_colors_info=\u00a0\u00bb{}\u00a0\u00bb custom_padding__hover=\u00a0\u00bb|||\u00a0\u00bb][et_pb_wc_title _builder_version=\u00a0\u00bb4.16&Prime; global_colors_info=\u00a0\u00bb{}\u00a0\u00bb][\/et_pb_wc_title][et_pb_wc_description _builder_version=\u00a0\u00bb4.16&Prime; global_colors_info=\u00a0\u00bb{}\u00a0\u00bb][\/et_pb_wc_description][et_pb_button button_url=\u00a0\u00bbhttp:\/\/phse.isi-be.eu\/get-a-quote-or-rent-now\/\/p\u00a0\u00bb button_text=\u00a0\u00bbDemandez un Devis une Offre de Location\u00a0\u00bb _builder_version=\u00a0\u00bb4.27.0&Prime; _module_preset=\u00a0\u00bbdefault\u00a0\u00bb global_colors_info=\u00a0\u00bb{}\u00a0\u00bb][\/et_pb_button][et_pb_wc_meta _builder_version=\u00a0\u00bb4.16&Prime; global_colors_info=\u00a0\u00bb{}\u00a0\u00bb][\/et_pb_wc_meta][\/et_pb_column][\/et_pb_row][et_pb_row _builder_version=\u00a0\u00bb4.16&Prime; background_size=\u00a0\u00bbinitial\u00a0\u00bb background_position=\u00a0\u00bbtop_left\u00a0\u00bb background_repeat=\u00a0\u00bbrepeat\u00a0\u00bb width=\u00a0\u00bb100%\u00a0\u00bb saved_tabs=\u00a0\u00bball\u00a0\u00bb global_colors_info=\u00a0\u00bb{}\u00a0\u00bb][et_pb_column type=\u00a0\u00bb4_4&Prime; _builder_version=\u00a0\u00bb4.16&Prime; custom_padding=\u00a0\u00bb|||\u00a0\u00bb global_colors_info=\u00a0\u00bb{}\u00a0\u00bb custom_padding__hover=\u00a0\u00bb|||\u00a0\u00bb][et_pb_tabs active_tab_background_color=\u00a0\u00bb#f25a00&Prime; inactive_tab_background_color=\u00a0\u00bb#0f4c81&Prime; active_tab_text_color=\u00a0\u00bb#ffffff\u00a0\u00bb admin_label=\u00a0\u00bbTabs\u00a0\u00bb _builder_version=\u00a0\u00bb4.27.0&Prime; tab_text_color=\u00a0\u00bb#ffffff\u00a0\u00bb tab_font=\u00a0\u00bb|700|||||||\u00a0\u00bb hover_enabled=\u00a0\u00bb0&Prime; global_colors_info=\u00a0\u00bb{}\u00a0\u00bb sticky_enabled=\u00a0\u00bb0&Prime;][et_pb_tab title=\u00a0\u00bbDescription\u00a0\u00bb _builder_version=\u00a0\u00bb4.27.0&Prime; hover_enabled=\u00a0\u00bb0&Prime; global_colors_info=\u00a0\u00bb{}\u00a0\u00bb sticky_enabled=\u00a0\u00bb0&Prime;]<\/p>\n<p>Envoyez les mesures de niveau sonore via la connectivit\u00e9 sans fil Bluetooth\u00ae 4.0 pour augmenter la productivit\u00e9 &#8211; pas besoin d&rsquo;arr\u00eater le travail pour t\u00e9l\u00e9charger les mesures ! La dose, l&rsquo;\u00e9tat, les alertes de niveau et plus encore sont accessibles via l&rsquo;application gratuite Airwave\u2122 et peuvent \u00eatre envoy\u00e9s directement sur votre appareil Apple ou Android.<\/p>\n<p>Les dosim\u00e8tres de bruit dBadge2 de Casella capturent tous les param\u00e8tres d&rsquo;exposition au bruit possibles en une seule mesure et les rendent disponibles pour un t\u00e9l\u00e9chargement et une analyse ult\u00e9rieurs. Envoyez par e-mail des donn\u00e9es r\u00e9capitulatives, des photos et m\u00eame des notes pour les examiner ou les inclure dans des rapports.<\/p>\n<p>Assurez-vous que la protection auditive appropri\u00e9e est choisie pour chaque application et chaque lieu. Les mesures sont conformes aux normes CFR 1910.95, ISO 9612:2009 et au document d&rsquo;orientation britannique L108. L&rsquo;\u00e9cran LCD affiche les niveaux sonores actuels sous forme de code couleur pour faciliter l&rsquo;interpr\u00e9tation des conditions d&rsquo;alarme en un coup d&rsquo;\u0153il. Utilisez les limites d&rsquo;alarme pr\u00e9d\u00e9finies pour vous conformer aux directives OSHA, ISO, MSHA et ACGIH, ou d\u00e9finissez vos propres limites.<\/p>\n<p>Chaque dosim\u00e8tre sonore personnel est livr\u00e9 avec deux clips de montage, un en haut et un en bas, pour une fixation s\u00fbre sur l&rsquo;\u00e9paule et comporte un microphone fiable et robuste de 1\/2&Prime; de diam\u00e8tre avec bonnette. Commandez un kit pour commencer et ajoutez des unit\u00e9s suppl\u00e9mentaires si n\u00e9cessaire pour couvrir l&rsquo;ensemble d&rsquo;une flotte !<\/p>\n<p>Les kits de dosim\u00e8tre de bruit personnel dBadge2 permettent de d\u00e9marrer, d&rsquo;arr\u00eater ou de faire une pause \u00e0 distance sans interrompre l&rsquo;utilisateur &#8211; id\u00e9al pour les emplacements dangereux, les postes et la saisie de donn\u00e9es.<\/p>\n<p>Cet article est destin\u00e9 \u00e0 compl\u00e9ter un kit. Ce compteur unique ne comprend pas de station d&rsquo;accueil\/calibrateur, de chargeur, de c\u00e2ble USB pour le transfert direct des donn\u00e9es vers un PC, de logiciel d&rsquo;analyse et de r\u00e9sum\u00e9 des donn\u00e9es Insight, d&rsquo;\u00e9tui pour ranger jusqu&rsquo;\u00e0 10 dosim\u00e8tres ou d&rsquo;acc\u00e8s \u00e0 l&rsquo;application gratuite Airwave pour votre appareil portatif. Commandez un kit pour commencer.<\/p>\n<p><strong>Standaard :<\/strong><\/p>\n<ul>\n<li>Le logiciel Airwave pour contr\u00f4ler la surveillance \u00e0 distance<\/li>\n<li>Plusieurs dosim\u00e8tres \u00ab\u00a0simul\u00e9s<\/li>\n<li>Fonctionnement simple<\/li>\n<li>Conception robuste<\/li>\n<li>Longue dur\u00e9e de vie des piles<\/li>\n<li>\u00c9cran couleur<\/li>\n<li>Profil de l&rsquo;historique de 1 seconde<\/li>\n<li>D\u00e9tecteurs de mouvement<\/li>\n<li>Fonction pause<\/li>\n<li>Mesure simultan\u00e9e de tous les param\u00e8tres de la dose de son<\/li>\n<\/ul>\n<p>[\/et_pb_tab][et_pb_tab title=\u00a0\u00bbVid\u00e9o du produit\u00a0\u00bb _builder_version=\u00a0\u00bb4.27.0&Prime; hover_enabled=\u00a0\u00bb0&Prime; global_colors_info=\u00a0\u00bb{}\u00a0\u00bb sticky_enabled=\u00a0\u00bb0&Prime;]<\/p>\n<p><a href=\"https:\/\/vimeo.com\/305995037\" target=\"_blank\" rel=\"noopener\">Casella dBadge2 Noise Dosimeter<\/a> from <a href=\"https:\/\/vimeo.com\/user92741233\" target=\"_blank\" rel=\"noopener\">Casella<\/a>.<\/p>\n<p>[\/et_pb_tab][\/et_pb_tabs][\/et_pb_column][\/et_pb_row][\/et_pb_section]<\/p>\n","protected":false},"excerpt":{"rendered":"<p>D\u00e9couvrez d\u00e8s maintenant le dBadge 2, l&rsquo;instrument de mesure de l&rsquo;exposition sonore de Casella.<\/p>\n<p>Envoyez les relev\u00e9s de niveau sonore via la connectivit\u00e9 sans fil Bluetooth\u00ae 4.0 pour augmenter la productivit\u00e9 &#8211; plus besoin d&rsquo;arr\u00eater le travail pour t\u00e9l\u00e9charger les relev\u00e9s !<\/p>\n<p>Les alertes de dose, d&rsquo;\u00e9tat, de niveau et plus encore sont accessibles via l&rsquo;application gratuite Airwave\u2122 et envoy\u00e9es directement sur votre appareil Apple ou Android.<\/p>\n<p><a href=\"https:\/\/hse.isi-be.eu\/wp-content\/uploads\/2020\/03\/dBadge2-Datasheet_isi.pdf\" target=\"_blank\" rel=\"noopener\"><img loading=\"lazy\" decoding=\"async\" class=\"alignnone wp-image-234108\" src=\"https:\/\/hse.isi-be.eu\/wp-content\/uploads\/2020\/04\/Icon-Datasheet.png\" alt=\"\" width=\"33\" height=\"33\" srcset=\"https:\/\/hse.isi-be.eu\/wp-content\/uploads\/2020\/04\/Icon-Datasheet.png 150w, https:\/\/hse.isi-be.eu\/wp-content\/uploads\/2020\/04\/Icon-Datasheet-100x100.png 100w\" sizes=\"(max-width: 33px) 100vw, 33px\" \/>Product Datasheet<\/a><\/p>\n","protected":false},"featured_media":234327,"template":"","meta":{"_et_pb_use_builder":"on","_et_pb_old_content":"Envoyez les mesures de niveau sonore via la connectivit\u00e9 sans fil Bluetooth\u00ae 4.0 pour augmenter la productivit\u00e9 - vous n'avez pas besoin d'arr\u00eater le travail pour t\u00e9l\u00e9charger les mesures ! La dose, l'\u00e9tat, les alertes de niveau et plus encore sont accessibles via l'application gratuite Airwave\u2122 et envoy\u00e9s directement sur votre appareil Apple ou Android. Les dosim\u00e8tres de bruit dBadge2 de Casella capturent tous les param\u00e8tres d'exposition au bruit possibles en une seule mesure et les rendent disponibles pour un t\u00e9l\u00e9chargement et une analyse ult\u00e9rieurs. Envoyez par e-mail des donn\u00e9es r\u00e9capitulatives, des photos et m\u00eame des notes pour les examiner ou les inclure dans des rapports. Veillez \u00e0 ce que la protection auditive appropri\u00e9e soit s\u00e9lectionn\u00e9e pour chaque application et chaque lieu. Les mesures sont conformes aux normes CFR 1910.95, ISO 9612:2009 et au document d'orientation britannique L108. L'\u00e9cran LCD affiche les niveaux sonores actuels sous forme de code couleur pour faciliter l'interpr\u00e9tation des conditions d'alarme en un coup d'\u0153il. Utilisez les limites d'alarme pr\u00e9d\u00e9finies pour vous conformer aux directives OSHA, ISO, MSHA et ACGIH, ou d\u00e9finissez vos propres directives. Chaque dosim\u00e8tre personnel de bruit est livr\u00e9 avec deux clips de montage, un en haut et un en bas, pour un montage s\u00e9curis\u00e9 sur l'\u00e9paule. Il est \u00e9quip\u00e9 d'un microphone et d'une bonnette de 1\/2\" de diam\u00e8tre, fiables et robustes. Les kits de dosim\u00e8tre de bruit personnel dBadge2 permettent de d\u00e9marrer, d'arr\u00eater ou de mettre en pause une mesure \u00e0 distance sans l'utilisateur - id\u00e9al pour les emplacements dangereux, les postes et l'enregistrement de donn\u00e9es. Cet article est destin\u00e9 \u00e0 \u00eatre ajout\u00e9 \u00e0 un kit. Ce compteur unique n'inclut pas la station d'accueil\/le calibrateur, le chargeur, le c\u00e2ble USB pour le transfert direct des donn\u00e9es vers un PC, le logiciel d'analyse et de pr\u00e9sentation des donn\u00e9es Insight, une mallette pouvant contenir jusqu'\u00e0 10 dosim\u00e8tres ou l'acc\u00e8s \u00e0 l'application gratuite Airwave pour votre appareil portatif. Commandez un kit pour commencer.\r\n\r\n<strong>Standard :<\/strong>\r\n<ul>\r\n \t<li>Logiciel Airwave pour contr\u00f4ler la t\u00e9l\u00e9surveillance<\/li>\r\n \t<li>Plusieurs dosim\u00e8tres \"simul\u00e9s<\/li>\r\n \t<li>Facilit\u00e9 d'utilisation<\/li>\r\n \t<li>Conception robuste<\/li>\r\n \t<li>Longue dur\u00e9e de vie de la batterie<\/li>\r\n \t<li>\u00c9cran couleur<\/li>\r\n \t<li>Profilage de l'historique en 1 temps<\/li>\r\n \t<li>D\u00e9tection de mouvement<\/li>\r\n \t<li>Fonction de pause<\/li>\r\n \t<li>Mesure simultan\u00e9e de tous les param\u00e8tres de la dose de bruit<\/li>\r\n<\/ul>","_et_gb_content_width":"","inline_featured_image":false},"pwb-brand":[1049],"product_cat":[1092,1095],"product_tag":[],"class_list":{"0":"post-234325","1":"product","2":"type-product","3":"status-publish","4":"has-post-thumbnail","6":"pwb-brand-casella-solutions","7":"product_cat-bruit","8":"product_cat-dosimetres-de-bruit","10":"first","11":"instock","12":"shipping-taxable","13":"purchasable","14":"product-type-simple"},"brands":[{"id":1049,"name":"Casella Solutions","slug":"casella-solutions"}],"_links":{"self":[{"href":"https:\/\/hse.isi-be.eu\/fr\/wp-json\/wp\/v2\/product\/234325"}],"collection":[{"href":"https:\/\/hse.isi-be.eu\/fr\/wp-json\/wp\/v2\/product"}],"about":[{"href":"https:\/\/hse.isi-be.eu\/fr\/wp-json\/wp\/v2\/types\/product"}],"wp:featuredmedia":[{"embeddable":true,"href":"https:\/\/hse.isi-be.eu\/fr\/wp-json\/wp\/v2\/media\/234327"}],"wp:attachment":[{"href":"https:\/\/hse.isi-be.eu\/fr\/wp-json\/wp\/v2\/media?parent=234325"}],"wp:term":[{"taxonomy":"pwb-brand","embeddable":true,"href":"https:\/\/hse.isi-be.eu\/fr\/wp-json\/wp\/v2\/pwb-brand?post=234325"},{"taxonomy":"product_cat","embeddable":true,"href":"https:\/\/hse.isi-be.eu\/fr\/wp-json\/wp\/v2\/product_cat?post=234325"},{"taxonomy":"product_tag","embeddable":true,"href":"https:\/\/hse.isi-be.eu\/fr\/wp-json\/wp\/v2\/product_tag?post=234325"}],"curies":[{"name":"wp","href":"https:\/\/api.w.org\/{rel}","templated":true}]}}