{"id":234345,"date":"2020-03-10T16:27:50","date_gmt":"2020-03-10T15:27:50","guid":{"rendered":"https:\/\/hse.isi-be.eu\/sv971-sonometre-de-classe-1\/"},"modified":"2024-09-10T16:08:57","modified_gmt":"2024-09-10T15:08:57","slug":"sv971-sonometre-de-classe-1","status":"publish","type":"product","link":"https:\/\/hse.isi-be.eu\/fr\/bruit\/sonometres\/sv971-sonometre-de-classe-1\/","title":{"rendered":"SV971 &#8211; Sonom\u00e8tre de Classe 1"},"content":{"rendered":"<p>[et_pb_section fb_built=\u00a0\u00bb1&Prime; _builder_version=\u00a0\u00bb4.16&Prime; background_color=\u00a0\u00bb#ffffff\u00a0\u00bb background_enable_image=\u00a0\u00bboff\u00a0\u00bb custom_padding=\u00a0\u00bb0px||0px||false|false\u00a0\u00bb global_colors_info=\u00a0\u00bb{}\u00a0\u00bb][et_pb_row _builder_version=\u00a0\u00bb4.16&Prime; background_size=\u00a0\u00bbinitial\u00a0\u00bb background_position=\u00a0\u00bbtop_left\u00a0\u00bb background_repeat=\u00a0\u00bbrepeat\u00a0\u00bb width=\u00a0\u00bb100%\u00a0\u00bb custom_padding=\u00a0\u00bb0px||0px||false|false\u00a0\u00bb global_colors_info=\u00a0\u00bb{}\u00a0\u00bb][et_pb_column type=\u00a0\u00bb4_4&Prime; _builder_version=\u00a0\u00bb4.16&Prime; custom_padding=\u00a0\u00bb|||\u00a0\u00bb global_colors_info=\u00a0\u00bb{}\u00a0\u00bb custom_padding__hover=\u00a0\u00bb|||\u00a0\u00bb][et_pb_wc_breadcrumb _builder_version=\u00a0\u00bb4.16&Prime; global_colors_info=\u00a0\u00bb{}\u00a0\u00bb][\/et_pb_wc_breadcrumb][\/et_pb_column][\/et_pb_row][et_pb_row column_structure=\u00a0\u00bb1_2,1_2&Prime; _builder_version=\u00a0\u00bb4.16&Prime; background_size=\u00a0\u00bbinitial\u00a0\u00bb background_position=\u00a0\u00bbtop_left\u00a0\u00bb background_repeat=\u00a0\u00bbrepeat\u00a0\u00bb width=\u00a0\u00bb100%\u00a0\u00bb custom_padding=\u00a0\u00bb0px||||false|false\u00a0\u00bb locked=\u00a0\u00bboff\u00a0\u00bb global_colors_info=\u00a0\u00bb{}\u00a0\u00bb][et_pb_column type=\u00a0\u00bb1_2&Prime; _builder_version=\u00a0\u00bb4.16&Prime; custom_padding=\u00a0\u00bb|||\u00a0\u00bb global_colors_info=\u00a0\u00bb{}\u00a0\u00bb custom_padding__hover=\u00a0\u00bb|||\u00a0\u00bb][et_pb_wc_images _builder_version=\u00a0\u00bb4.24.2&Prime; _module_preset=\u00a0\u00bbdefault\u00a0\u00bb hover_enabled=\u00a0\u00bb0&Prime; sticky_enabled=\u00a0\u00bb0&Prime;][\/et_pb_wc_images][\/et_pb_column][et_pb_column type=\u00a0\u00bb1_2&Prime; _builder_version=\u00a0\u00bb4.16&Prime; custom_padding=\u00a0\u00bb|||\u00a0\u00bb global_colors_info=\u00a0\u00bb{}\u00a0\u00bb custom_padding__hover=\u00a0\u00bb|||\u00a0\u00bb][et_pb_wc_title _builder_version=\u00a0\u00bb4.16&Prime; global_colors_info=\u00a0\u00bb{}\u00a0\u00bb][\/et_pb_wc_title][et_pb_wc_description _builder_version=\u00a0\u00bb4.16&Prime; global_colors_info=\u00a0\u00bb{}\u00a0\u00bb][\/et_pb_wc_description][et_pb_button _builder_version=\u00a0\u00bb4.24.2&Prime; _module_preset=\u00a0\u00bbdefault\u00a0\u00bb button_text=\u00a0\u00bb&lt;p&gt;Demandez un Devis une Offre de Location&lt;\/p&gt;\u00a0\u00bb button_url=\u00a0\u00bb&lt;p&gt;hse.isi-be.eu\/get-a-quote-or-rent-now\/&lt;\/p&gt;\u00a0\u00bb hover_enabled=\u00a0\u00bb0&Prime; sticky_enabled=\u00a0\u00bb0&Prime;][\/et_pb_button][et_pb_wc_meta show_sku=\u00a0\u00bboff\u00a0\u00bb show_tags=\u00a0\u00bboff\u00a0\u00bb _builder_version=\u00a0\u00bb4.16&Prime; global_colors_info=\u00a0\u00bb{}\u00a0\u00bb][\/et_pb_wc_meta][\/et_pb_column][\/et_pb_row][et_pb_row _builder_version=\u00a0\u00bb4.16&Prime; background_size=\u00a0\u00bbinitial\u00a0\u00bb background_position=\u00a0\u00bbtop_left\u00a0\u00bb background_repeat=\u00a0\u00bbrepeat\u00a0\u00bb width=\u00a0\u00bb100%\u00a0\u00bb saved_tabs=\u00a0\u00bball\u00a0\u00bb global_colors_info=\u00a0\u00bb{}\u00a0\u00bb][et_pb_column type=\u00a0\u00bb4_4&Prime; _builder_version=\u00a0\u00bb4.16&Prime; custom_padding=\u00a0\u00bb|||\u00a0\u00bb global_colors_info=\u00a0\u00bb{}\u00a0\u00bb custom_padding__hover=\u00a0\u00bb|||\u00a0\u00bb][et_pb_tabs active_tab_background_color=\u00a0\u00bb#f25a00&Prime; inactive_tab_background_color=\u00a0\u00bb#0F4C81&Prime; active_tab_text_color=\u00a0\u00bb#ffffff\u00a0\u00bb admin_label=\u00a0\u00bbTabs\u00a0\u00bb _builder_version=\u00a0\u00bb4.24.2&Prime; tab_text_color=\u00a0\u00bb#ffffff\u00a0\u00bb body_text_color=\u00a0\u00bb#0f4c81&Prime; tab_font=\u00a0\u00bb|700|||||||\u00a0\u00bb tab_font_size=\u00a0\u00bb16px\u00a0\u00bb tab_line_height=\u00a0\u00bb2em\u00a0\u00bb background_enable_color=\u00a0\u00bboff\u00a0\u00bb hover_enabled=\u00a0\u00bb0&Prime; global_colors_info=\u00a0\u00bb{}\u00a0\u00bb sticky_enabled=\u00a0\u00bb0&Prime;][et_pb_tab title=\u00a0\u00bb&lt;p&gt;Description&lt;\/p&gt;\u00a0\u00bb _builder_version=\u00a0\u00bb4.24.2&Prime; hover_enabled=\u00a0\u00bb0&Prime; global_colors_info=\u00a0\u00bb{}\u00a0\u00bb sticky_enabled=\u00a0\u00bb0&Prime;]<\/p>\n<p>Le SVAN 971 est un sonom\u00e8tre de classe 1 extr\u00eamement petit, avec des options d&rsquo;analyse par 1\/1 et 1\/3 d&rsquo;octave. L&rsquo;instrument apporte une technologie de pointe sans pr\u00e9c\u00e9dent \u00e0 un sonom\u00e8tre de cette taille.<\/p>\n<p>L&rsquo;interface utilisateur de l&rsquo;instrument rend la configuration et la mesure plus faciles que jamais. Pour ceux qui n&rsquo;ont pas le temps de travailler avec les param\u00e8tres de mesure, le SVAN 971 offre un mode op\u00e9rationnel extr\u00eamement simple avec seulement Start\/Stop. Cette innovation fait du SVAN 971 un choix id\u00e9al pour de nombreuses applications, notamment les mesures de bruit dans le cadre de l&rsquo;hygi\u00e8ne industrielle, les mesures de bruit dans l&rsquo;environnement \u00e0 court terme et les mesures de bruit g\u00e9n\u00e9rales effectu\u00e9es par des consultants en acoustique ou des ing\u00e9nieurs techniques.<\/p>\n<p>Une autre caract\u00e9ristique exceptionnelle est la surveillance int\u00e9gr\u00e9e de l&rsquo;auto-vibration, qui fournit des informations sur le niveau de vibration qui influence les r\u00e9sultats de la mesure.<\/p>\n<p>Le SVAN 971 fournit des r\u00e9sultats \u00e0 large bande avec tous les filtres de pond\u00e9ration n\u00e9cessaires, ainsi que des filtres de bande 1\/1 octave et 1\/3 octave. Il offre \u00e9galement une incroyable capacit\u00e9 d&rsquo;enregistrement d&rsquo;historiques temporels fournissant des r\u00e9sultats et des spectres \u00e0 large bande avec des \u00e9tapes d&rsquo;enregistrement r\u00e9glables. L&rsquo;enregistrement audio d\u00e9clench\u00e9 est \u00e9galement disponible pendant l&rsquo;enregistrement de la fonctionnalit\u00e9 compl\u00e8te.<\/p>\n<p>Les donn\u00e9es sont stock\u00e9es sur une carte microSD et peuvent \u00eatre facilement t\u00e9l\u00e9charg\u00e9es sur un PC \u00e0 l&rsquo;aide du logiciel SvanPC++ fourni, via les interfaces USB ou RS 232.<\/p>\n<p>L&rsquo;instrument peut \u00eatre facilement \u00e9talonn\u00e9 sur le terrain \u00e0 l&rsquo;aide d&rsquo;un calibrateur acoustique. L&rsquo;insertion du microphone dans un calibrateur active automatiquement le processus d&rsquo;\u00e9talonnage et l&rsquo;historique de l&rsquo;\u00e9talonnage est automatiquement enregistr\u00e9.<\/p>\n<p>Le nouveau logiciel pour PC, le Supervisor, aidera les propri\u00e9taires de SVAN 971 \u00e0 organiser les donn\u00e9es provenant d&rsquo;un certain nombre de mesures et \u00e0 cr\u00e9er des rapports de mesure de mani\u00e8re plus rapide et plus efficace que jamais.<\/p>\n<p>[\/et_pb_tab][et_pb_tab title=\u00a0\u00bb&lt;p&gt;Vid\u00e9o du produit&lt;\/p&gt;\u00a0\u00bb _builder_version=\u00a0\u00bb4.18.0&Prime; global_colors_info=\u00a0\u00bb{}\u00a0\u00bb]<\/p>\n<p><iframe loading=\"lazy\" title=\"SV 971A Class 1 Sound Level Meter - SVANTEK\" src=\"https:\/\/www.youtube.com\/embed\/xMy20VR4_t4\" width=\"424\" height=\"238\" frameborder=\"0\" allowfullscreen=\"allowfullscreen\"><\/iframe><\/p>\n<p>[\/et_pb_tab][\/et_pb_tabs][\/et_pb_column][\/et_pb_row][\/et_pb_section]<\/p>\n","protected":false},"excerpt":{"rendered":"<p>Le SVAN 971 est un sonom\u00e8tre de classe 1 extr\u00eamement petit avec des options d&rsquo;analyse 1\/1 et 1\/3 d&rsquo;octave. Le nouveau mod\u00e8le est \u00e9quip\u00e9 d&rsquo;un nouveau microphone avec une grande plage dynamique de 120 dB et d&rsquo;un Bluetooth basse consommation pour la connexion avec des applications mobiles.<\/p>\n<p>Gr\u00e2ce \u00e0 sa connectivit\u00e9 Bluetooth, le SV 971 peut \u00eatre utilis\u00e9 pour contr\u00f4ler les r\u00e9sultats sur un smartphone et\/ou une tablette. Outre la consultation, il est \u00e9galement possible de contr\u00f4ler l&rsquo;appareil \u00e0 distance (d\u00e9marrage et arr\u00eat, envoi du rapport par e-mail). En cas de d\u00e9passement des limites de bruit pr\u00e9d\u00e9finies, l&rsquo;application d\u00e9clenche une alarme.<\/p>\n<p><a href=\"https:\/\/hse.isi-be.eu\/wp-content\/uploads\/2024\/06\/sv971_datasheet.pdf\" target=\"_blank\" rel=\"noopener\"><img loading=\"lazy\" decoding=\"async\" class=\"alignnone  wp-image-234108\" src=\"https:\/\/hse.isi-be.eu\/wp-content\/uploads\/2020\/04\/Icon-Datasheet.png\" alt=\"\" width=\"33\" height=\"33\" srcset=\"https:\/\/hse.isi-be.eu\/wp-content\/uploads\/2020\/04\/Icon-Datasheet.png 150w, https:\/\/hse.isi-be.eu\/wp-content\/uploads\/2020\/04\/Icon-Datasheet-100x100.png 100w\" sizes=\"(max-width: 33px) 100vw, 33px\" \/>Product Datasheet<\/a><\/p>\n","protected":false},"featured_media":698,"template":"","meta":{"_et_pb_use_builder":"on","_et_pb_old_content":"","_et_gb_content_width":"","inline_featured_image":false},"pwb-brand":[1033],"product_cat":[1092,1096],"product_tag":[],"class_list":{"0":"post-234345","1":"product","2":"type-product","3":"status-publish","4":"has-post-thumbnail","6":"pwb-brand-svantek-fr","7":"product_cat-bruit","8":"product_cat-sonometres","9":"pa_noise-analyse-frequentielle","10":"pa_noise-appareil-portable","11":"pa_noise-calibration-fr","12":"pa_noise-dosimetrie","14":"first","15":"instock","16":"shipping-taxable","17":"purchasable","18":"product-type-simple"},"brands":[{"id":1033,"name":"Svantek","slug":"svantek-fr"}],"_links":{"self":[{"href":"https:\/\/hse.isi-be.eu\/fr\/wp-json\/wp\/v2\/product\/234345"}],"collection":[{"href":"https:\/\/hse.isi-be.eu\/fr\/wp-json\/wp\/v2\/product"}],"about":[{"href":"https:\/\/hse.isi-be.eu\/fr\/wp-json\/wp\/v2\/types\/product"}],"wp:featuredmedia":[{"embeddable":true,"href":"https:\/\/hse.isi-be.eu\/fr\/wp-json\/wp\/v2\/media\/698"}],"wp:attachment":[{"href":"https:\/\/hse.isi-be.eu\/fr\/wp-json\/wp\/v2\/media?parent=234345"}],"wp:term":[{"taxonomy":"pwb-brand","embeddable":true,"href":"https:\/\/hse.isi-be.eu\/fr\/wp-json\/wp\/v2\/pwb-brand?post=234345"},{"taxonomy":"product_cat","embeddable":true,"href":"https:\/\/hse.isi-be.eu\/fr\/wp-json\/wp\/v2\/product_cat?post=234345"},{"taxonomy":"product_tag","embeddable":true,"href":"https:\/\/hse.isi-be.eu\/fr\/wp-json\/wp\/v2\/product_tag?post=234345"}],"curies":[{"name":"wp","href":"https:\/\/api.w.org\/{rel}","templated":true}]}}