{"id":234361,"date":"2021-03-02T10:12:52","date_gmt":"2021-03-02T09:12:52","guid":{"rendered":"https:\/\/hse.isi-be.eu\/sv973-sonometre-de-classe-2\/"},"modified":"2025-04-24T15:37:02","modified_gmt":"2025-04-24T14:37:02","slug":"sv973-sonometre-de-classe-2","status":"publish","type":"product","link":"https:\/\/hse.isi-be.eu\/fr\/bruit\/sonometres\/sv973-sonometre-de-classe-2\/","title":{"rendered":"SV973 &#8211; Sonom\u00e8tre de Classe 2"},"content":{"rendered":"<p>[et_pb_section fb_built=\u00a0\u00bb1&Prime; _builder_version=\u00a0\u00bb4.16&Prime; min_height=\u00a0\u00bb1221px\u00a0\u00bb custom_margin=\u00a0\u00bb||-11px|||\u00a0\u00bb custom_padding=\u00a0\u00bb0px||0px||false|false\u00a0\u00bb global_colors_info=\u00a0\u00bb{}\u00a0\u00bb][et_pb_row _builder_version=\u00a0\u00bb4.16&Prime; background_size=\u00a0\u00bbinitial\u00a0\u00bb background_position=\u00a0\u00bbtop_left\u00a0\u00bb background_repeat=\u00a0\u00bbrepeat\u00a0\u00bb width=\u00a0\u00bb100%\u00a0\u00bb custom_padding=\u00a0\u00bb0px||0px||false|false\u00a0\u00bb global_colors_info=\u00a0\u00bb{}\u00a0\u00bb][et_pb_column type=\u00a0\u00bb4_4&Prime; _builder_version=\u00a0\u00bb4.16&Prime; custom_padding=\u00a0\u00bb|||\u00a0\u00bb global_colors_info=\u00a0\u00bb{}\u00a0\u00bb custom_padding__hover=\u00a0\u00bb|||\u00a0\u00bb][et_pb_wc_breadcrumb _builder_version=\u00a0\u00bb4.16&Prime; global_colors_info=\u00a0\u00bb{}\u00a0\u00bb][\/et_pb_wc_breadcrumb][\/et_pb_column][\/et_pb_row][et_pb_row column_structure=\u00a0\u00bb1_2,1_2&Prime; _builder_version=\u00a0\u00bb4.16&Prime; background_size=\u00a0\u00bbinitial\u00a0\u00bb background_position=\u00a0\u00bbtop_left\u00a0\u00bb background_repeat=\u00a0\u00bbrepeat\u00a0\u00bb width=\u00a0\u00bb100%\u00a0\u00bb custom_padding=\u00a0\u00bb0px||||false|false\u00a0\u00bb global_colors_info=\u00a0\u00bb{}\u00a0\u00bb][et_pb_column type=\u00a0\u00bb1_2&Prime; _builder_version=\u00a0\u00bb4.16&Prime; custom_padding=\u00a0\u00bb|||\u00a0\u00bb global_colors_info=\u00a0\u00bb{}\u00a0\u00bb custom_padding__hover=\u00a0\u00bb|||\u00a0\u00bb][et_pb_wc_images _builder_version=\u00a0\u00bb4.16&Prime; global_colors_info=\u00a0\u00bb{}\u00a0\u00bb][\/et_pb_wc_images][\/et_pb_column][et_pb_column type=\u00a0\u00bb1_2&Prime; _builder_version=\u00a0\u00bb4.16&Prime; custom_padding=\u00a0\u00bb|||\u00a0\u00bb global_colors_info=\u00a0\u00bb{}\u00a0\u00bb custom_padding__hover=\u00a0\u00bb|||\u00a0\u00bb][et_pb_wc_title _builder_version=\u00a0\u00bb4.16&Prime; global_colors_info=\u00a0\u00bb{}\u00a0\u00bb][\/et_pb_wc_title][et_pb_wc_description _builder_version=\u00a0\u00bb4.16&Prime; global_colors_info=\u00a0\u00bb{}\u00a0\u00bb][\/et_pb_wc_description][et_pb_button button_url=\u00a0\u00bbhttp:\/\/hse.isi-be.eu\/get-a-quote-or-rent-now\u00a0\u00bb button_text=\u00a0\u00bbDemandez un Devis une Offre de Location\u00a0\u00bb _builder_version=\u00a0\u00bb4.27.0&Prime; _module_preset=\u00a0\u00bbdefault\u00a0\u00bb hover_enabled=\u00a0\u00bb0&Prime; global_colors_info=\u00a0\u00bb{}\u00a0\u00bb sticky_enabled=\u00a0\u00bb0&Prime;][\/et_pb_button][et_pb_wc_meta _builder_version=\u00a0\u00bb4.16&Prime; global_colors_info=\u00a0\u00bb{}\u00a0\u00bb][\/et_pb_wc_meta][\/et_pb_column][\/et_pb_row][et_pb_row _builder_version=\u00a0\u00bb4.16&Prime; background_size=\u00a0\u00bbinitial\u00a0\u00bb background_position=\u00a0\u00bbtop_left\u00a0\u00bb background_repeat=\u00a0\u00bbrepeat\u00a0\u00bb width=\u00a0\u00bb100%\u00a0\u00bb global_colors_info=\u00a0\u00bb{}\u00a0\u00bb][et_pb_column type=\u00a0\u00bb4_4&Prime; _builder_version=\u00a0\u00bb4.16&Prime; custom_padding=\u00a0\u00bb|||\u00a0\u00bb global_colors_info=\u00a0\u00bb{}\u00a0\u00bb custom_padding__hover=\u00a0\u00bb|||\u00a0\u00bb][et_pb_tabs active_tab_background_color=\u00a0\u00bb#f25a00&Prime; inactive_tab_background_color=\u00a0\u00bb#0f4c81&Prime; active_tab_text_color=\u00a0\u00bb#ffffff\u00a0\u00bb _builder_version=\u00a0\u00bb4.24.2&Prime; _module_preset=\u00a0\u00bbdefault\u00a0\u00bb tab_text_color=\u00a0\u00bb#ffffff\u00a0\u00bb tab_font=\u00a0\u00bb|700|||||||\u00a0\u00bb global_colors_info=\u00a0\u00bb{}\u00a0\u00bb][et_pb_tab title=\u00a0\u00bbDescription\u00a0\u00bb _builder_version=\u00a0\u00bb4.24.2&Prime; _module_preset=\u00a0\u00bbdefault\u00a0\u00bb global_colors_info=\u00a0\u00bb{}\u00a0\u00bb]<\/p>\n<p>L&rsquo;instrument est facilement \u00e9talonn\u00e9 sur le terrain \u00e0 l&rsquo;aide d&rsquo;un calibrateur acoustique, car l&rsquo;\u00e9talonnage commence automatiquement lorsque le microphone est ins\u00e9r\u00e9 dans le calibrateur.<br \/>Le SV973 peut mesurer des r\u00e9sultats \u00e0 large bande avec tous les filtres de pond\u00e9ration n\u00e9cessaires ainsi que des filtres de bande de 1\/1 octave ou 1\/3 octave. La fonction d&rsquo;enregistrement des \u00e9v\u00e9nements audio fonctionne conjointement avec le mode sonom\u00e8tre.<br \/>Les donn\u00e9es sont stock\u00e9es sur la m\u00e9moire int\u00e9gr\u00e9e de 8GB et peuvent \u00eatre facilement t\u00e9l\u00e9charg\u00e9es sur un PC \u00e0 l&rsquo;aide des logiciels Supervisor ou<br \/>SVANPC++.<\/p>\n<ul>\n<li>Le sonom\u00e8tre SV973 est un instrument de CLASSE 2 conform\u00e9ment \u00e0 la norme IEC 61672-1:2013.<\/li>\n<li>Microphone en technologie MEMS avec garantie \u00e0 vie<\/li>\n<li>Mode sonom\u00e8tre avec plage de mesure jusqu&rsquo;\u00e0 141 dB<\/li>\n<li>Large gamme de fr\u00e9quences jusqu&rsquo;\u00e0 20 kHz<\/li>\n<li>Etalonnage automatique<\/li>\n<li>\u00c9cran OLED<\/li>\n<li>Reconnaissance des sources de bruit avec 1\/1 et 1\/3 d&rsquo;octave et enregistrement audio<\/li>\n<\/ul>\n<p>[\/et_pb_tab][et_pb_tab title=\u00a0\u00bbVid\u00e9o produit\u00a0\u00bb _builder_version=\u00a0\u00bb4.16&Prime; _module_preset=\u00a0\u00bbdefault\u00a0\u00bb global_colors_info=\u00a0\u00bb{}\u00a0\u00bb]<\/p>\n<div style=\"width: 1080px;\" class=\"wp-video\"><!--[if lt IE 9]><script>document.createElement('video');<\/script><![endif]-->\n<video class=\"wp-video-shortcode\" id=\"video-234361-1\" width=\"1080\" height=\"608\" preload=\"metadata\" controls=\"controls\"><source type=\"video\/mp4\" src=\"https:\/\/hse.isi-be.eu\/wp-content\/uploads\/2021\/03\/SV973-by-SVANTEK-Coming-Soon.mp4?_=1\" \/><a href=\"https:\/\/hse.isi-be.eu\/wp-content\/uploads\/2021\/03\/SV973-by-SVANTEK-Coming-Soon.mp4\">https:\/\/hse.isi-be.eu\/wp-content\/uploads\/2021\/03\/SV973-by-SVANTEK-Coming-Soon.mp4<\/a><\/video><\/div>\n<p>[\/et_pb_tab][\/et_pb_tabs][\/et_pb_column][\/et_pb_row][\/et_pb_section]<\/p>\n","protected":false},"excerpt":{"rendered":"<p>Le SV 973 combine en un seul appareil un sonom\u00e8tre de classe 2 et un exposim\u00e8tre. L&rsquo;appareil a \u00e9t\u00e9 con\u00e7u conform\u00e9ment \u00e0 la norme IEC 61672 et offre une large gamme de fr\u00e9quences jusqu&rsquo;\u00e0 20 kHz (en mode sonom\u00e8tre).<\/p>\n<p>La caract\u00e9ristique unique du SV973 est le microphone en technologie MEMS avec une garantie \u00e0 vie.<\/p>\n<p>La plage de mesure du sonom\u00e8tre, qui s&rsquo;\u00e9tend de 33 \u00e0 128 dB, lui permet d&rsquo;\u00eatre utilis\u00e9 pour les mesures de bruit dans l&rsquo;industrie et l&rsquo;environnement.<\/p>\n<p>Pour les mesures de bruit sur le lieu de travail, la fonction d\u00e9di\u00e9e au sonom\u00e8tre permet d&rsquo;augmenter la plage de mesure dynamique du sonom\u00e8tre jusqu&rsquo;\u00e0 141 dB Peak.<\/p>\n<p><a href=\"https:\/\/hse.isi-be.eu\/wp-content\/uploads\/2024\/06\/sv973A_datasheet.pdf\" target=\"_blank\" rel=\"noopener\"><img loading=\"lazy\" decoding=\"async\" class=\"alignnone wp-image-234108\" src=\"https:\/\/hse.isi-be.eu\/wp-content\/uploads\/2020\/04\/Icon-Datasheet.png\" alt=\"\" width=\"33\" height=\"33\" srcset=\"https:\/\/hse.isi-be.eu\/wp-content\/uploads\/2020\/04\/Icon-Datasheet.png 150w, https:\/\/hse.isi-be.eu\/wp-content\/uploads\/2020\/04\/Icon-Datasheet-100x100.png 100w\" sizes=\"(max-width: 33px) 100vw, 33px\" \/>Product Datasheet<\/a><\/p>\n","protected":false},"featured_media":234363,"template":"","meta":{"_et_pb_use_builder":"on","_et_pb_old_content":"Le SV 973 combine en un seul appareil un sonom\u00e8tre de classe 2 et un mesureur d'exposition sonore. L'appareil a \u00e9t\u00e9 con\u00e7u conform\u00e9ment \u00e0 la norme IEC 61672 et offre une large gamme de fr\u00e9quences jusqu'\u00e0 20 kHz (en mode sonom\u00e8tre). La caract\u00e9ristique unique du SV973 est le microphone en technologie MEMS avec une garantie \u00e0 vie. La plage de mesure du sonom\u00e8tre, qui s'\u00e9tend de 33 \u00e0 128 dB, lui permet d'\u00eatre utilis\u00e9 pour les mesures de bruit dans l'industrie et dans l'environnement. Pour les mesures de bruit sur le lieu de travail, la fonction d\u00e9di\u00e9e au sonom\u00e8tre permet d'augmenter la plage de mesure dynamique du sonom\u00e8tre jusqu'\u00e0 141 dB Peak.","_et_gb_content_width":"","inline_featured_image":false},"pwb-brand":[1033],"product_cat":[1092,1096],"product_tag":[],"class_list":{"0":"post-234361","1":"product","2":"type-product","3":"status-publish","4":"has-post-thumbnail","6":"pwb-brand-svantek-fr","7":"product_cat-bruit","8":"product_cat-sonometres","10":"first","11":"instock","12":"shipping-taxable","13":"product-type-simple"},"brands":[{"id":1033,"name":"Svantek","slug":"svantek-fr"}],"_links":{"self":[{"href":"https:\/\/hse.isi-be.eu\/fr\/wp-json\/wp\/v2\/product\/234361"}],"collection":[{"href":"https:\/\/hse.isi-be.eu\/fr\/wp-json\/wp\/v2\/product"}],"about":[{"href":"https:\/\/hse.isi-be.eu\/fr\/wp-json\/wp\/v2\/types\/product"}],"wp:featuredmedia":[{"embeddable":true,"href":"https:\/\/hse.isi-be.eu\/fr\/wp-json\/wp\/v2\/media\/234363"}],"wp:attachment":[{"href":"https:\/\/hse.isi-be.eu\/fr\/wp-json\/wp\/v2\/media?parent=234361"}],"wp:term":[{"taxonomy":"pwb-brand","embeddable":true,"href":"https:\/\/hse.isi-be.eu\/fr\/wp-json\/wp\/v2\/pwb-brand?post=234361"},{"taxonomy":"product_cat","embeddable":true,"href":"https:\/\/hse.isi-be.eu\/fr\/wp-json\/wp\/v2\/product_cat?post=234361"},{"taxonomy":"product_tag","embeddable":true,"href":"https:\/\/hse.isi-be.eu\/fr\/wp-json\/wp\/v2\/product_tag?post=234361"}],"curies":[{"name":"wp","href":"https:\/\/api.w.org\/{rel}","templated":true}]}}