{"id":234374,"date":"2021-05-07T15:00:03","date_gmt":"2021-05-07T14:00:03","guid":{"rendered":"https:\/\/hse.isi-be.eu\/vortex3-pompe-dechantillonage-dair\/"},"modified":"2025-04-24T15:47:29","modified_gmt":"2025-04-24T14:47:29","slug":"vortex3-pompe-dechantillonage-dair","status":"publish","type":"product","link":"https:\/\/hse.isi-be.eu\/fr\/qualite-de-lair\/pompes-dechantillonnage\/vortex3-pompe-dechantillonage-dair\/","title":{"rendered":"Vortex3 &#8211; Pompe d&rsquo;\u00c9chantillonage d&rsquo;Air"},"content":{"rendered":"<p>[et_pb_section fb_built=\u00a0\u00bb1&Prime; _builder_version=\u00a0\u00bb4.16&Prime; custom_margin=\u00a0\u00bb||5px|||\u00a0\u00bb custom_padding=\u00a0\u00bb0px||0px||false|false\u00a0\u00bb global_colors_info=\u00a0\u00bb{}\u00a0\u00bb][et_pb_row _builder_version=\u00a0\u00bb4.16&Prime; background_size=\u00a0\u00bbinitial\u00a0\u00bb background_position=\u00a0\u00bbtop_left\u00a0\u00bb background_repeat=\u00a0\u00bbrepeat\u00a0\u00bb width=\u00a0\u00bb100%\u00a0\u00bb custom_padding=\u00a0\u00bb0px||0px||false|false\u00a0\u00bb global_colors_info=\u00a0\u00bb{}\u00a0\u00bb][et_pb_column type=\u00a0\u00bb4_4&Prime; _builder_version=\u00a0\u00bb4.16&Prime; custom_padding=\u00a0\u00bb|||\u00a0\u00bb global_colors_info=\u00a0\u00bb{}\u00a0\u00bb custom_padding__hover=\u00a0\u00bb|||\u00a0\u00bb][et_pb_wc_breadcrumb _builder_version=\u00a0\u00bb4.16&Prime; global_colors_info=\u00a0\u00bb{}\u00a0\u00bb][\/et_pb_wc_breadcrumb][\/et_pb_column][\/et_pb_row][et_pb_row column_structure=\u00a0\u00bb1_2,1_2&Prime; _builder_version=\u00a0\u00bb4.16&Prime; background_size=\u00a0\u00bbinitial\u00a0\u00bb background_position=\u00a0\u00bbtop_left\u00a0\u00bb background_repeat=\u00a0\u00bbrepeat\u00a0\u00bb width=\u00a0\u00bb100%\u00a0\u00bb custom_padding=\u00a0\u00bb0px||0px||false|false\u00a0\u00bb global_colors_info=\u00a0\u00bb{}\u00a0\u00bb][et_pb_column type=\u00a0\u00bb1_2&Prime; _builder_version=\u00a0\u00bb4.16&Prime; custom_padding=\u00a0\u00bb|||\u00a0\u00bb global_colors_info=\u00a0\u00bb{}\u00a0\u00bb custom_padding__hover=\u00a0\u00bb|||\u00a0\u00bb][et_pb_wc_images _builder_version=\u00a0\u00bb4.16&Prime; custom_margin=\u00a0\u00bb19px|||||\u00a0\u00bb custom_padding=\u00a0\u00bb||0px|||\u00a0\u00bb global_colors_info=\u00a0\u00bb{}\u00a0\u00bb][\/et_pb_wc_images][\/et_pb_column][et_pb_column type=\u00a0\u00bb1_2&Prime; _builder_version=\u00a0\u00bb4.16&Prime; custom_padding=\u00a0\u00bb|||\u00a0\u00bb global_colors_info=\u00a0\u00bb{}\u00a0\u00bb custom_padding__hover=\u00a0\u00bb|||\u00a0\u00bb][et_pb_wc_title _builder_version=\u00a0\u00bb4.16&Prime; min_height=\u00a0\u00bb69px\u00a0\u00bb custom_margin=\u00a0\u00bb||-3px|||\u00a0\u00bb custom_padding=\u00a0\u00bb52px|||||\u00a0\u00bb global_colors_info=\u00a0\u00bb{}\u00a0\u00bb][\/et_pb_wc_title][et_pb_wc_description _builder_version=\u00a0\u00bb4.16&Prime; global_colors_info=\u00a0\u00bb{}\u00a0\u00bb][\/et_pb_wc_description][et_pb_button button_text=\u00a0\u00bbDemandez un Devis une Offre de Location\u00a0\u00bb _builder_version=\u00a0\u00bb4.27.0&Prime; _module_preset=\u00a0\u00bbdefault\u00a0\u00bb hover_enabled=\u00a0\u00bb0&Prime; global_colors_info=\u00a0\u00bb{}\u00a0\u00bb sticky_enabled=\u00a0\u00bb0&Prime;][\/et_pb_button][et_pb_wc_meta _builder_version=\u00a0\u00bb4.16&Prime; global_colors_info=\u00a0\u00bb{}\u00a0\u00bb][\/et_pb_wc_meta][\/et_pb_column][\/et_pb_row][et_pb_row _builder_version=\u00a0\u00bb4.16&Prime; background_size=\u00a0\u00bbinitial\u00a0\u00bb background_position=\u00a0\u00bbtop_left\u00a0\u00bb background_repeat=\u00a0\u00bbrepeat\u00a0\u00bb width=\u00a0\u00bb100%\u00a0\u00bb min_height=\u00a0\u00bb326px\u00a0\u00bb custom_margin=\u00a0\u00bb|auto|-14px|auto||\u00a0\u00bb custom_padding=\u00a0\u00bb||0px|||\u00a0\u00bb global_colors_info=\u00a0\u00bb{}\u00a0\u00bb][et_pb_column type=\u00a0\u00bb4_4&Prime; _builder_version=\u00a0\u00bb4.16&Prime; custom_padding=\u00a0\u00bb|||\u00a0\u00bb global_colors_info=\u00a0\u00bb{}\u00a0\u00bb custom_padding__hover=\u00a0\u00bb|||\u00a0\u00bb][et_pb_tabs active_tab_background_color=\u00a0\u00bb#F25A00&Prime; inactive_tab_background_color=\u00a0\u00bb#0F4C81&Prime; active_tab_text_color=\u00a0\u00bb#ffffff\u00a0\u00bb _builder_version=\u00a0\u00bb4.24.2&Prime; _module_preset=\u00a0\u00bbdefault\u00a0\u00bb tab_text_color=\u00a0\u00bb#ffffff\u00a0\u00bb custom_margin=\u00a0\u00bb||16px|||\u00a0\u00bb custom_padding=\u00a0\u00bb||27px|||\u00a0\u00bb global_colors_info=\u00a0\u00bb{}\u00a0\u00bb][et_pb_tab title=\u00a0\u00bbDescription\u00a0\u00bb _builder_version=\u00a0\u00bb4.24.2&Prime; _module_preset=\u00a0\u00bbdefault\u00a0\u00bb global_colors_info=\u00a0\u00bb{}\u00a0\u00bb]<\/p>\n<h5><b>Le Vortex3:<\/b><\/h5>\n<ul>\n<li>Pompe de pr\u00e9l\u00e8vement d&rsquo;air \u00e0 haut d\u00e9bit &#8211; 12L\/min avec un filtre<\/li>\n<li>Grande autonomie de la batterie<\/li>\n<li>Conception robuste<\/li>\n<\/ul>\n<h5><strong>Casella a apport\u00e9 des innovations uniques sur le march\u00e9 des pompes de pr\u00e9l\u00e8vement d&rsquo;air et la Vortex3 n&rsquo;est pas diff\u00e9rente !<\/strong><\/h5>\n<ul>\n<li>Conception unique d&#8217;embo\u00eetement (brevet en cours d&rsquo;homologation) ; transportez plusieurs pompes ensemble dans une seule main, \u00e9conomisant ainsi du temps et des efforts.<\/li>\n<li>L\u00e9g\u00e8re, seulement 2,5 kg par pompe.<\/li>\n<\/ul>\n<h5><strong>Conception unique en instance de brevet<\/strong><\/h5>\n<p>Con\u00e7u pour gagner du temps lors du transport et de l&rsquo;installation des pompes, le Vortex3 est \u00e9galement con\u00e7u pour les environnements difficiles, pour durer et \u00eatre fiable !<\/p>\n<ul>\n<li>Verrouillez plusieurs unit\u00e9s ensemble pour acc\u00e9l\u00e9rer le d\u00e9ploiement<\/li>\n<li>Ne p\u00e8se que 2,17 kg (4,78 lb), fabriqu\u00e9 en ABS robuste.<\/li>\n<li>Tube et t\u00eate d&rsquo;\u00e9chantillonnage transport\u00e9s sur la pompe<\/li>\n<li>IP65 pour une d\u00e9contamination facile<\/li>\n<\/ul>\n<h5><strong>Simple d&rsquo;utilisation<\/strong><\/h5>\n<p>Il est essentiel d&rsquo;\u00eatre rapidement op\u00e9rationnel pour gagner du temps. Le Vortex3 est incroyablement facile \u00e0 utiliser.<\/p>\n<ul>\n<li>Ecran couleur visible dans toutes les conditions de luminosit\u00e9<\/li>\n<li>Grand clavier pour une utilisation facile avec des gants<\/li>\n<li>D\u00e9marrage rapide, \u00e9talonnage et \u00e9chantillonnage<\/li>\n<\/ul>\n<h5><strong>Application unique Airwave<\/strong><\/h5>\n<p>Afin de gagner du temps et de l&rsquo;\u00e9nergie lors du t\u00e9l\u00e9chargement des donn\u00e9es et de l&rsquo;\u00e9tablissement des rapports, l&rsquo;application Airwave permet \u00e9galement de v\u00e9rifier la pompe \u00e0 distance au fur et \u00e0 mesure de l&rsquo;avancement des mesures.<\/p>\n<ul>\n<li>Voir \u00e0 distance toutes les informations relatives \u00e0 l&rsquo;ex\u00e9cution et \u00e0 l&rsquo;\u00e9tat de la pompe<\/li>\n<li>Saisir des notes et des donn\u00e9es sur le site avec un timbre de localisation<\/li>\n<li>Envoyer les r\u00e9sultats par e-mail pour acc\u00e9l\u00e9rer les rapports et assurer la tra\u00e7abilit\u00e9.<\/li>\n<\/ul>\n<p>[\/et_pb_tab][et_pb_tab title=\u00a0\u00bbVid\u00e9o du produit\u00a0\u00bb _builder_version=\u00a0\u00bb4.18.0&Prime; _module_preset=\u00a0\u00bbdefault\u00a0\u00bb global_colors_info=\u00a0\u00bb{}\u00a0\u00bb]<\/p>\n<p><iframe loading=\"lazy\" title=\"Vortex3 High Flow Pump for Asbestos Sampling - Introductory Video\" width=\"1080\" height=\"608\" src=\"https:\/\/www.youtube.com\/embed\/5uUH8qPCNOY?feature=oembed\"  allow=\"accelerometer; autoplay; clipboard-write; encrypted-media; gyroscope; picture-in-picture; web-share\" referrerpolicy=\"strict-origin-when-cross-origin\" allowfullscreen><\/iframe><\/p>\n<p>[\/et_pb_tab][\/et_pb_tabs][\/et_pb_column][\/et_pb_row][\/et_pb_section]<\/p>\n","protected":false},"excerpt":{"rendered":"<p>Le Vortex3, prim\u00e9, est la derni\u00e8re g\u00e9n\u00e9ration de pompes d&rsquo;\u00e9chantillonnage statiques \u00e0 haut d\u00e9bit, qui peuvent d\u00e9sormais \u00eatre contr\u00f4l\u00e9es et surveill\u00e9es \u00e0 partir de votre t\u00e9l\u00e9phone portable ou de votre tablette.<\/p>\n<p>Id\u00e9ale pour l&rsquo;\u00e9chantillonnage des contaminants en suspension dans l&rsquo;air, y compris l&rsquo;amiante et d&rsquo;autres mat\u00e9riaux dangereux.<\/p>\n<ul>\n<li>D\u00e9bit \u00e9lev\u00e9 (5-12 L\/min)<\/li>\n<li>Capacit\u00e9 de contre-pression impressionnante<\/li>\n<li>\u00c9cran OLED couleur<\/li>\n<li>Compatibilit\u00e9 avec l&rsquo;application Airwave pour une surveillance \u00e0 distance facile<\/li>\n<li>Pression d&rsquo;entr\u00e9e surveill\u00e9e pour d\u00e9terminer la charge du filtre<\/li>\n<li>Alimentation sur secteur ou sur batterie<\/li>\n<li>Conception robuste IP65<\/li>\n<li>La finition du bo\u00eetier permet une d\u00e9contamination facile<\/li>\n<li>Pr\u00e9cision du d\u00e9bit sup\u00e9rieure \u00e0 +\/-5 %, conform\u00e9ment \u00e0 la norme ISO 13137<\/li>\n<li>M\u00e9canisme de verrouillage permettant de transporter plusieurs pompes \u00e0 la fois.<\/li>\n<\/ul>\n<p><a href=\"https:\/\/hse.isi-be.eu\/wp-content\/uploads\/2024\/02\/Vortex3-Air-Sampling-Pump-Data-Sheet-ENGLISH-SM183-v3_isi.pdf\" target=\"_blank\" rel=\"noopener\"><img loading=\"lazy\" decoding=\"async\" class=\"alignnone wp-image-234108\" src=\"https:\/\/hse.isi-be.eu\/wp-content\/uploads\/2020\/04\/Icon-Datasheet.png\" alt=\"\" width=\"33\" height=\"33\" srcset=\"https:\/\/hse.isi-be.eu\/wp-content\/uploads\/2020\/04\/Icon-Datasheet.png 150w, https:\/\/hse.isi-be.eu\/wp-content\/uploads\/2020\/04\/Icon-Datasheet-100x100.png 100w\" sizes=\"(max-width: 33px) 100vw, 33px\" \/>Product Datasheet<\/a><\/p>\n","protected":false},"featured_media":234383,"template":"","meta":{"_et_pb_use_builder":"on","_et_pb_old_content":"","_et_gb_content_width":"","inline_featured_image":false},"pwb-brand":[1049],"product_cat":[1078,1076],"product_tag":[],"class_list":{"0":"post-234374","1":"product","2":"type-product","3":"status-publish","4":"has-post-thumbnail","6":"pwb-brand-casella-solutions","7":"product_cat-pompes-dechantillonnage","8":"product_cat-qualite-de-lair","10":"first","11":"instock","12":"shipping-taxable","13":"product-type-simple"},"brands":[{"id":1049,"name":"Casella Solutions","slug":"casella-solutions"}],"_links":{"self":[{"href":"https:\/\/hse.isi-be.eu\/fr\/wp-json\/wp\/v2\/product\/234374"}],"collection":[{"href":"https:\/\/hse.isi-be.eu\/fr\/wp-json\/wp\/v2\/product"}],"about":[{"href":"https:\/\/hse.isi-be.eu\/fr\/wp-json\/wp\/v2\/types\/product"}],"wp:featuredmedia":[{"embeddable":true,"href":"https:\/\/hse.isi-be.eu\/fr\/wp-json\/wp\/v2\/media\/234383"}],"wp:attachment":[{"href":"https:\/\/hse.isi-be.eu\/fr\/wp-json\/wp\/v2\/media?parent=234374"}],"wp:term":[{"taxonomy":"pwb-brand","embeddable":true,"href":"https:\/\/hse.isi-be.eu\/fr\/wp-json\/wp\/v2\/pwb-brand?post=234374"},{"taxonomy":"product_cat","embeddable":true,"href":"https:\/\/hse.isi-be.eu\/fr\/wp-json\/wp\/v2\/product_cat?post=234374"},{"taxonomy":"product_tag","embeddable":true,"href":"https:\/\/hse.isi-be.eu\/fr\/wp-json\/wp\/v2\/product_tag?post=234374"}],"curies":[{"name":"wp","href":"https:\/\/api.w.org\/{rel}","templated":true}]}}