{"id":234488,"date":"2020-03-06T10:39:17","date_gmt":"2020-03-06T09:39:17","guid":{"rendered":"https:\/\/hse.isi-be.eu\/microdust-moniteur-de-poussiere-en-temps-reel\/"},"modified":"2025-03-04T15:43:04","modified_gmt":"2025-03-04T14:43:04","slug":"microdust-moniteur-de-poussiere-en-temps-reel","status":"publish","type":"product","link":"https:\/\/hse.isi-be.eu\/fr\/qualite-de-lair\/surveillance-des-poussieres\/microdust-moniteur-de-poussiere-en-temps-reel\/","title":{"rendered":"Microdust &#8211; Moniteur de Poussi\u00e8re en Temps R\u00e9el"},"content":{"rendered":"<p>[et_pb_section fb_built=\u00a0\u00bb1&Prime; _builder_version=\u00a0\u00bb4.16&Prime; custom_padding=\u00a0\u00bb0px||||false|false\u00a0\u00bb global_colors_info=\u00a0\u00bb{}\u00a0\u00bb][et_pb_row _builder_version=\u00a0\u00bb4.16&Prime; background_size=\u00a0\u00bbinitial\u00a0\u00bb background_position=\u00a0\u00bbtop_left\u00a0\u00bb background_repeat=\u00a0\u00bbrepeat\u00a0\u00bb width=\u00a0\u00bb100%\u00a0\u00bb custom_padding=\u00a0\u00bb0px||0px||false|false\u00a0\u00bb global_colors_info=\u00a0\u00bb{}\u00a0\u00bb][et_pb_column type=\u00a0\u00bb4_4&Prime; _builder_version=\u00a0\u00bb4.16&Prime; custom_padding=\u00a0\u00bb|||\u00a0\u00bb global_colors_info=\u00a0\u00bb{}\u00a0\u00bb custom_padding__hover=\u00a0\u00bb|||\u00a0\u00bb][et_pb_wc_breadcrumb _builder_version=\u00a0\u00bb4.16&Prime; global_colors_info=\u00a0\u00bb{}\u00a0\u00bb][\/et_pb_wc_breadcrumb][\/et_pb_column][\/et_pb_row][et_pb_row column_structure=\u00a0\u00bb1_2,1_2&Prime; _builder_version=\u00a0\u00bb4.16&Prime; background_size=\u00a0\u00bbinitial\u00a0\u00bb background_position=\u00a0\u00bbtop_left\u00a0\u00bb background_repeat=\u00a0\u00bbrepeat\u00a0\u00bb width=\u00a0\u00bb100%\u00a0\u00bb custom_padding=\u00a0\u00bb0px||||false|false\u00a0\u00bb global_colors_info=\u00a0\u00bb{}\u00a0\u00bb][et_pb_column type=\u00a0\u00bb1_2&Prime; _builder_version=\u00a0\u00bb4.16&Prime; custom_padding=\u00a0\u00bb|||\u00a0\u00bb global_colors_info=\u00a0\u00bb{}\u00a0\u00bb custom_padding__hover=\u00a0\u00bb|||\u00a0\u00bb][et_pb_wc_images _builder_version=\u00a0\u00bb4.24.2&Prime; _module_preset=\u00a0\u00bbdefault\u00a0\u00bb global_colors_info=\u00a0\u00bb{}\u00a0\u00bb][\/et_pb_wc_images][\/et_pb_column][et_pb_column type=\u00a0\u00bb1_2&Prime; _builder_version=\u00a0\u00bb4.16&Prime; custom_padding=\u00a0\u00bb|||\u00a0\u00bb global_colors_info=\u00a0\u00bb{}\u00a0\u00bb custom_padding__hover=\u00a0\u00bb|||\u00a0\u00bb][et_pb_wc_title _builder_version=\u00a0\u00bb4.16&Prime; global_colors_info=\u00a0\u00bb{}\u00a0\u00bb][\/et_pb_wc_title][et_pb_wc_description _builder_version=\u00a0\u00bb4.16&Prime; global_colors_info=\u00a0\u00bb{}\u00a0\u00bb][\/et_pb_wc_description][et_pb_button button_text=\u00a0\u00bbDemander un devis ou Louer Maintenant\u00a0\u00bb _builder_version=\u00a0\u00bb4.27.0&Prime; _module_preset=\u00a0\u00bbdefault\u00a0\u00bb hover_enabled=\u00a0\u00bb0&Prime; global_colors_info=\u00a0\u00bb{}\u00a0\u00bb sticky_enabled=\u00a0\u00bb0&Prime;][\/et_pb_button][et_pb_wc_meta show_sku=\u00a0\u00bboff\u00a0\u00bb show_tags=\u00a0\u00bboff\u00a0\u00bb _builder_version=\u00a0\u00bb4.16&Prime; global_colors_info=\u00a0\u00bb{}\u00a0\u00bb][\/et_pb_wc_meta][\/et_pb_column][\/et_pb_row][\/et_pb_section][et_pb_section fb_built=\u00a0\u00bb1&Prime; _builder_version=\u00a0\u00bb4.27.0&Prime; _module_preset=\u00a0\u00bbdefault\u00a0\u00bb global_colors_info=\u00a0\u00bb{}\u00a0\u00bb][et_pb_row _builder_version=\u00a0\u00bb4.27.0&Prime; _module_preset=\u00a0\u00bbdefault\u00a0\u00bb global_colors_info=\u00a0\u00bb{}\u00a0\u00bb][et_pb_column type=\u00a0\u00bb4_4&Prime; _builder_version=\u00a0\u00bb4.27.0&Prime; _module_preset=\u00a0\u00bbdefault\u00a0\u00bb global_colors_info=\u00a0\u00bb{}\u00a0\u00bb][et_pb_text _builder_version=\u00a0\u00bb4.27.0&Prime; _module_preset=\u00a0\u00bbdefault\u00a0\u00bb global_colors_info=\u00a0\u00bb{}\u00a0\u00bb]<\/p>\n<h2><span style=\"text-decoration: underline\">Description et vid\u00e9o<\/span><\/h2>\n<p>[\/et_pb_text][\/et_pb_column][\/et_pb_row][\/et_pb_section][et_pb_section fb_built=\u00a0\u00bb1&Prime; _builder_version=\u00a0\u00bb4.27.0&Prime; _module_preset=\u00a0\u00bbdefault\u00a0\u00bb custom_margin=\u00a0\u00bb-92px||-92px||true|false\u00a0\u00bb global_colors_info=\u00a0\u00bb{}\u00a0\u00bb][et_pb_row _builder_version=\u00a0\u00bb4.27.0&Prime; _module_preset=\u00a0\u00bbdefault\u00a0\u00bb global_colors_info=\u00a0\u00bb{}\u00a0\u00bb][et_pb_column type=\u00a0\u00bb4_4&Prime; _builder_version=\u00a0\u00bb4.27.0&Prime; _module_preset=\u00a0\u00bbdefault\u00a0\u00bb global_colors_info=\u00a0\u00bb{}\u00a0\u00bb][et_pb_text _builder_version=\u00a0\u00bb4.27.0&Prime; _module_preset=\u00a0\u00bbdefault\u00a0\u00bb custom_margin=\u00a0\u00bb-22px||-22px||true|false\u00a0\u00bb global_colors_info=\u00a0\u00bb{}\u00a0\u00bb]<\/p>\n<p>Kit Pro<br \/>Le Microdust Pro est un instrument portatif en temps r\u00e9el qui enregistre des donn\u00e9es pour d\u00e9tecter les poussi\u00e8res, les fum\u00e9es et les a\u00e9rosols en suspension dans l&rsquo;air. Il est id\u00e9al pour les enqu\u00eates sur le terrain et pour v\u00e9rifier l&rsquo;efficacit\u00e9 des mesures de contr\u00f4le. C&rsquo;est un instrument facile \u00e0 utiliser qui fournit \u00e0 l&rsquo;utilisateur des donn\u00e9es qualitatives suppl\u00e9mentaires qui ne peuvent \u00eatre obtenues par les seules m\u00e9thodes gravim\u00e9triques d&rsquo;\u00e9chantillonnage de l&rsquo;air.<br \/>Cet instrument tr\u00e8s polyvalent peut \u00e9galement \u00eatre utilis\u00e9 avec une gamme d&rsquo;accessoires pour des applications d&rsquo;\u00e9chantillonnage statique et s\u00e9lectif par taille. Les \u00e9crans sont cod\u00e9s par couleur pour faciliter la navigation. Les valeurs mesur\u00e9es instantan\u00e9es en temps r\u00e9el sont affich\u00e9es avec les valeurs moyennes sur le grand \u00e9cran. L&rsquo;instrument est \u00e9talonn\u00e9 en usine avec le test particulaire ISO 12103-1 et chaque sonde est \u00e9galement livr\u00e9e avec son propre insert d&rsquo;\u00e9talonnage unique qui cr\u00e9e un effet de diffusion optique connu dans la chambre d&rsquo;\u00e9chantillonnage de la sonde.<br \/>Cela signifie que le Microdust Pro peut \u00eatre \u00e9talonn\u00e9 sur le terrain, une caract\u00e9ristique unique sur le march\u00e9. Le Microdust Pro peut \u00e9galement \u00eatre utilis\u00e9 en combinaison avec une pompe d&rsquo;\u00e9chantillonnage personnelle et des adaptateurs gravim\u00e9triques pour la s\u00e9lection des tailles : total inhalable, respirable ou PM2.5 et PM10. Un bo\u00eetier est \u00e9galement disponible pour des mesures statiques plus longues.<\/p>\n<p>&#8211; Affichage graphique en temps r\u00e9el des niveaux de poussi\u00e8re<br \/>&#8211; Interface utilisateur simple avec ic\u00f4nes<br \/>&#8211; Gamme \u00e9tendue : 0,001mg\/m3 \u00e0 250g\/m3<br \/>&#8211; \u00c9chantillonnage de la poussi\u00e8re totale, (respirable, PM2.5 ou PM10 avec adaptateur optionnel)<br \/>&#8211; Longue dur\u00e9e de vie des piles<br \/>&#8211; Insert d&rsquo;\u00e9talonnage unique sur site<br \/>&#8211; Enregistrement des donn\u00e9es avec m\u00e9moire de 500 cycles<br \/>&#8211; T\u00e9l\u00e9chargement vers le logiciel Insight pour l&rsquo;analyse et la cr\u00e9ation de rapports<\/p>\n<p>Kit de d\u00e9tection :<br \/>Pour les op\u00e9rateurs et les responsables de sites qui doivent surveiller les niveaux de poussi\u00e8re sur leur site, \u00e0 l&rsquo;int\u00e9rieur ou \u00e0 l&rsquo;ext\u00e9rieur, ou \u00e0 la limite, le Casella Dust Detective est l&rsquo;instrument id\u00e9al pour des mesures d&rsquo;ensemble. Il se compose du Microdust Pro, un moniteur de poussi\u00e8re \u00e0 enregistrement en temps r\u00e9el, et d&rsquo;une pompe d&rsquo;\u00e9chantillonnage personnelle, le tout log\u00e9 dans un bo\u00eetier robuste class\u00e9 IP65. Cela signifie que vous pouvez utiliser le Dust Detective aussi bien \u00e0 l&rsquo;int\u00e9rieur qu&rsquo;\u00e0 l&rsquo;ext\u00e9rieur et qu&rsquo;il est discret gr\u00e2ce \u00e0 son bo\u00eetier noir. Le Dust Detective de Casella fonctionne jusqu&rsquo;\u00e0 13 heures avec ses batteries internes, soit plus d&rsquo;un quart de travail sans remplacement. Le Casella Dust Detective est \u00e9galement capable de mesurer des fractions gr\u00e2ce \u00e0 des accessoires optionnels, que ce soit pour des mesures d&rsquo;hygi\u00e8ne professionnelle des fractions inhalables ou respirables totales ou des fractions environnementales, PM2.5 et PM10. Le Casella Dust Detective enregistre les donn\u00e9es au fil du temps et celles-ci peuvent \u00eatre t\u00e9l\u00e9charg\u00e9es \u00e0 des fins d&rsquo;\u00e9valuation et de rapport \u00e0 l&rsquo;aide du logiciel de gestion des donn\u00e9es Casella Insight. Insight g\u00e9n\u00e8re des graphiques et des donn\u00e9es r\u00e9capitulatives qui vous permettent d&rsquo;identifier facilement les tendances des niveaux d&#8217;empoussi\u00e8rement, les points chauds et les zones \u00e0 probl\u00e8mes, ce qui vous permet de prendre des d\u00e9cisions \u00e9clair\u00e9es et de prendre des mesures si n\u00e9cessaire.<\/p>\n<p>&#8211; Affichage graphique en temps r\u00e9el des niveaux de poussi\u00e8re<br \/>&#8211; Interface utilisateur simple avec ic\u00f4nes<br \/>&#8211; Gamme \u00e9tendue : 0,001mg\/m3 \u00e0 250g\/m3<br \/>&#8211; \u00c9chantillonnage de la poussi\u00e8re totale, (respirable, PM2.5 ou PM10 avec adaptateur optionnel)<br \/>&#8211; Longue dur\u00e9e de vie des piles<br \/>&#8211; Insert d&rsquo;\u00e9talonnage unique sur site<br \/>&#8211; Enregistrement des donn\u00e9es avec une m\u00e9moire de 500 cycles<\/p>\n<p>[\/et_pb_text][\/et_pb_column][\/et_pb_row][\/et_pb_section][et_pb_section fb_built=\u00a0\u00bb1&Prime; _builder_version=\u00a0\u00bb4.27.0&Prime; _module_preset=\u00a0\u00bbdefault\u00a0\u00bb global_colors_info=\u00a0\u00bb{}\u00a0\u00bb][et_pb_row _builder_version=\u00a0\u00bb4.27.0&Prime; _module_preset=\u00a0\u00bbdefault\u00a0\u00bb global_colors_info=\u00a0\u00bb{}\u00a0\u00bb][et_pb_column type=\u00a0\u00bb4_4&Prime; _builder_version=\u00a0\u00bb4.27.0&Prime; _module_preset=\u00a0\u00bbdefault\u00a0\u00bb global_colors_info=\u00a0\u00bb{}\u00a0\u00bb][et_pb_text _builder_version=\u00a0\u00bb4.27.0&Prime; _module_preset=\u00a0\u00bbdefault\u00a0\u00bb global_colors_info=\u00a0\u00bb{}\u00a0\u00bb]<\/p>\n<p><iframe loading=\"lazy\" title=\"Casella&#039;s Real-Time Dust Monitor, The Microdust Pro\" width=\"1080\" height=\"608\" src=\"https:\/\/www.youtube.com\/embed\/bWf6GfYEhVg?feature=oembed\"  allow=\"accelerometer; autoplay; clipboard-write; encrypted-media; gyroscope; picture-in-picture; web-share\" referrerpolicy=\"strict-origin-when-cross-origin\" allowfullscreen><\/iframe><\/p>\n<p>[\/et_pb_text][\/et_pb_column][\/et_pb_row][\/et_pb_section]<\/p>\n","protected":false},"excerpt":{"rendered":"<p>Microdust Pro est un instrument portatif d&rsquo;enregistrement des donn\u00e9es en temps r\u00e9el pour la d\u00e9tection des poussi\u00e8res, fum\u00e9es et a\u00e9rosols en suspension dans l&rsquo;air. Il est id\u00e9al pour les enqu\u00eates par sondage et pour v\u00e9rifier l&rsquo;efficacit\u00e9 des mesures de contr\u00f4le.<\/p>\n<p>Il s&rsquo;agit d&rsquo;un instrument simple \u00e0 utiliser qui fournit \u00e0 l&rsquo;utilisateur des donn\u00e9es qualitatives suppl\u00e9mentaires que les m\u00e9thodes d&rsquo;\u00e9chantillonnage gravim\u00e9trique de l&rsquo;air ne permettent pas d&rsquo;obtenir \u00e0 elles seules.<\/p>\n<p><a href=\"https:\/\/hse.isi-be.eu\/wp-content\/uploads\/2024\/06\/Microdust_Datasheet.pdf\" target=\"_blank\" rel=\"noopener\"><img loading=\"lazy\" decoding=\"async\" class=\"alignnone wp-image-234108\" src=\"https:\/\/hse.isi-be.eu\/wp-content\/uploads\/2020\/04\/Icon-Datasheet.png\" alt=\"\" width=\"33\" height=\"33\" srcset=\"https:\/\/hse.isi-be.eu\/wp-content\/uploads\/2020\/04\/Icon-Datasheet.png 150w, https:\/\/hse.isi-be.eu\/wp-content\/uploads\/2020\/04\/Icon-Datasheet-100x100.png 100w\" sizes=\"(max-width: 33px) 100vw, 33px\" \/>Product Datasheet<\/a><\/p>\n","protected":false},"featured_media":234489,"template":"","meta":{"_et_pb_use_builder":"on","_et_pb_old_content":"","_et_gb_content_width":"","inline_featured_image":false},"pwb-brand":[1049],"product_cat":[1076,1081],"product_tag":[],"class_list":{"0":"post-234488","1":"product","2":"type-product","3":"status-publish","4":"has-post-thumbnail","6":"pwb-brand-casella-solutions","7":"product_cat-qualite-de-lair","8":"product_cat-surveillance-des-poussieres","9":"pa_air-quality-1-total-particules-suspendues","11":"first","12":"instock","13":"shipping-taxable","14":"purchasable","15":"product-type-simple"},"brands":[{"id":1049,"name":"Casella Solutions","slug":"casella-solutions"}],"_links":{"self":[{"href":"https:\/\/hse.isi-be.eu\/fr\/wp-json\/wp\/v2\/product\/234488"}],"collection":[{"href":"https:\/\/hse.isi-be.eu\/fr\/wp-json\/wp\/v2\/product"}],"about":[{"href":"https:\/\/hse.isi-be.eu\/fr\/wp-json\/wp\/v2\/types\/product"}],"wp:featuredmedia":[{"embeddable":true,"href":"https:\/\/hse.isi-be.eu\/fr\/wp-json\/wp\/v2\/media\/234489"}],"wp:attachment":[{"href":"https:\/\/hse.isi-be.eu\/fr\/wp-json\/wp\/v2\/media?parent=234488"}],"wp:term":[{"taxonomy":"pwb-brand","embeddable":true,"href":"https:\/\/hse.isi-be.eu\/fr\/wp-json\/wp\/v2\/pwb-brand?post=234488"},{"taxonomy":"product_cat","embeddable":true,"href":"https:\/\/hse.isi-be.eu\/fr\/wp-json\/wp\/v2\/product_cat?post=234488"},{"taxonomy":"product_tag","embeddable":true,"href":"https:\/\/hse.isi-be.eu\/fr\/wp-json\/wp\/v2\/product_tag?post=234488"}],"curies":[{"name":"wp","href":"https:\/\/api.w.org\/{rel}","templated":true}]}}