{"id":234502,"date":"2020-03-09T14:42:22","date_gmt":"2020-03-09T13:42:22","guid":{"rendered":"https:\/\/hse.isi-be.eu\/vapex-pompe-dechantillonnage-dair\/"},"modified":"2025-04-24T15:27:15","modified_gmt":"2025-04-24T14:27:15","slug":"vapex-pompe-dechantillonnage-dair","status":"publish","type":"product","link":"https:\/\/hse.isi-be.eu\/fr\/qualite-de-lair\/pompes-dechantillonnage\/vapex-pompe-dechantillonnage-dair\/","title":{"rendered":"Vapex &#8211; Pompe d&rsquo;\u00c9chantillonnage d&rsquo;Air"},"content":{"rendered":"<p>[et_pb_section fb_built=\u00a0\u00bb1&Prime; _builder_version=\u00a0\u00bb4.16&Prime; background_color=\u00a0\u00bb#ffffff\u00a0\u00bb background_enable_image=\u00a0\u00bboff\u00a0\u00bb custom_padding=\u00a0\u00bb0px||0px||false|false\u00a0\u00bb global_colors_info=\u00a0\u00bb{}\u00a0\u00bb][et_pb_row _builder_version=\u00a0\u00bb4.16&Prime; background_size=\u00a0\u00bbinitial\u00a0\u00bb background_position=\u00a0\u00bbtop_left\u00a0\u00bb background_repeat=\u00a0\u00bbrepeat\u00a0\u00bb width=\u00a0\u00bb100%\u00a0\u00bb custom_padding=\u00a0\u00bb0px||0px||false|false\u00a0\u00bb global_colors_info=\u00a0\u00bb{}\u00a0\u00bb][et_pb_column type=\u00a0\u00bb4_4&Prime; _builder_version=\u00a0\u00bb4.16&Prime; custom_padding=\u00a0\u00bb|||\u00a0\u00bb global_colors_info=\u00a0\u00bb{}\u00a0\u00bb custom_padding__hover=\u00a0\u00bb|||\u00a0\u00bb][et_pb_wc_breadcrumb _builder_version=\u00a0\u00bb4.16&Prime; global_colors_info=\u00a0\u00bb{}\u00a0\u00bb][\/et_pb_wc_breadcrumb][\/et_pb_column][\/et_pb_row][et_pb_row column_structure=\u00a0\u00bb1_2,1_2&Prime; _builder_version=\u00a0\u00bb4.16&Prime; background_size=\u00a0\u00bbinitial\u00a0\u00bb background_position=\u00a0\u00bbtop_left\u00a0\u00bb background_repeat=\u00a0\u00bbrepeat\u00a0\u00bb width=\u00a0\u00bb100%\u00a0\u00bb custom_padding=\u00a0\u00bb0px||||false|false\u00a0\u00bb global_colors_info=\u00a0\u00bb{}\u00a0\u00bb][et_pb_column type=\u00a0\u00bb1_2&Prime; _builder_version=\u00a0\u00bb4.16&Prime; custom_padding=\u00a0\u00bb|||\u00a0\u00bb global_colors_info=\u00a0\u00bb{}\u00a0\u00bb custom_padding__hover=\u00a0\u00bb|||\u00a0\u00bb][et_pb_wc_images _builder_version=\u00a0\u00bb4.24.2&Prime; _module_preset=\u00a0\u00bbdefault\u00a0\u00bb global_colors_info=\u00a0\u00bb{}\u00a0\u00bb][\/et_pb_wc_images][\/et_pb_column][et_pb_column type=\u00a0\u00bb1_2&Prime; _builder_version=\u00a0\u00bb4.16&Prime; custom_padding=\u00a0\u00bb|||\u00a0\u00bb global_colors_info=\u00a0\u00bb{}\u00a0\u00bb custom_padding__hover=\u00a0\u00bb|||\u00a0\u00bb][et_pb_wc_title _builder_version=\u00a0\u00bb4.16&Prime; global_colors_info=\u00a0\u00bb{}\u00a0\u00bb][\/et_pb_wc_title][et_pb_wc_description _builder_version=\u00a0\u00bb4.16&Prime; header_2_text_color=\u00a0\u00bb#0F4C81&Prime; header_2_line_height=\u00a0\u00bb1.9em\u00a0\u00bb custom_margin=\u00a0\u00bb14px||||false|false\u00a0\u00bb custom_padding=\u00a0\u00bb0px||||false|false\u00a0\u00bb global_colors_info=\u00a0\u00bb{}\u00a0\u00bb][\/et_pb_wc_description][et_pb_button button_url=\u00a0\u00bbhttp:\/\/phse.isi-be.eu\/get-a-quote-or-rent-now\/\/p\u00a0\u00bb button_text=\u00a0\u00bbDemandez un Devis une Offre de Location\u00a0\u00bb _builder_version=\u00a0\u00bb4.27.0&Prime; _module_preset=\u00a0\u00bbdefault\u00a0\u00bb hover_enabled=\u00a0\u00bb0&Prime; global_colors_info=\u00a0\u00bb{}\u00a0\u00bb sticky_enabled=\u00a0\u00bb0&Prime;][\/et_pb_button][et_pb_wc_meta show_sku=\u00a0\u00bboff\u00a0\u00bb show_tags=\u00a0\u00bboff\u00a0\u00bb _builder_version=\u00a0\u00bb4.16&Prime; global_colors_info=\u00a0\u00bb{}\u00a0\u00bb][\/et_pb_wc_meta][\/et_pb_column][\/et_pb_row][et_pb_row _builder_version=\u00a0\u00bb4.16&Prime; background_size=\u00a0\u00bbinitial\u00a0\u00bb background_position=\u00a0\u00bbtop_left\u00a0\u00bb background_repeat=\u00a0\u00bbrepeat\u00a0\u00bb width=\u00a0\u00bb100%\u00a0\u00bb saved_tabs=\u00a0\u00bball\u00a0\u00bb global_colors_info=\u00a0\u00bb{}\u00a0\u00bb][et_pb_column type=\u00a0\u00bb4_4&Prime; _builder_version=\u00a0\u00bb4.16&Prime; custom_padding=\u00a0\u00bb|||\u00a0\u00bb global_colors_info=\u00a0\u00bb{}\u00a0\u00bb custom_padding__hover=\u00a0\u00bb|||\u00a0\u00bb][et_pb_tabs active_tab_background_color=\u00a0\u00bb#f25a00&Prime; inactive_tab_background_color=\u00a0\u00bb#0F4C81&Prime; active_tab_text_color=\u00a0\u00bb#ffffff\u00a0\u00bb admin_label=\u00a0\u00bbTabs\u00a0\u00bb _builder_version=\u00a0\u00bb4.24.2&Prime; tab_text_color=\u00a0\u00bb#ffffff\u00a0\u00bb tab_font=\u00a0\u00bb|700|||||||\u00a0\u00bb use_background_color_gradient=\u00a0\u00bbon\u00a0\u00bb background_color_gradient_stops=\u00a0\u00bbrgba(18,83,204,0) 0%|#5f7fe8 100%\u00a0\u00bb background_enable_video_mp4=\u00a0\u00bboff\u00a0\u00bb global_colors_info=\u00a0\u00bb{}\u00a0\u00bb][et_pb_tab title=\u00a0\u00bbDescription\u00a0\u00bb _builder_version=\u00a0\u00bb4.24.2&Prime; global_colors_info=\u00a0\u00bb{}\u00a0\u00bb]<\/p>\n<p>Les pompes VAPex ont \u00e9t\u00e9 con\u00e7ues pour offrir des performances optimales dans les applications \u00e0 faible d\u00e9bit.<\/p>\n<p>Son m\u00e9canisme de contr\u00f4le tr\u00e8s sophistiqu\u00e9 permet aux utilisateurs de pr\u00e9lever des \u00e9chantillons \u00e0 des d\u00e9bits extr\u00eamement faibles pour capturer les vapeurs et les gaz via des tubes sorbants.<\/p>\n<ul>\n<li>Dur\u00e9e de fonctionnement de 34 heures en utilisation optimale<\/li>\n<li>Flexibilit\u00e9 pour fonctionner avec tous les tubes et kits<\/li>\n<li>Capacit\u00e9 de contre-pression exceptionnelle<\/li>\n<li>Excellent contr\u00f4le et stabilit\u00e9 du d\u00e9bit<\/li>\n<\/ul>\n<p>Le VAPex a une capacit\u00e9 de contre-pression exceptionnelle qui garantit un fonctionnement ininterrompu de la pompe, m\u00eame dans les environnements les plus exigeants. La technologie innovante int\u00e9gr\u00e9e au VAPex offre des caract\u00e9ristiques uniques \u00e0 l&rsquo;utilisateur.<\/p>\n<p>Conception intelligente et facile \u00e0 porter Le VAPex poss\u00e8de l&rsquo;un des bo\u00eetiers les plus pratiques, les plus fins et les plus l\u00e9gers, con\u00e7u dans un souci de commodit\u00e9 pour l&rsquo;utilisateur. Le clip de port est garanti \u00e0 vie.<\/p>\n<ul>\n<li>\u00c9cran avec menus \u00e0 code couleur tr\u00e8s visible<\/li>\n<li>Capteur de mouvement pour assurer la conformit\u00e9 et le fonctionnement<\/li>\n<li>Bo\u00eetier ergonomique pesant seulement 220 grammes<\/li>\n<li>Embout d&rsquo;entr\u00e9e encastr\u00e9 pour \u00e9viter les dommages<\/li>\n<li>Grandes touches avec clavier verrouillable<\/li>\n<\/ul>\n<table class=\"customTable\" style=\"width: 440px\" border=\"2\">\n<thead>\n<tr style=\"height: 23px\">\n<th style=\"width: 288px;height: 23px\">\u00a0<\/th>\n<th style=\"width: 95px;height: 23px\"><span style=\"color: #000080\">Standard<\/span><\/th>\n<th style=\"width: 112px;text-align: center;height: 23px\"><span style=\"color: #000080\">Pro<\/span><\/th>\n<\/tr>\n<\/thead>\n<tbody>\n<tr style=\"height: 23px\">\n<td style=\"width: 288px;height: 23px\">S\u00e9curit\u00e9 Intrins\u00e8que<\/td>\n<td style=\"width: 95px;text-align: center;height: 23px\"><strong><span style=\"color: #339966\">\u2713<\/span><\/strong><\/td>\n<td style=\"width: 112px;text-align: center;height: 23px\"><strong><span style=\"color: #339966\">\u2713<\/span><\/strong><\/td>\n<\/tr>\n<tr style=\"height: 16px\">\n<td style=\"width: 288px;height: 16px\">D\u00e9tecteur de Mouvement\u00a0<\/td>\n<td style=\"width: 95px;text-align: center;height: 16px\"><strong><span style=\"color: #339966\">\u2713<\/span><\/strong><\/td>\n<td style=\"width: 112px;text-align: center;height: 16px\"><span style=\"color: #339966\"><strong>\u2713<\/strong><\/span><\/td>\n<\/tr>\n<tr style=\"height: 23px\">\n<td style=\"width: 288px;height: 23px\">Mode Pression Constante<\/td>\n<td style=\"width: 95px;text-align: center;height: 23px\">\u00a0<\/td>\n<td style=\"width: 112px;text-align: center;height: 23px\"><strong><span style=\"color: #339966\">\u2713<\/span><\/strong><\/td>\n<\/tr>\n<tr style=\"height: 23px\">\n<td style=\"width: 288px;height: 23px\">Bluetooth<\/td>\n<td style=\"width: 95px;text-align: center;height: 23px\">\u00a0<\/td>\n<td style=\"width: 112px;text-align: center;height: 23px\"><span style=\"color: #339966\"><strong>\u2713<\/strong><\/span><\/td>\n<\/tr>\n<tr style=\"height: 23px\">\n<td style=\"width: 288px;height: 23px\">T\u00e9l\u00e9chargement PC<\/td>\n<td style=\"width: 95px;text-align: center;height: 23px\">\u00a0<\/td>\n<td style=\"width: 112px;text-align: center;height: 23px\"><span style=\"color: #339966\"><strong>\u2713<\/strong><\/span><\/td>\n<\/tr>\n<tr style=\"height: 23px\">\n<td style=\"width: 288px;height: 23px\">Minuterie de Dur\u00e9e d&rsquo;Ex\u00e9cution<\/td>\n<td style=\"width: 95px;text-align: center;height: 23px\">\u00a0<\/td>\n<td style=\"width: 112px;text-align: center;height: 23px\"><span style=\"color: #339966\"><strong>\u2713<\/strong><\/span><\/td>\n<\/tr>\n<tr style=\"height: 46px\">\n<td style=\"width: 288px;height: 46px\">Minuteries Enti\u00e8rement Programmables<\/td>\n<td style=\"width: 95px;text-align: center;height: 46px\">\u00a0<\/td>\n<td style=\"width: 112px;text-align: center;height: 46px\"><span style=\"color: #339966\"><strong>\u2713<\/strong><\/span><\/td>\n<\/tr>\n<tr style=\"height: 46px\">\n<td style=\"width: 288px;height: 46px\">Enregistrement du D\u00e9bit et du Mouvement<\/td>\n<td style=\"width: 95px;text-align: center;height: 46px\">\u00a0<\/td>\n<td style=\"width: 112px;text-align: center;height: 46px\"><span style=\"color: #339966\"><strong>\u2713<\/strong><\/span><\/td>\n<\/tr>\n<\/tbody>\n<\/table>\n<p>[\/et_pb_tab][et_pb_tab title=\u00a0\u00bbVid\u00e9o produit\u00a0\u00bb _builder_version=\u00a0\u00bb4.18.0&Prime; global_colors_info=\u00a0\u00bb{}\u00a0\u00bb]<\/p>\n<p>[\/et_pb_tab][\/et_pb_tabs][\/et_pb_column][\/et_pb_row][\/et_pb_section]<\/p>\n","protected":false},"excerpt":{"rendered":"<p>La gamme VAPex a \u00e9t\u00e9 sp\u00e9cialement con\u00e7ue pour l&rsquo;\u00e9chantillonnage \u00e0 faible d\u00e9bit des vapeurs et des gaz dans les environnements de travail. Sa conception \u00e0 s\u00e9curit\u00e9 intrins\u00e8que et son fonctionnement \u00e0 distance via l&rsquo;application Airwave en font l&rsquo;outil id\u00e9al pour les besoins d&rsquo;\u00e9chantillonnage modernes.<\/p>\n<p>Avec une large plage de d\u00e9bit de 20mL \u00e0 500mL, la pompe d&rsquo;\u00e9chantillonnage personnelle VAPex poss\u00e8de une capacit\u00e9 de contre-pression exceptionnelle.<\/p>\n<p><a href=\"https:\/\/hse.isi-be.eu\/wp-content\/uploads\/2020\/03\/VAPex-Datasheet_isi.pdf\" target=\"_blank\" rel=\"noopener\"><img loading=\"lazy\" decoding=\"async\" class=\"alignnone wp-image-234108\" src=\"https:\/\/hse.isi-be.eu\/wp-content\/uploads\/2020\/04\/Icon-Datasheet.png\" alt=\"\" width=\"33\" height=\"33\" srcset=\"https:\/\/hse.isi-be.eu\/wp-content\/uploads\/2020\/04\/Icon-Datasheet.png 150w, https:\/\/hse.isi-be.eu\/wp-content\/uploads\/2020\/04\/Icon-Datasheet-100x100.png 100w\" sizes=\"(max-width: 33px) 100vw, 33px\" \/>Product Datasheet<\/a><\/p>\n","protected":false},"featured_media":234509,"template":"","meta":{"_et_pb_use_builder":"on","_et_pb_old_content":"","_et_gb_content_width":"","inline_featured_image":false},"pwb-brand":[1049],"product_cat":[1078,1076],"product_tag":[],"class_list":{"0":"post-234502","1":"product","2":"type-product","3":"status-publish","4":"has-post-thumbnail","6":"pwb-brand-casella-solutions","7":"product_cat-pompes-dechantillonnage","8":"product_cat-qualite-de-lair","9":"pa_air-quality-1-atex-fr","10":"pa_air-quality-1-bluetooth-fr","11":"pa_air-quality-1-porte-sur-le-corps-qa","13":"first","14":"instock","15":"shipping-taxable","16":"purchasable","17":"product-type-simple"},"brands":[{"id":1049,"name":"Casella Solutions","slug":"casella-solutions"}],"_links":{"self":[{"href":"https:\/\/hse.isi-be.eu\/fr\/wp-json\/wp\/v2\/product\/234502"}],"collection":[{"href":"https:\/\/hse.isi-be.eu\/fr\/wp-json\/wp\/v2\/product"}],"about":[{"href":"https:\/\/hse.isi-be.eu\/fr\/wp-json\/wp\/v2\/types\/product"}],"wp:featuredmedia":[{"embeddable":true,"href":"https:\/\/hse.isi-be.eu\/fr\/wp-json\/wp\/v2\/media\/234509"}],"wp:attachment":[{"href":"https:\/\/hse.isi-be.eu\/fr\/wp-json\/wp\/v2\/media?parent=234502"}],"wp:term":[{"taxonomy":"pwb-brand","embeddable":true,"href":"https:\/\/hse.isi-be.eu\/fr\/wp-json\/wp\/v2\/pwb-brand?post=234502"},{"taxonomy":"product_cat","embeddable":true,"href":"https:\/\/hse.isi-be.eu\/fr\/wp-json\/wp\/v2\/product_cat?post=234502"},{"taxonomy":"product_tag","embeddable":true,"href":"https:\/\/hse.isi-be.eu\/fr\/wp-json\/wp\/v2\/product_tag?post=234502"}],"curies":[{"name":"wp","href":"https:\/\/api.w.org\/{rel}","templated":true}]}}