{"id":236545,"date":"2025-06-26T11:42:34","date_gmt":"2025-06-26T10:42:36","guid":{"rendered":"https:\/\/hse.isi-be.eu\/?post_type=product&#038;p=236545"},"modified":"2025-06-26T13:58:37","modified_gmt":"2025-06-26T12:58:37","slug":"sphensor-iaq","status":"publish","type":"product","link":"https:\/\/hse.isi-be.eu\/fr\/qualite-de-lair\/surveillance-des-poussieres\/sphensor-iaq\/","title":{"rendered":"Sphensor : Qualit\u00e9 de l&rsquo;air int\u00e9rieur en temps r\u00e9el"},"content":{"rendered":"<p>[et_pb_section fb_built=\u00a0\u00bb1&Prime; _builder_version=\u00a0\u00bb4.16&Prime; custom_padding=\u00a0\u00bb0px||||false|false\u00a0\u00bb global_colors_info=\u00a0\u00bb{}\u00a0\u00bb][et_pb_row _builder_version=\u00a0\u00bb4.16&Prime; background_size=\u00a0\u00bbinitial\u00a0\u00bb background_position=\u00a0\u00bbtop_left\u00a0\u00bb background_repeat=\u00a0\u00bbrepeat\u00a0\u00bb width=\u00a0\u00bb100%\u00a0\u00bb custom_padding=\u00a0\u00bb0px||0px||false|false\u00a0\u00bb global_colors_info=\u00a0\u00bb{}\u00a0\u00bb][et_pb_column type=\u00a0\u00bb4_4&Prime; _builder_version=\u00a0\u00bb4.16&Prime; custom_padding=\u00a0\u00bb|||\u00a0\u00bb global_colors_info=\u00a0\u00bb{}\u00a0\u00bb custom_padding__hover=\u00a0\u00bb|||\u00a0\u00bb][et_pb_wc_breadcrumb _builder_version=\u00a0\u00bb4.16&Prime; global_colors_info=\u00a0\u00bb{}\u00a0\u00bb][\/et_pb_wc_breadcrumb][\/et_pb_column][\/et_pb_row][et_pb_row column_structure=\u00a0\u00bb1_2,1_2&Prime; _builder_version=\u00a0\u00bb4.16&Prime; background_size=\u00a0\u00bbinitial\u00a0\u00bb background_position=\u00a0\u00bbtop_left\u00a0\u00bb background_repeat=\u00a0\u00bbrepeat\u00a0\u00bb width=\u00a0\u00bb100%\u00a0\u00bb custom_padding=\u00a0\u00bb0px||||false|false\u00a0\u00bb global_colors_info=\u00a0\u00bb{}\u00a0\u00bb][et_pb_column type=\u00a0\u00bb1_2&Prime; _builder_version=\u00a0\u00bb4.16&Prime; custom_padding=\u00a0\u00bb|||\u00a0\u00bb global_colors_info=\u00a0\u00bb{}\u00a0\u00bb custom_padding__hover=\u00a0\u00bb|||\u00a0\u00bb][et_pb_wc_images _builder_version=\u00a0\u00bb4.24.2&Prime; _module_preset=\u00a0\u00bbdefault\u00a0\u00bb global_colors_info=\u00a0\u00bb{}\u00a0\u00bb][\/et_pb_wc_images][\/et_pb_column][et_pb_column type=\u00a0\u00bb1_2&Prime; _builder_version=\u00a0\u00bb4.16&Prime; custom_padding=\u00a0\u00bb|||\u00a0\u00bb global_colors_info=\u00a0\u00bb{}\u00a0\u00bb custom_padding__hover=\u00a0\u00bb|||\u00a0\u00bb][et_pb_wc_title _builder_version=\u00a0\u00bb4.16&Prime; global_colors_info=\u00a0\u00bb{}\u00a0\u00bb][\/et_pb_wc_title][et_pb_wc_description _builder_version=\u00a0\u00bb4.16&Prime; global_colors_info=\u00a0\u00bb{}\u00a0\u00bb][\/et_pb_wc_description][et_pb_button button_text=\u00a0\u00bbAcheter ou louer\u00a0\u00bb _builder_version=\u00a0\u00bb4.27.0&Prime; _module_preset=\u00a0\u00bbdefault\u00a0\u00bb global_colors_info=\u00a0\u00bb{}\u00a0\u00bb][\/et_pb_button][et_pb_wc_meta show_sku=\u00a0\u00bboff\u00a0\u00bb show_tags=\u00a0\u00bboff\u00a0\u00bb _builder_version=\u00a0\u00bb4.16&Prime; global_colors_info=\u00a0\u00bb{}\u00a0\u00bb][\/et_pb_wc_meta][\/et_pb_column][\/et_pb_row][\/et_pb_section][et_pb_section fb_built=\u00a0\u00bb1&Prime; _builder_version=\u00a0\u00bb4.27.0&Prime; _module_preset=\u00a0\u00bbdefault\u00a0\u00bb global_colors_info=\u00a0\u00bb{}\u00a0\u00bb][et_pb_row _builder_version=\u00a0\u00bb4.27.0&Prime; _module_preset=\u00a0\u00bbdefault\u00a0\u00bb global_colors_info=\u00a0\u00bb{}\u00a0\u00bb][et_pb_column type=\u00a0\u00bb4_4&Prime; _builder_version=\u00a0\u00bb4.27.0&Prime; _module_preset=\u00a0\u00bbdefault\u00a0\u00bb global_colors_info=\u00a0\u00bb{}\u00a0\u00bb][et_pb_text _builder_version=\u00a0\u00bb4.27.0&Prime; _module_preset=\u00a0\u00bbdefault\u00a0\u00bb global_colors_info=\u00a0\u00bb{}\u00a0\u00bb]<\/p>\n<p>Sphensor, c&rsquo;est\u2026 Une pr\u00e9cision maximale et une conception innovante<\/p>\n<p>Sphensor&nbsp;: une nouvelle famille de capteurs radio multiparam\u00e8tres (2,4&nbsp;GHz), con\u00e7ue pour la surveillance en temps r\u00e9el et \u00e0 long terme de tous les principaux param\u00e8tres de la qualit\u00e9 de l&rsquo;air int\u00e9rieur.<\/p>\n<p>Gr\u00e2ce \u00e0 SphensorTM, il est possible de mesurer simultan\u00e9ment des param\u00e8tres thermo-hygrom\u00e9triques tels que la temp\u00e9rature et l&rsquo;humidit\u00e9 relative, des param\u00e8tres environnementaux tels que la pression atmosph\u00e9rique, l&rsquo;\u00e9clairage pour cinq orientations diff\u00e9rentes, le rayonnement UV-A et la qualit\u00e9 de l&rsquo;air en termes de concentration en COV, CO2 et PM (1, 2,5, 4, 10).<\/p>\n<p>[\/et_pb_text][\/et_pb_column][\/et_pb_row][\/et_pb_section]<\/p>\n","protected":false},"excerpt":{"rendered":"<p>Sphensor, c&rsquo;est\u2026 Une pr\u00e9cision maximale et une conception innovante<\/p>\n<p>Sphensor\u00a0: une nouvelle famille de capteurs radio multiparam\u00e8tres (2,4\u00a0GHz), con\u00e7ue pour la surveillance en temps r\u00e9el et \u00e0 long terme de tous les principaux param\u00e8tres de la qualit\u00e9 de l&rsquo;air int\u00e9rieur.<\/p>\n<p>Gr\u00e2ce \u00e0 SphensorTM, il est possible de mesurer simultan\u00e9ment des param\u00e8tres thermo-hygrom\u00e9triques tels que la temp\u00e9rature et l&rsquo;humidit\u00e9 relative, des param\u00e8tres environnementaux tels que la pression atmosph\u00e9rique, l&rsquo;\u00e9clairage pour cinq orientations diff\u00e9rentes, le rayonnement UV-A et la qualit\u00e9 de l&rsquo;air en termes de concentration en COV, CO2 et PM (1, 2,5, 4, 10).<\/p>\n<p><a href=\"https:\/\/hse.isi-be.eu\/wp-content\/uploads\/2025\/06\/BLT_07199_en_isi_2025.pdf\">Fiche technique du produit<\/a><a href=\"https:\/\/hse.isi-be.eu\/wp-content\/uploads\/2025\/06\/BLT_07199_en_isi_2025.pdf\" target=\"_blank\" rel=\"noopener\"> <img loading=\"lazy\" decoding=\"async\" class=\"alignnone wp-image-234108\" src=\"https:\/\/hse.isi-be.eu\/wp-content\/uploads\/2020\/04\/Icon-Datasheet.png\" alt=\"\" width=\"33\" height=\"33\" srcset=\"https:\/\/hse.isi-be.eu\/wp-content\/uploads\/2020\/04\/Icon-Datasheet.png 150w, https:\/\/hse.isi-be.eu\/wp-content\/uploads\/2020\/04\/Icon-Datasheet-100x100.png 100w\" sizes=\"(max-width: 33px) 100vw, 33px\" \/><\/a><\/p>\n","protected":false},"featured_media":236552,"template":"","meta":{"_et_pb_use_builder":"on","_et_pb_old_content":"<div class=\"wp-block-columns is-layout-flex wp-container-core-columns-is-layout-9d6595d7 wp-block-columns-is-layout-flex\">\r\n<div class=\"wp-block-column is-layout-flow wp-block-column-is-layout-flow\">\r\n<h2 class=\"wp-block-heading has-text-color has-link-color has-large-font-size\"><strong>Sphensor is\u2026 Maximum accuracy and innovative design<\/strong><\/h2>\r\n<\/div>\r\n<\/div>\r\n<div class=\"wp-block-spacer\" aria-hidden=\"true\"><\/div>\r\nThe\u00a0<strong>high-performance<\/strong>\u00a0<strong>measurement accuracy<\/strong>, combined with a sophisticated and elegant\u00a0<em>design<\/em>, make it the ideal solution for public, service and residential buildings, hospitals, schools and universities, shopping centers, close control laboratories and productions, as well as for museums, restoration and archaeological sites.\r\n\r\nThe Sphensor<sup>TM<\/sup>\u00a0sensors, using the\u00a0<strong>Thread\u00a0<\/strong>protocol, are able to send the information acquired to the Sphensor Gateway through a robust\u00a0<em>mesh\u00a0<\/em>radio network. The Sphensor Gateway, in addition to acting as a\u00a0<em>buffer\u00a0<\/em>memory, proceeds with an initial processing of data, which can be transmitted to the Client\u2019s server, the System Integrator\u2019s server or to the LSI LASTEM\u00a0<em>cloud software<\/em>, which is under development.\r\n<div class=\"wp-block-columns is-layout-flex wp-container-core-columns-is-layout-9d6595d7 wp-block-columns-is-layout-flex\">\r\n<div class=\"wp-block-column is-layout-flow wp-block-column-is-layout-flow\">\r\n<div class=\"wp-block-group is-vertical is-layout-flex wp-container-core-group-is-layout-8cf370e7 wp-block-group-is-layout-flex\">\r\n<h2 class=\"wp-block-heading has-text-color has-link-color has-large-font-size wp-elements-59708bbb75720b0b72a44690c6acc0ff\"><strong>Highlights<\/strong><\/h2>\r\n\r\n<hr class=\"wp-block-separator has-text-color has-alpha-channel-opacity has-background\" \/>\r\n\r\n<\/div>\r\n<\/div>\r\n<\/div>\r\n<div class=\"wp-block-spacer\" aria-hidden=\"true\"><\/div>\r\n<div class=\"wp-block-columns is-layout-flex wp-container-core-columns-is-layout-9d6595d7 wp-block-columns-is-layout-flex\">\r\n<div class=\"wp-block-column is-layout-flow wp-block-column-is-layout-flow\">\r\n<ul class=\"wp-block-list\">\r\n \t<li>Accuracy to the highest market standards, combined with a\u00a0<strong>high-tech<\/strong>\u00a0design;<\/li>\r\n \t<li>Various measures integrated within a single device with compact dimensions;<\/li>\r\n \t<li>Measured data displayed directly on cloud software;<\/li>\r\n \t<li>Open architecture for easy integration with third party systems, guaranteed by total compatibility in data transmission through standard market formats and protocols (MQTT, JSON)<\/li>\r\n \t<li>Installation flexibility guaranteed by radio transmission;<\/li>\r\n \t<li>Extension of the radio range through the use of signal repeaters;<\/li>\r\n \t<li>High\u00a0<strong>autonomy\u00a0<\/strong>of battery operation. Additional power supply via standard\u00a0<strong>micro-USB<\/strong>\u00a0socket and integrated back-up battery;<\/li>\r\n \t<li>High reliability in a solution that provides two levels of data recording: Shpensor Gateway and server with \u201cstore and forward\u201d function;<\/li>\r\n<\/ul>\r\n<\/div>\r\n<div class=\"wp-block-column is-layout-flow wp-block-column-is-layout-flow\">\r\n<ul class=\"wp-block-list\">\r\n \t<li>The possibility to connect via Ethernet LAN and via 3G\/4G Modem or\u00a0<strong>Wi-Fi\u00a0<\/strong>with independent local Sphensor Gateway configuration for setting alarms based on the measured values thanks to activation of the 4 independent outputs;<\/li>\r\n \t<li>Maximum application efficiency: the Sphensor Gateway can communicate directly with third party BMS systems for the regulation of buildings\u2019 environmental conditions such as heating, controlled mechanical ventilation, lighting, fire-safety and intrusion detection;<\/li>\r\n \t<li>A scalable solution by installing additional sensors and border routers;<\/li>\r\n \t<li>Function programming via PC software;<\/li>\r\n \t<li>Availability of additional inputs for connection to external sensors;<\/li>\r\n \t<li>Automatic calculation of derived quantities;<\/li>\r\n \t<li>Local diagnostics via multi-color LED crown;<\/li>\r\n \t<li>Models : PRMPB0401, PRMPB0404, PRMPB0402, PRMPB0403, PRMPA0423.<\/li>\r\n<\/ul>\r\n<\/div>\r\n<\/div>\r\n<iframe title=\"Sphensor - ITA\" src=\"https:\/\/www.youtube.com\/embed\/j0fLGWe1EXE\" width=\"648\" height=\"365\" frameborder=\"0\" allowfullscreen=\"allowfullscreen\"><\/iframe>","_et_gb_content_width":"","inline_featured_image":false},"pwb-brand":[1039],"product_cat":[1076,1081],"product_tag":[],"class_list":{"0":"post-236545","1":"product","2":"type-product","3":"status-publish","4":"has-post-thumbnail","6":"pwb-brand-lsi-lastem-fr","7":"product_cat-qualite-de-lair","8":"product_cat-surveillance-des-poussieres","9":"pa_air-quality-1-total-particules-suspendues","11":"first","12":"instock","13":"shipping-taxable","14":"purchasable","15":"product-type-simple"},"brands":[{"id":1039,"name":"LSI Lastem","slug":"lsi-lastem-fr"}],"_links":{"self":[{"href":"https:\/\/hse.isi-be.eu\/fr\/wp-json\/wp\/v2\/product\/236545"}],"collection":[{"href":"https:\/\/hse.isi-be.eu\/fr\/wp-json\/wp\/v2\/product"}],"about":[{"href":"https:\/\/hse.isi-be.eu\/fr\/wp-json\/wp\/v2\/types\/product"}],"wp:featuredmedia":[{"embeddable":true,"href":"https:\/\/hse.isi-be.eu\/fr\/wp-json\/wp\/v2\/media\/236552"}],"wp:attachment":[{"href":"https:\/\/hse.isi-be.eu\/fr\/wp-json\/wp\/v2\/media?parent=236545"}],"wp:term":[{"taxonomy":"pwb-brand","embeddable":true,"href":"https:\/\/hse.isi-be.eu\/fr\/wp-json\/wp\/v2\/pwb-brand?post=236545"},{"taxonomy":"product_cat","embeddable":true,"href":"https:\/\/hse.isi-be.eu\/fr\/wp-json\/wp\/v2\/product_cat?post=236545"},{"taxonomy":"product_tag","embeddable":true,"href":"https:\/\/hse.isi-be.eu\/fr\/wp-json\/wp\/v2\/product_tag?post=236545"}],"curies":[{"name":"wp","href":"https:\/\/api.w.org\/{rel}","templated":true}]}}