{"id":236587,"date":"2020-04-29T17:56:28","date_gmt":"2020-04-29T16:56:28","guid":{"rendered":"https:\/\/hse.isi-be.eu\/non%20class\u00e9\/guardian2-site-boundary-monitor\/"},"modified":"2025-09-25T11:45:08","modified_gmt":"2025-09-25T10:45:08","slug":"guardian2-site-boundary-monitor","status":"publish","type":"product","link":"https:\/\/hse.isi-be.eu\/fr\/bruit\/sonometres\/guardian2-site-boundary-monitor\/","title":{"rendered":"Guardian2 &#8211; Site Boundary Monitor"},"content":{"rendered":"<p>[et_pb_section fb_built=\u00a0\u00bb1&Prime; _builder_version=\u00a0\u00bb4.16&Prime; background_color=\u00a0\u00bb#ffffff\u00a0\u00bb background_enable_image=\u00a0\u00bboff\u00a0\u00bb custom_padding=\u00a0\u00bb0px||0px||false|false\u00a0\u00bb global_colors_info=\u00a0\u00bb{}\u00a0\u00bb][et_pb_row _builder_version=\u00a0\u00bb4.16&Prime; background_size=\u00a0\u00bbinitial\u00a0\u00bb background_position=\u00a0\u00bbtop_left\u00a0\u00bb background_repeat=\u00a0\u00bbrepeat\u00a0\u00bb width=\u00a0\u00bb100%\u00a0\u00bb custom_padding=\u00a0\u00bb0px||0px||false|false\u00a0\u00bb global_colors_info=\u00a0\u00bb{}\u00a0\u00bb][et_pb_column type=\u00a0\u00bb4_4&Prime; _builder_version=\u00a0\u00bb4.16&Prime; custom_padding=\u00a0\u00bb|||\u00a0\u00bb global_colors_info=\u00a0\u00bb{}\u00a0\u00bb custom_padding__hover=\u00a0\u00bb|||\u00a0\u00bb][et_pb_wc_breadcrumb _builder_version=\u00a0\u00bb4.16&Prime; global_colors_info=\u00a0\u00bb{}\u00a0\u00bb][\/et_pb_wc_breadcrumb][et_pb_wc_cart_notice _builder_version=\u00a0\u00bb4.16&Prime; global_colors_info=\u00a0\u00bb{}\u00a0\u00bb][\/et_pb_wc_cart_notice][\/et_pb_column][\/et_pb_row][et_pb_row column_structure=\u00a0\u00bb1_2,1_2&Prime; _builder_version=\u00a0\u00bb4.16&Prime; background_size=\u00a0\u00bbinitial\u00a0\u00bb background_position=\u00a0\u00bbtop_left\u00a0\u00bb background_repeat=\u00a0\u00bbrepeat\u00a0\u00bb width=\u00a0\u00bb100%\u00a0\u00bb custom_padding=\u00a0\u00bb0px||||false|false\u00a0\u00bb global_colors_info=\u00a0\u00bb{}\u00a0\u00bb][et_pb_column type=\u00a0\u00bb1_2&Prime; _builder_version=\u00a0\u00bb4.16&Prime; custom_padding=\u00a0\u00bb|||\u00a0\u00bb global_colors_info=\u00a0\u00bb{}\u00a0\u00bb custom_padding__hover=\u00a0\u00bb|||\u00a0\u00bb][et_pb_wc_gallery _builder_version=\u00a0\u00bb4.16&Prime; global_colors_info=\u00a0\u00bb{}\u00a0\u00bb][\/et_pb_wc_gallery][\/et_pb_column][et_pb_column type=\u00a0\u00bb1_2&Prime; _builder_version=\u00a0\u00bb4.16&Prime; custom_padding=\u00a0\u00bb|||\u00a0\u00bb global_colors_info=\u00a0\u00bb{}\u00a0\u00bb custom_padding__hover=\u00a0\u00bb|||\u00a0\u00bb][et_pb_wc_title _builder_version=\u00a0\u00bb4.16&Prime; global_colors_info=\u00a0\u00bb{}\u00a0\u00bb][\/et_pb_wc_title][et_pb_wc_rating _builder_version=\u00a0\u00bb4.16&Prime; global_colors_info=\u00a0\u00bb{}\u00a0\u00bb][\/et_pb_wc_rating][et_pb_wc_price _builder_version=\u00a0\u00bb4.16&Prime; global_colors_info=\u00a0\u00bb{}\u00a0\u00bb][\/et_pb_wc_price][et_pb_wc_description _builder_version=\u00a0\u00bb4.16&Prime; header_2_text_color=\u00a0\u00bb#0F4C81&Prime; header_2_line_height=\u00a0\u00bb1.9em\u00a0\u00bb custom_margin=\u00a0\u00bb14px||||false|false\u00a0\u00bb custom_padding=\u00a0\u00bb0px||||false|false\u00a0\u00bb global_colors_info=\u00a0\u00bb{}\u00a0\u00bb][\/et_pb_wc_description][et_pb_wc_add_to_cart show_quantity=\u00a0\u00bboff\u00a0\u00bb _builder_version=\u00a0\u00bb4.16&Prime; global_colors_info=\u00a0\u00bb{}\u00a0\u00bb][\/et_pb_wc_add_to_cart][et_pb_wc_meta show_sku=\u00a0\u00bboff\u00a0\u00bb show_tags=\u00a0\u00bboff\u00a0\u00bb _builder_version=\u00a0\u00bb4.16&Prime; global_colors_info=\u00a0\u00bb{}\u00a0\u00bb][\/et_pb_wc_meta][\/et_pb_column][\/et_pb_row][et_pb_row _builder_version=\u00a0\u00bb4.16&Prime; background_size=\u00a0\u00bbinitial\u00a0\u00bb background_position=\u00a0\u00bbtop_left\u00a0\u00bb background_repeat=\u00a0\u00bbrepeat\u00a0\u00bb width=\u00a0\u00bb100%\u00a0\u00bb saved_tabs=\u00a0\u00bball\u00a0\u00bb global_colors_info=\u00a0\u00bb{}\u00a0\u00bb][et_pb_column type=\u00a0\u00bb4_4&Prime; _builder_version=\u00a0\u00bb4.16&Prime; custom_padding=\u00a0\u00bb|||\u00a0\u00bb global_colors_info=\u00a0\u00bb{}\u00a0\u00bb custom_padding__hover=\u00a0\u00bb|||\u00a0\u00bb][et_pb_tabs active_tab_background_color=\u00a0\u00bb#f25a00&Prime; inactive_tab_background_color=\u00a0\u00bb#0F4C81&Prime; active_tab_text_color=\u00a0\u00bb#ffffff\u00a0\u00bb admin_label=\u00a0\u00bbTabs\u00a0\u00bb _builder_version=\u00a0\u00bb4.27.0&Prime; tab_text_color=\u00a0\u00bb#ffffff\u00a0\u00bb tab_font=\u00a0\u00bb|700|||||||\u00a0\u00bb global_colors_info=\u00a0\u00bb{}\u00a0\u00bb][et_pb_tab title=\u00a0\u00bbDescription\u00a0\u00bb _builder_version=\u00a0\u00bb4.16&Prime; global_colors_info=\u00a0\u00bb{}\u00a0\u00bb]<\/p>\n<p>Le Guardian2 est con\u00e7u pour vous aider \u00e0 rester en conformit\u00e9 avec les niveaux d&rsquo;\u00e9mission du site, en utilisant la surveillance \u00e0 distance et la notification des niveaux de bruit, de poussi\u00e8re et de vibration. Aliment\u00e9 par le secteur, le soleil ou une batterie, le Guardian2 est id\u00e9al pour tout lieu de surveillance du bruit de la construction ou de mesure de la poussi\u00e8re ambiante, aussi \u00e9loign\u00e9 soit-il. Pour plus de d\u00e9tails sur les options d&rsquo;\u00e9nergie solaire ou \u00e0 piles, voir la section sur l&rsquo;\u00e9nergie solaire et \u00e0 piles ci-dessous. Il suffit de le brancher \u00e0 la source d&rsquo;alimentation et il commencera \u00e0 surveiller les \u00e9missions en continu, c&rsquo;est aussi simple que cela ! Le Guardian2 comprend le logger \u00ab\u00a0mHub\u00a0\u00bb de Casella avec une carte sim int\u00e9gr\u00e9e \u00ab\u00a0E-sim\u00a0\u00bb. Le E-sim a un faible co\u00fbt de donn\u00e9es et recherche sur plusieurs r\u00e9seaux pour assurer la plus grande puissance de signal possible, ce qui contribue \u00e0 garantir une bonne connectivit\u00e9 des donn\u00e9es. Les donn\u00e9es sont disponibles en temps r\u00e9el sur notre site web s\u00e9curis\u00e9 http:\/\/www.casella247.com\/ en utilisant un login priv\u00e9. Un rapport peut \u00eatre facilement produit pour la conformit\u00e9 des sites en mati\u00e8re de poussi\u00e8re ou de bruit et, en outre, le syst\u00e8me fournit des alertes par SMS ou par courrier \u00e9lectronique en cas de d\u00e9passement des limites. Les rapports peuvent \u00eatre facilement automatis\u00e9s et envoy\u00e9s \u00e0 plusieurs utilisateurs. Par exemple, un utilisateur peut recevoir un rapport sur le contr\u00f4le des niveaux de poussi\u00e8re par le PM10, tandis qu&rsquo;un autre utilisateur peut recevoir un rapport sur les niveaux de bruit. L&rsquo;innovant Guardian2 est \u00e9quip\u00e9 en option d&rsquo;un d\u00e9tecteur \u00e0 photoionisation (PID) pour mesurer les COV jusqu&rsquo;\u00e0 6 000 ppm (parties par million), \u00e9valuant ainsi les \u00e9missions et la qualit\u00e9 de l&rsquo;air d&rsquo;un site.<\/p>\n<ul>\n<li>Poussi\u00e8res en temps r\u00e9el (PM10, PM2,5 et PM1,0 simultan\u00e9ment)<\/li>\n<li>Aliment\u00e9 par le secteur (100-250VAC), par l&rsquo;\u00e9nergie solaire ou par une batterie<\/li>\n<li>Mesures de bruit conformes \u00e0 la norme IEC61672-1 de classe 1 pour des r\u00e9sultats pr\u00e9cis mesurant plusieurs param\u00e8tres (par exemple LAeq, LAFmax, LN%)<\/li>\n<li>Une entr\u00e9e chauff\u00e9e pour r\u00e9duire les effets de l&rsquo;humidit\u00e9<\/li>\n<li>Vitesse et direction du vent sans entretien pour corr\u00e9ler la transmission de la poussi\u00e8re<\/li>\n<li>Capteur triaxial de vibrations du sol pour mesurer le PPV (mm\/s)<\/li>\n<li>Alertes par courrier \u00e9lectronique et SMS aux destinataires d\u00e9sign\u00e9s en cas de d\u00e9passement des niveaux de poussi\u00e8re, de bruit ou de vibrations<\/li>\n<li>Rapports manuels ou automatiques<\/li>\n<li>Ajoutez des capacit\u00e9s de surveillance des COV \u00e0 ce Guardian2 en utilisant le SKU 208170D\/VOC<\/li>\n<\/ul>\n<p>[\/et_pb_tab][et_pb_tab title=\u00a0\u00bbFiche Technique (PDF)\u00a0\u00bb _builder_version=\u00a0\u00bb4.16&Prime; global_colors_info=\u00a0\u00bb{}\u00a0\u00bb]<\/p>\n<p>T\u00e9l\u00e9charger la fiche technique : <a href=\"https:\/\/hse.isi-be.eu\/wp-content\/uploads\/2020\/06\/Guardian2-Datasheet_ISI.pdf\" target=\"_blank\" rel=\"noopener noreferrer\">Guardian2<\/a><\/p>\n<p>[\/et_pb_tab][et_pb_tab title=\u00a0\u00bbVid\u00e9o du produit\u00a0\u00bb _builder_version=\u00a0\u00bb4.27.0&Prime; global_colors_info=\u00a0\u00bb{}\u00a0\u00bb]<\/p>\n<p><iframe loading=\"lazy\" title=\"Casella Guardian2 Site Boundary Monitor\" width=\"1080\" height=\"608\" src=\"https:\/\/www.youtube.com\/embed\/qTxqgATaOPY?feature=oembed\"  allow=\"accelerometer; autoplay; clipboard-write; encrypted-media; gyroscope; picture-in-picture; web-share\" referrerpolicy=\"strict-origin-when-cross-origin\" allowfullscreen><\/iframe><\/p>\n<p>[\/et_pb_tab][et_pb_tab title=\u00a0\u00bbLouez maintenant le Guardian\u00a0\u00bb _builder_version=\u00a0\u00bb4.16&Prime; global_colors_info=\u00a0\u00bb{}\u00a0\u00bb]<\/p>\n<p>\u00cates-vous int\u00e9ress\u00e9 par la location de ce produit ? Veuillez remplir le formulaire ci-dessous pour louer un produit : <\/p>\n<p>[\/et_pb_tab][\/et_pb_tabs][\/et_pb_column][\/et_pb_row][\/et_pb_section]<\/p>\n","protected":false},"excerpt":{"rendered":"<p>Le moniteur de p\u00e9rim\u00e8tre de chantier Guardian2 est con\u00e7u pour vous aider \u00e0 respecter les niveaux d&rsquo;\u00e9mission de votre site gr\u00e2ce \u00e0 la surveillance et \u00e0 la g\u00e9n\u00e9ration de rapports \u00e0 distance sur les niveaux de bruit, de poussi\u00e8re et de vibrations.<\/p>\n<p>Aliment\u00e9 par secteur, solaire ou batterie, le Guardian2 est id\u00e9al pour la surveillance du bruit de chantier ou la mesure de la poussi\u00e8re environnementale, quelle que soit la distance. Pour plus d&rsquo;informations sur les options d&rsquo;alimentation solaire ou batterie, consultez la section \u00ab\u00a0\u00c9nergie solaire et batterie\u00a0\u00bb ci-dessous. Branchez-le simplement sur une source d&rsquo;alimentation et la surveillance continue des \u00e9missions commencera\u00a0! C&rsquo;est aussi simple que \u00e7a\u00a0!<\/p>\n","protected":false},"featured_media":236589,"template":"","meta":{"_et_pb_use_builder":"on","_et_pb_old_content":"","_et_gb_content_width":"","inline_featured_image":false},"pwb-brand":[1049],"product_cat":[1092,1076,1096,1081,1102],"product_tag":[],"class_list":{"0":"post-236587","1":"product","2":"type-product","3":"status-publish","4":"has-post-thumbnail","6":"pwb-brand-casella-solutions","7":"product_cat-bruit","8":"product_cat-qualite-de-lair","9":"product_cat-sonometres","10":"product_cat-surveillance-des-poussieres","11":"product_cat-vibrations-fr","12":"pa_air-quality-1-pm-2-5-pm-10-fr","13":"pa_air-quality-1-vitesse-air","14":"pa_noise-analyse-frequentielle","15":"pa_noise-station-de-mesure-autonome","16":"pa_vibration-station-de-mesure-autonome","18":"first","19":"instock","20":"shipping-taxable","21":"purchasable","22":"product-type-simple"},"brands":[{"id":1049,"name":"Casella Solutions","slug":"casella-solutions"}],"_links":{"self":[{"href":"https:\/\/hse.isi-be.eu\/fr\/wp-json\/wp\/v2\/product\/236587"}],"collection":[{"href":"https:\/\/hse.isi-be.eu\/fr\/wp-json\/wp\/v2\/product"}],"about":[{"href":"https:\/\/hse.isi-be.eu\/fr\/wp-json\/wp\/v2\/types\/product"}],"wp:featuredmedia":[{"embeddable":true,"href":"https:\/\/hse.isi-be.eu\/fr\/wp-json\/wp\/v2\/media\/236589"}],"wp:attachment":[{"href":"https:\/\/hse.isi-be.eu\/fr\/wp-json\/wp\/v2\/media?parent=236587"}],"wp:term":[{"taxonomy":"pwb-brand","embeddable":true,"href":"https:\/\/hse.isi-be.eu\/fr\/wp-json\/wp\/v2\/pwb-brand?post=236587"},{"taxonomy":"product_cat","embeddable":true,"href":"https:\/\/hse.isi-be.eu\/fr\/wp-json\/wp\/v2\/product_cat?post=236587"},{"taxonomy":"product_tag","embeddable":true,"href":"https:\/\/hse.isi-be.eu\/fr\/wp-json\/wp\/v2\/product_tag?post=236587"}],"curies":[{"name":"wp","href":"https:\/\/api.w.org\/{rel}","templated":true}]}}