{"id":236599,"date":"2025-10-03T12:14:58","date_gmt":"2025-10-03T11:15:00","guid":{"rendered":"https:\/\/hse.isi-be.eu\/?post_type=product&#038;p=236599"},"modified":"2025-10-03T13:51:52","modified_gmt":"2025-10-03T12:51:52","slug":"omniwear-dosimetre-acoustique-personnel-leger","status":"publish","type":"product","link":"https:\/\/hse.isi-be.eu\/fr\/bruit\/dosimetres-de-bruit\/omniwear-dosimetre-acoustique-personnel-leger\/","title":{"rendered":"Dosim\u00e8tre de bruit OmniWear\u2122"},"content":{"rendered":"<p>[et_pb_section fb_built=\u00a0\u00bb1&Prime; _builder_version=\u00a0\u00bb4.16&Prime; background_color=\u00a0\u00bb#ffffff\u00a0\u00bb background_enable_image=\u00a0\u00bboff\u00a0\u00bb custom_padding=\u00a0\u00bb0px||0px||false|false\u00a0\u00bb global_colors_info=\u00a0\u00bb{}\u00a0\u00bb][et_pb_row _builder_version=\u00a0\u00bb4.16&Prime; background_size=\u00a0\u00bbinitial\u00a0\u00bb background_position=\u00a0\u00bbtop_left\u00a0\u00bb background_repeat=\u00a0\u00bbrepeat\u00a0\u00bb width=\u00a0\u00bb100%\u00a0\u00bb custom_padding=\u00a0\u00bb0px||0px||false|false\u00a0\u00bb global_colors_info=\u00a0\u00bb{}\u00a0\u00bb][et_pb_column type=\u00a0\u00bb4_4&Prime; _builder_version=\u00a0\u00bb4.16&Prime; custom_padding=\u00a0\u00bb|||\u00a0\u00bb hover_enabled=\u00a0\u00bb0&Prime; global_colors_info=\u00a0\u00bb{}\u00a0\u00bb custom_padding__hover=\u00a0\u00bb|||\u00a0\u00bb sticky_enabled=\u00a0\u00bb0&Prime;][et_pb_wc_breadcrumb _builder_version=\u00a0\u00bb4.16&Prime; global_colors_info=\u00a0\u00bb{}\u00a0\u00bb][\/et_pb_wc_breadcrumb][\/et_pb_column][\/et_pb_row][et_pb_row column_structure=\u00a0\u00bb1_2,1_2&Prime; _builder_version=\u00a0\u00bb4.16&Prime; background_size=\u00a0\u00bbinitial\u00a0\u00bb background_position=\u00a0\u00bbtop_left\u00a0\u00bb background_repeat=\u00a0\u00bbrepeat\u00a0\u00bb width=\u00a0\u00bb100%\u00a0\u00bb custom_padding=\u00a0\u00bb0px||||false|false\u00a0\u00bb global_colors_info=\u00a0\u00bb{}\u00a0\u00bb][et_pb_column type=\u00a0\u00bb1_2&Prime; _builder_version=\u00a0\u00bb4.16&Prime; custom_padding=\u00a0\u00bb|||\u00a0\u00bb global_colors_info=\u00a0\u00bb{}\u00a0\u00bb custom_padding__hover=\u00a0\u00bb|||\u00a0\u00bb][et_pb_wc_images _builder_version=\u00a0\u00bb4.24.2&Prime; _module_preset=\u00a0\u00bbdefault\u00a0\u00bb global_colors_info=\u00a0\u00bb{}\u00a0\u00bb][\/et_pb_wc_images][\/et_pb_column][et_pb_column type=\u00a0\u00bb1_2&Prime; _builder_version=\u00a0\u00bb4.16&Prime; custom_padding=\u00a0\u00bb|||\u00a0\u00bb global_colors_info=\u00a0\u00bb{}\u00a0\u00bb custom_padding__hover=\u00a0\u00bb|||\u00a0\u00bb][et_pb_wc_title _builder_version=\u00a0\u00bb4.27.0&Prime; hover_enabled=\u00a0\u00bb0&Prime; global_colors_info=\u00a0\u00bb{}\u00a0\u00bb sticky_enabled=\u00a0\u00bb0&Prime;][\/et_pb_wc_title][et_pb_wc_description _builder_version=\u00a0\u00bb4.27.0&Prime; hover_enabled=\u00a0\u00bb0&Prime; global_colors_info=\u00a0\u00bb{}\u00a0\u00bb product=\u00a0\u00bb236598&Prime; sticky_enabled=\u00a0\u00bb0&Prime;][\/et_pb_wc_description][et_pb_button button_url=\u00a0\u00bbhttp:\/\/phse.isi-be.eu\/get-a-quote-or-rent-now\/\/p\u00a0\u00bb button_text=\u00a0\u00bbDemandez un Devis une Offre de Location\u00a0\u00bb _builder_version=\u00a0\u00bb4.27.0&Prime; _module_preset=\u00a0\u00bbdefault\u00a0\u00bb global_colors_info=\u00a0\u00bb{}\u00a0\u00bb][\/et_pb_button][et_pb_wc_meta _builder_version=\u00a0\u00bb4.16&Prime; global_colors_info=\u00a0\u00bb{}\u00a0\u00bb][\/et_pb_wc_meta][\/et_pb_column][\/et_pb_row][et_pb_row _builder_version=\u00a0\u00bb4.16&Prime; background_size=\u00a0\u00bbinitial\u00a0\u00bb background_position=\u00a0\u00bbtop_left\u00a0\u00bb background_repeat=\u00a0\u00bbrepeat\u00a0\u00bb width=\u00a0\u00bb100%\u00a0\u00bb hover_enabled=\u00a0\u00bb0&Prime; saved_tabs=\u00a0\u00bball\u00a0\u00bb collapsed=\u00a0\u00bboff\u00a0\u00bb global_colors_info=\u00a0\u00bb{}\u00a0\u00bb sticky_enabled=\u00a0\u00bb0&Prime;][et_pb_column type=\u00a0\u00bb4_4&Prime; _builder_version=\u00a0\u00bb4.16&Prime; custom_padding=\u00a0\u00bb|||\u00a0\u00bb global_colors_info=\u00a0\u00bb{}\u00a0\u00bb custom_padding__hover=\u00a0\u00bb|||\u00a0\u00bb][et_pb_tabs active_tab_background_color=\u00a0\u00bb#f25a00&Prime; inactive_tab_background_color=\u00a0\u00bb#0f4c81&Prime; active_tab_text_color=\u00a0\u00bb#ffffff\u00a0\u00bb admin_label=\u00a0\u00bbTabs\u00a0\u00bb _builder_version=\u00a0\u00bb4.27.0&Prime; tab_text_color=\u00a0\u00bb#ffffff\u00a0\u00bb tab_font=\u00a0\u00bb|700|||||||\u00a0\u00bb hover_enabled=\u00a0\u00bb0&Prime; global_colors_info=\u00a0\u00bb{}\u00a0\u00bb sticky_enabled=\u00a0\u00bb0&Prime;][et_pb_tab title=\u00a0\u00bbDescription\u00a0\u00bb _builder_version=\u00a0\u00bb4.27.0&Prime; hover_enabled=\u00a0\u00bb0&Prime; global_colors_info=\u00a0\u00bb{}\u00a0\u00bb sticky_enabled=\u00a0\u00bb0&Prime;]<\/p>\n<p><span style=\"text-decoration: underline;\"><strong>Contr\u00f4le de plusieurs appareils :<\/strong><\/span><br \/>L&rsquo;application permet de contr\u00f4ler et de surveiller plusieurs appareils sans interruption pour l&rsquo;utilisateur. Elle permet d&rsquo;acc\u00e9der \u00e0 la collecte de donn\u00e9es en temps r\u00e9el et de g\u00e9n\u00e9rer des rapports apr\u00e8s chaque analyse. Un rapport pour chaque analyse peut \u00eatre t\u00e9l\u00e9charg\u00e9 depuis chaque appareil, consult\u00e9 sur l&rsquo;application, puis partag\u00e9 au format PDF. Chaque application peut surveiller jusqu&rsquo;\u00e0 20 appareils simultan\u00e9ment, et plusieurs applications peuvent surveiller et contr\u00f4ler \u00e0 distance le m\u00eame ensemble de dosim\u00e8tres de bruit TSI OmniWear\u2122 via la connectivit\u00e9 Bluetooth\u00ae.<\/p>\n<p><span style=\"text-decoration: underline;\"><strong>Application facile \u00e0 utiliser\u00a0:<\/strong><\/span><br \/>L&rsquo;application TSI OmniWear Noise\u2122 Dosimeter fonctionne sur un appareil mobile pour configurer et param\u00e9trer vos dosim\u00e8tres TSI OmniWear Noise\u2122 et les d\u00e9ployer dans votre environnement de travail, quelle que soit sa taille. L&rsquo;application TSI OmniWear Noise\u2122 Dosimeter est compatible avec les appareils iOS ou Android et est disponible gratuitement sur l&rsquo;Apple Store et le Google Play Store.<\/p>\n<p><span style=\"text-decoration: underline;\"><strong>Rapports intuitifs\u00a0:<\/strong><\/span><br \/>La fonction de rapport est con\u00e7ue pour \u00eatre tr\u00e8s facile \u00e0 utiliser et id\u00e9ale pour les utilisateurs ayant une exp\u00e9rience limit\u00e9e des dosim\u00e8tres de bruit. Toutes les donn\u00e9es d&rsquo;analyse sont collect\u00e9es et organis\u00e9es dans des rapports conviviaux affichant les principaux param\u00e8tres de dose de bruit, ainsi que les informations de configuration et d&rsquo;\u00e9talonnage. L&rsquo;historique des donn\u00e9es de bruit est affich\u00e9 pour les r\u00e9sultats. Les rapports sont au format PDF pour un partage facile avec les parties prenantes.<\/p>\n<p>[\/et_pb_tab][et_pb_tab title=\u00a0\u00bbVid\u00e9o du produit\u00a0\u00bb _builder_version=\u00a0\u00bb4.27.0&Prime; hover_enabled=\u00a0\u00bb0&Prime; global_colors_info=\u00a0\u00bb{}\u00a0\u00bb sticky_enabled=\u00a0\u00bb0&Prime;]<\/p>\n<p><iframe loading=\"lazy\" title=\"OmniWear Noise\u2122 Dosimeter - Product Overview\" width=\"1080\" height=\"608\" src=\"https:\/\/www.youtube.com\/embed\/oof0Hpy0MJE?feature=oembed&#038;enablejsapi=1&#038;origin=https:\/\/hse.isi-be.eu\"  allow=\"accelerometer; autoplay; clipboard-write; encrypted-media; gyroscope; picture-in-picture; web-share\" referrerpolicy=\"strict-origin-when-cross-origin\" allowfullscreen><\/iframe><\/p>\n<p>Video Omniwear TSI <a href=\"https:\/\/vimeo.com\/user92741233\" target=\"_blank\" rel=\"noopener\">Casella<\/a>.<\/p>\n<p>[\/et_pb_tab][\/et_pb_tabs][\/et_pb_column][\/et_pb_row][\/et_pb_section]<\/p>\n","protected":false},"excerpt":{"rendered":"<p>Le dosim\u00e8tre TSI OmniWear Noise\u2122 est un dosim\u00e8tre de bruit personnel l\u00e9ger et facile \u00e0 utiliser, con\u00e7u pour les professionnels de la sant\u00e9 et de la s\u00e9curit\u00e9 qui recherchent une solution pratique pour la surveillance de l&rsquo;exposition individuelle au bruit. Avec une faible charge corporelle, une int\u00e9gration intuitive \u00e0 l&rsquo;application et des fonctionnalit\u00e9s multi-utilisateurs. Adapt\u00e9 \u00e0 une utilisation en int\u00e9rieur comme en ext\u00e9rieur (IP65), le dosim\u00e8tre OmniWear Noise\u2122 garantit des mesures discr\u00e8tes dans tous les environnements. Pilot\u00e9 par une application intuitive, il mesure tous les param\u00e8tres cl\u00e9s du bruit en milieu de travail et est conforme aux normes internationales en mati\u00e8re de dosim\u00e8tres de bruit. Gr\u00e2ce \u00e0 sa simplicit\u00e9 d&rsquo;utilisation et \u00e0 sa rapidit\u00e9 de d\u00e9ploiement, le dosim\u00e8tre OmniWear Noise\u2122 rend la surveillance du bruit en milieu de travail accessible \u00e0 un plus large \u00e9ventail de professionnels, sans complexit\u00e9 ni co\u00fbts \u00e9lev\u00e9s.<\/p>\n<p><strong><span style=\"text-decoration: underline;\">Caract\u00e9ristiques principales\u00a0:<\/span><\/strong><\/p>\n<p>Conception discr\u00e8te, robuste et r\u00e9sistante \u00e0 l&rsquo;eau\u00a0: Con\u00e7u pour r\u00e9sister aux environnements de construction et de fabrication difficiles. Dot\u00e9 d&rsquo;un microphone MEMS et d&rsquo;un indice de protection IP65, il convient \u00e0 une utilisation en int\u00e9rieur comme en ext\u00e9rieur.<br \/>\nCompact et l\u00e9ger, faible encombrement\u00a0: Son design l\u00e9ger permet au porteur de l&rsquo;oublier facilement. Facile \u00e0 installer dans sa zone d&rsquo;\u00e9coute, il est conforme \u00e0 la norme CEI 61252 relative aux dosim\u00e8tres de bruit.<br \/>\nAutonomie prolong\u00e9e\u00a0: 16\u00a0heures d&rsquo;autonomie pour une mesure ininterrompue des donn\u00e9es tout au long de la journ\u00e9e de travail.<br \/>\nCalibrage rapide et facile sur le terrain\u00a0: Le calibrage intuitif minimise les d\u00e9lais de d\u00e9ploiement et garantit la pr\u00e9cision de toutes les donn\u00e9es enregistr\u00e9es.<br \/>\nCharge sans fil modulaire et rapide\u00a0: Charge compl\u00e8te en seulement 6\u00a0heures gr\u00e2ce \u00e0 un simple chargeur modulaire.<br \/>\nLes stations de charge s&rsquo;adaptent aux besoins de l&rsquo;utilisateur, permettant de relier de 2 \u00e0 10\u00a0chargeurs \u00e0 une seule alimentation.<\/p>\n<p><a href=\"https:\/\/hse.isi-be.eu\/wp-content\/uploads\/2025\/10\/OmniWear-Spec-Sheet_A4_isi.pdf\" target=\"_blank\" rel=\"noopener\"><img loading=\"lazy\" decoding=\"async\" class=\"alignnone wp-image-234108\" src=\"https:\/\/hse.isi-be.eu\/wp-content\/uploads\/2020\/04\/Icon-Datasheet.png\" alt=\"\" width=\"33\" height=\"33\" srcset=\"https:\/\/hse.isi-be.eu\/wp-content\/uploads\/2020\/04\/Icon-Datasheet.png 150w, https:\/\/hse.isi-be.eu\/wp-content\/uploads\/2020\/04\/Icon-Datasheet-100x100.png 100w\" sizes=\"(max-width: 33px) 100vw, 33px\" \/>Product Datasheet<\/a><\/p>\n","protected":false},"featured_media":236603,"template":"","meta":{"_et_pb_use_builder":"on","_et_pb_old_content":"<span style=\"text-decoration: underline\"><strong>Contr\u00f4le de plusieurs appareils :<\/strong><\/span>\r\nL'application permet de contr\u00f4ler et de surveiller plusieurs appareils sans interruption pour l'utilisateur. Elle permet d'acc\u00e9der \u00e0 la collecte de donn\u00e9es en temps r\u00e9el et de g\u00e9n\u00e9rer des rapports apr\u00e8s chaque analyse. Un rapport pour chaque analyse peut \u00eatre t\u00e9l\u00e9charg\u00e9 depuis chaque appareil, consult\u00e9 sur l'application, puis partag\u00e9 au format PDF. Chaque application peut surveiller jusqu'\u00e0 20 appareils simultan\u00e9ment, et plusieurs applications peuvent surveiller et contr\u00f4ler \u00e0 distance le m\u00eame ensemble de dosim\u00e8tres de bruit TSI OmniWear\u2122 via la connectivit\u00e9 Bluetooth\u00ae.\r\n\r\n<span style=\"text-decoration: underline\"><strong>Application facile \u00e0 utiliser\u00a0:<\/strong><\/span>\r\nL'application TSI OmniWear Noise\u2122 Dosimeter fonctionne sur un appareil mobile pour configurer et param\u00e9trer vos dosim\u00e8tres TSI OmniWear Noise\u2122 et les d\u00e9ployer dans votre environnement de travail, quelle que soit sa taille. L'application TSI OmniWear Noise\u2122 Dosimeter est compatible avec les appareils iOS ou Android et est disponible gratuitement sur l'Apple Store et le Google Play Store.\r\n\r\n<span style=\"text-decoration: underline\"><strong>Rapports intuitifs\u00a0:<\/strong><\/span>\r\nLa fonction de rapport est con\u00e7ue pour \u00eatre tr\u00e8s facile \u00e0 utiliser et id\u00e9ale pour les utilisateurs ayant une exp\u00e9rience limit\u00e9e des dosim\u00e8tres de bruit. Toutes les donn\u00e9es d'analyse sont collect\u00e9es et organis\u00e9es dans des rapports conviviaux affichant les principaux param\u00e8tres de dose de bruit, ainsi que les informations de configuration et d'\u00e9talonnage. L'historique des donn\u00e9es de bruit est affich\u00e9 pour les r\u00e9sultats. Les rapports sont au format PDF pour un partage facile avec les parties prenantes.","_et_gb_content_width":"","inline_featured_image":false},"pwb-brand":[1049],"product_cat":[1092,1095],"product_tag":[],"class_list":{"0":"post-236599","1":"product","2":"type-product","3":"status-publish","4":"has-post-thumbnail","6":"pwb-brand-casella-solutions","7":"product_cat-bruit","8":"product_cat-dosimetres-de-bruit","10":"first","11":"instock","12":"shipping-taxable","13":"purchasable","14":"product-type-simple"},"brands":[{"id":1049,"name":"Casella Solutions","slug":"casella-solutions"}],"_links":{"self":[{"href":"https:\/\/hse.isi-be.eu\/fr\/wp-json\/wp\/v2\/product\/236599"}],"collection":[{"href":"https:\/\/hse.isi-be.eu\/fr\/wp-json\/wp\/v2\/product"}],"about":[{"href":"https:\/\/hse.isi-be.eu\/fr\/wp-json\/wp\/v2\/types\/product"}],"wp:featuredmedia":[{"embeddable":true,"href":"https:\/\/hse.isi-be.eu\/fr\/wp-json\/wp\/v2\/media\/236603"}],"wp:attachment":[{"href":"https:\/\/hse.isi-be.eu\/fr\/wp-json\/wp\/v2\/media?parent=236599"}],"wp:term":[{"taxonomy":"pwb-brand","embeddable":true,"href":"https:\/\/hse.isi-be.eu\/fr\/wp-json\/wp\/v2\/pwb-brand?post=236599"},{"taxonomy":"product_cat","embeddable":true,"href":"https:\/\/hse.isi-be.eu\/fr\/wp-json\/wp\/v2\/product_cat?post=236599"},{"taxonomy":"product_tag","embeddable":true,"href":"https:\/\/hse.isi-be.eu\/fr\/wp-json\/wp\/v2\/product_tag?post=236599"}],"curies":[{"name":"wp","href":"https:\/\/api.w.org\/{rel}","templated":true}]}}